{"id":5342,"date":"2019-12-04T11:22:57","date_gmt":"2019-12-04T10:22:57","guid":{"rendered":"https:\/\/apimat.ch\/?page_id=5342"},"modified":"2019-12-31T12:55:15","modified_gmt":"2019-12-31T11:55:15","slug":"blog-archive","status":"publish","type":"page","link":"https:\/\/apimat.ch\/de\/blog-archive\/","title":{"rendered":"Blog"},"content":{"rendered":"<div id='av_section_1'  class='avia-section av-av_section-bbedcb0fc457d4319fdb5e628441284c main_color avia-section-default avia-no-border-styling  avia-builder-el-0  avia-builder-el-no-sibling  avia-bg-style-scroll container_wrap fullsize'  ><div class='container av-section-cont-open' ><main  role=\"main\" itemprop=\"mainContentOfPage\"  class='template-page content  av-content-full alpha units'><div class='post-entry post-entry-type-page post-entry-5342'><div class='entry-content-wrapper clearfix'>\n<div  data-slideshow-options=\"{&quot;animation&quot;:&quot;fade&quot;,&quot;autoplay&quot;:false,&quot;loop_autoplay&quot;:&quot;once&quot;,&quot;interval&quot;:5,&quot;loop_manual&quot;:&quot;manual-endless&quot;,&quot;autoplay_stopper&quot;:false,&quot;noNavigation&quot;:false,&quot;show_slide_delay&quot;:90}\" class='avia-content-slider avia-content-grid-active avia-content-slider1 avia-content-slider-odd  avia-builder-el-1  avia-builder-el-no-sibling  av-slideshow-ui av-control-default   av-no-slider-navigation av-slideshow-manual av-loop-once av-loop-manual-endless '  itemscope=\"itemscope\" itemtype=\"https:\/\/schema.org\/Blog\" ><div class=\"avia-content-slider-inner\"><div class=\"slide-entry-wrap\"><article class='slide-entry flex_column  post-entry post-entry-5318 slide-entry-overview slide-loop-1 slide-parity-odd  av_one_third first real-thumbnail posttype-post post-format-standard'  itemscope=\"itemscope\" itemtype=\"https:\/\/schema.org\/CreativeWork\" ><a href='https:\/\/apimat.ch\/de\/notre-ruche-dadant-carree-de\/' data-rel='slide-1' class='slide-image' title='Notre ruche Dadant carr\u00e9e (DE)'><img decoding=\"async\" fetchpriority=\"high\" width=\"495\" height=\"400\" src=\"https:\/\/apimat.ch\/wp-content\/uploads\/2019\/12\/qui-sommes-nous-22-495x400.jpg\" class=\"wp-image-5159 avia-img-lazy-loading-not-5159 attachment-portfolio size-portfolio wp-post-image\" alt=\"\" \/><\/a><div class=\"slide-content\"><header class=\"entry-content-header\"><span class=\"blog-categories minor-meta\"><a href=\"https:\/\/apimat.ch\/de\/category\/imkertipps\/\" rel=\"tag\">Imkertipps<\/a> <\/span><h3 class='slide-entry-title entry-title '  itemprop=\"headline\" ><a href='https:\/\/apimat.ch\/de\/notre-ruche-dadant-carree-de\/' title='Notre ruche Dadant carr\u00e9e (DE)'>Notre ruche Dadant carr\u00e9e (DE)<\/a><\/h3><span class=\"av-vertical-delimiter\"><\/span><\/header><div class='slide-entry-excerpt entry-content'  itemprop=\"text\" >Voici notre ruche Dadant 10 cadres.\r\nL\u00e9g\u00e8re, pratique et \u00e9cologique avec une excellente qualit\u00e9 du bois. Vous trouverez tout ce qu'il y a de mieux pour l'apiculteur sur notre website...<\/div><\/div><footer class=\"entry-footer\"><div class=\"slide-meta\"><time class='slide-meta-time updated'  itemprop=\"datePublished\" datetime=\"2018-06-14T16:58:43+02:00\" >14 Juni 2018<\/time><\/div><\/footer><span class='hidden'>\n\t\t\t\t<span class='av-structured-data'  itemprop=\"image\" itemscope=\"itemscope\" itemtype=\"https:\/\/schema.org\/ImageObject\" >\n\t\t\t\t\t\t<span itemprop='url'>https:\/\/apimat.ch\/wp-content\/uploads\/2019\/12\/qui-sommes-nous-22.jpg<\/span>\n\t\t\t\t\t\t<span itemprop='height'>501<\/span>\n\t\t\t\t\t\t<span itemprop='width'>1000<\/span>\n\t\t\t\t<\/span>\n\t\t\t\t<span class='av-structured-data'  itemprop=\"publisher\" itemtype=\"https:\/\/schema.org\/Organization\" itemscope=\"itemscope\" >\n\t\t\t\t\t\t<span itemprop='name'>Paolo Paolo<\/span>\n\t\t\t\t\t\t<span itemprop='logo' itemscope itemtype='https:\/\/schema.org\/ImageObject'>\n\t\t\t\t\t\t\t<span itemprop='url'>https:\/\/apimat.ch\/wp-content\/uploads\/2020\/12\/APIMAT-logo.png<\/span>\n\t\t\t\t\t\t<\/span>\n\t\t\t\t<\/span><span class='av-structured-data'  itemprop=\"author\" itemscope=\"itemscope\" itemtype=\"https:\/\/schema.org\/Person\" ><span itemprop='name'>Paolo Paolo<\/span><\/span><span class='av-structured-data'  itemprop=\"datePublished\" datetime=\"2019-12-04T11:22:57+01:00\" >2018-06-14 16:58:43<\/span><span class='av-structured-data'  itemprop=\"dateModified\" itemtype=\"https:\/\/schema.org\/dateModified\" >2019-12-04 11:40:10<\/span><span class='av-structured-data'  itemprop=\"mainEntityOfPage\" itemtype=\"https:\/\/schema.org\/mainEntityOfPage\" ><span itemprop='name'>Notre ruche Dadant carr\u00e9e (DE)<\/span><\/span><\/span><\/article><article class='slide-entry flex_column  post-entry post-entry-5323 slide-entry-overview slide-loop-2 slide-parity-even  av_one_third  real-thumbnail posttype-post post-format-standard'  itemscope=\"itemscope\" itemtype=\"https:\/\/schema.org\/CreativeWork\" ><a href='https:\/\/apimat.ch\/de\/bons-souvenirs-au-printemps-2017-de\/' data-rel='slide-1' class='slide-image' title='Bons souvenirs au Printemps 2017 (DE)'><img decoding=\"async\" fetchpriority=\"high\" width=\"495\" height=\"400\" src=\"https:\/\/apimat.ch\/wp-content\/uploads\/2019\/12\/achat-des-nucleis-16-495x400.jpg\" class=\"wp-image-5071 avia-img-lazy-loading-not-5071 attachment-portfolio size-portfolio wp-post-image\" alt=\"\" \/><\/a><div class=\"slide-content\"><header class=\"entry-content-header\"><span class=\"blog-categories minor-meta\"><a href=\"https:\/\/apimat.ch\/de\/category\/praxis-der-bienenzucht\/\" rel=\"tag\">Praxis der Bienenzucht<\/a> <\/span><h3 class='slide-entry-title entry-title '  itemprop=\"headline\" ><a href='https:\/\/apimat.ch\/de\/bons-souvenirs-au-printemps-2017-de\/' title='Bons souvenirs au Printemps 2017 (DE)'>Bons souvenirs au Printemps 2017 (DE)<\/a><\/h3><span class=\"av-vertical-delimiter\"><\/span><\/header><div class='slide-entry-excerpt entry-content'  itemprop=\"text\" >Lorem ipsum dolor sit amet, consectetur adipiscing elit. Mauris enim nisi, suscipit id volutpat vel, rutrum sit amet lacus. Duis tristique commodo risus ac lobortis. Ut semper metus ante...<\/div><\/div><footer class=\"entry-footer\"><div class=\"slide-meta\"><time class='slide-meta-time updated'  itemprop=\"datePublished\" datetime=\"2018-06-10T16:05:53+02:00\" >10 Juni 2018<\/time><\/div><\/footer><span class='hidden'>\n\t\t\t\t<span class='av-structured-data'  itemprop=\"image\" itemscope=\"itemscope\" itemtype=\"https:\/\/schema.org\/ImageObject\" >\n\t\t\t\t\t\t<span itemprop='url'>https:\/\/apimat.ch\/wp-content\/uploads\/2019\/12\/achat-des-nucleis-16.jpg<\/span>\n\t\t\t\t\t\t<span itemprop='height'>664<\/span>\n\t\t\t\t\t\t<span itemprop='width'>1000<\/span>\n\t\t\t\t<\/span>\n\t\t\t\t<span class='av-structured-data'  itemprop=\"publisher\" itemtype=\"https:\/\/schema.org\/Organization\" itemscope=\"itemscope\" >\n\t\t\t\t\t\t<span itemprop='name'>Paolo Paolo<\/span>\n\t\t\t\t\t\t<span itemprop='logo' itemscope itemtype='https:\/\/schema.org\/ImageObject'>\n\t\t\t\t\t\t\t<span itemprop='url'>https:\/\/apimat.ch\/wp-content\/uploads\/2020\/12\/APIMAT-logo.png<\/span>\n\t\t\t\t\t\t<\/span>\n\t\t\t\t<\/span><span class='av-structured-data'  itemprop=\"author\" itemscope=\"itemscope\" itemtype=\"https:\/\/schema.org\/Person\" ><span itemprop='name'>Paolo Paolo<\/span><\/span><span class='av-structured-data'  itemprop=\"datePublished\" datetime=\"2019-12-04T11:22:57+01:00\" >2018-06-10 16:05:53<\/span><span class='av-structured-data'  itemprop=\"dateModified\" itemtype=\"https:\/\/schema.org\/dateModified\" >2020-01-02 20:34:26<\/span><span class='av-structured-data'  itemprop=\"mainEntityOfPage\" itemtype=\"https:\/\/schema.org\/mainEntityOfPage\" ><span itemprop='name'>Bons souvenirs au Printemps 2017 (DE)<\/span><\/span><\/span><\/article><article class='slide-entry flex_column  post-entry post-entry-5331 slide-entry-overview slide-loop-3 slide-parity-odd  post-entry-last  av_one_third  real-thumbnail posttype-post post-format-standard'  itemscope=\"itemscope\" itemtype=\"https:\/\/schema.org\/CreativeWork\" ><a href='https:\/\/apimat.ch\/de\/lutilite-des-abeilles-pour-lhomme-de\/' data-rel='slide-1' class='slide-image' title='L\u2019utilit\u00e9 des abeilles pour l\u2019homme (DE)'><img decoding=\"async\" fetchpriority=\"high\" width=\"495\" height=\"400\" src=\"https:\/\/apimat.ch\/wp-content\/uploads\/2019\/12\/achat-des-nucleis-14-495x400.jpg\" class=\"wp-image-5067 avia-img-lazy-loading-not-5067 attachment-portfolio size-portfolio wp-post-image\" alt=\"\" \/><\/a><div class=\"slide-content\"><header class=\"entry-content-header\"><span class=\"blog-categories minor-meta\"><a href=\"https:\/\/apimat.ch\/de\/category\/praxis-der-bienenzucht\/\" rel=\"tag\">Praxis der Bienenzucht<\/a> <\/span><h3 class='slide-entry-title entry-title '  itemprop=\"headline\" ><a href='https:\/\/apimat.ch\/de\/lutilite-des-abeilles-pour-lhomme-de\/' title='L\u2019utilit\u00e9 des abeilles pour l\u2019homme (DE)'>L\u2019utilit\u00e9 des abeilles pour l\u2019homme (DE)<\/a><\/h3><span class=\"av-vertical-delimiter\"><\/span><\/header><div class='slide-entry-excerpt entry-content'  itemprop=\"text\" >Pour nous, la pollinisation par les abeilles est d\u2019une importance capitale. Gr\u00e2ce \u00e0 elles, nous pouvons consommer des aliments riches en vitamines et profiter des fleurs...<\/div><\/div><footer class=\"entry-footer\"><div class=\"slide-meta\"><time class='slide-meta-time updated'  itemprop=\"datePublished\" datetime=\"2017-05-08T09:28:27+02:00\" >8 Mai 2017<\/time><\/div><\/footer><span class='hidden'>\n\t\t\t\t<span class='av-structured-data'  itemprop=\"image\" itemscope=\"itemscope\" itemtype=\"https:\/\/schema.org\/ImageObject\" >\n\t\t\t\t\t\t<span itemprop='url'>https:\/\/apimat.ch\/wp-content\/uploads\/2019\/12\/achat-des-nucleis-14.jpg<\/span>\n\t\t\t\t\t\t<span itemprop='height'>533<\/span>\n\t\t\t\t\t\t<span itemprop='width'>1000<\/span>\n\t\t\t\t<\/span>\n\t\t\t\t<span class='av-structured-data'  itemprop=\"publisher\" itemtype=\"https:\/\/schema.org\/Organization\" itemscope=\"itemscope\" >\n\t\t\t\t\t\t<span itemprop='name'>Paolo Paolo<\/span>\n\t\t\t\t\t\t<span itemprop='logo' itemscope itemtype='https:\/\/schema.org\/ImageObject'>\n\t\t\t\t\t\t\t<span itemprop='url'>https:\/\/apimat.ch\/wp-content\/uploads\/2020\/12\/APIMAT-logo.png<\/span>\n\t\t\t\t\t\t<\/span>\n\t\t\t\t<\/span><span class='av-structured-data'  itemprop=\"author\" itemscope=\"itemscope\" itemtype=\"https:\/\/schema.org\/Person\" ><span itemprop='name'>Paolo Paolo<\/span><\/span><span class='av-structured-data'  itemprop=\"datePublished\" datetime=\"2019-12-04T11:22:57+01:00\" >2017-05-08 09:28:27<\/span><span class='av-structured-data'  itemprop=\"dateModified\" itemtype=\"https:\/\/schema.org\/dateModified\" >2019-12-04 11:38:22<\/span><span class='av-structured-data'  itemprop=\"mainEntityOfPage\" itemtype=\"https:\/\/schema.org\/mainEntityOfPage\" ><span itemprop='name'>L\u2019utilit\u00e9 des abeilles pour l\u2019homme (DE)<\/span><\/span><\/span><\/article><\/div><\/div><\/div>\n\n","protected":false},"excerpt":{"rendered":"","protected":false},"author":19,"featured_media":0,"parent":0,"menu_order":0,"comment_status":"closed","ping_status":"closed","template":"","meta":{"_uf_show_specific_survey":0,"_uf_disable_surveys":false,"footnotes":""},"aioseo_notices":[],"_links":{"self":[{"href":"https:\/\/apimat.ch\/de\/wp-json\/wp\/v2\/pages\/5342"}],"collection":[{"href":"https:\/\/apimat.ch\/de\/wp-json\/wp\/v2\/pages"}],"about":[{"href":"https:\/\/apimat.ch\/de\/wp-json\/wp\/v2\/types\/page"}],"author":[{"embeddable":true,"href":"https:\/\/apimat.ch\/de\/wp-json\/wp\/v2\/users\/19"}],"replies":[{"embeddable":true,"href":"https:\/\/apimat.ch\/de\/wp-json\/wp\/v2\/comments?post=5342"}],"version-history":[{"count":4,"href":"https:\/\/apimat.ch\/de\/wp-json\/wp\/v2\/pages\/5342\/revisions"}],"predecessor-version":[{"id":7349,"href":"https:\/\/apimat.ch\/de\/wp-json\/wp\/v2\/pages\/5342\/revisions\/7349"}],"wp:attachment":[{"href":"https:\/\/apimat.ch\/de\/wp-json\/wp\/v2\/media?parent=5342"}],"curies":[{"name":"wp","href":"https:\/\/api.w.org\/{rel}","templated":true}]}}