{"id":10419,"date":"2020-11-28T09:03:04","date_gmt":"2020-12-02T12:25:24","guid":{"rendered":"https:\/\/apimat.ch\/?post_type=product&#038;p=10419"},"modified":"2023-11-15T19:38:52","modified_gmt":"2023-11-15T18:38:52","slug":"holzstuetze-zum-koeniginnenzucht-picking","status":"publish","type":"product","link":"https:\/\/apimat.ch\/de\/produit\/holzstuetze-zum-koeniginnenzucht-picking\/","title":{"rendered":"Briefkasten in Form eines &#8220;Chalet&#8221;-Bienenstocks"},"content":{"rendered":"<p>Briefkasten in Form eines &#8220;Chalet&#8221;-Bienenstocks<\/p>\n<p>Sein Dach l\u00e4sst sich hochklappen und bleibt mit 2 Befestigungen fixiert.<\/p>\n<p>Der Innenraum hat die Ma\u00dfe L 340 x B 265 x H 260 mm.<\/p>\n<p><strong>DIE PREISE SIND JE NACH MENGE DEGRESSIV.<\/strong><\/p>\n<p><strong>F\u00fcr weitere Informationen kontaktieren Sie mich bitte.<\/strong><\/p>\n<p><a href=\"mailto:info@apimat.ch\"><strong>info@apimat.ch<\/strong><\/a><\/p>\n<p><strong>Telefon: 076 213 80 33<\/strong><\/p>\n","protected":false},"excerpt":{"rendered":"<p>Briefkasten in Form eines &#8220;Chalet&#8221;-Bienenstocks Sein Dach l\u00e4sst sich hochklappen und bleibt mit 2 Befestigungen fixiert. Der Innenraum hat die Ma\u00dfe L 340 x B 265 x H 260 mm. DIE PREISE SIND JE NACH MENGE DEGRESSIV. F\u00fcr weitere Informationen kontaktieren Sie mich bitte. info@apimat.ch Telefon: 076 213 80 33<\/p>\n","protected":false},"featured_media":26968,"template":"","meta":{"_uf_show_specific_survey":0,"_uf_disable_surveys":false},"product_cat":[101,104],"product_tag":[],"aioseo_notices":[],"_links":{"self":[{"href":"https:\/\/apimat.ch\/de\/wp-json\/wp\/v2\/product\/10419"}],"collection":[{"href":"https:\/\/apimat.ch\/de\/wp-json\/wp\/v2\/product"}],"about":[{"href":"https:\/\/apimat.ch\/de\/wp-json\/wp\/v2\/types\/product"}],"wp:featuredmedia":[{"embeddable":true,"href":"https:\/\/apimat.ch\/de\/wp-json\/wp\/v2\/media\/26968"}],"wp:attachment":[{"href":"https:\/\/apimat.ch\/de\/wp-json\/wp\/v2\/media?parent=10419"}],"wp:term":[{"taxonomy":"product_cat","embeddable":true,"href":"https:\/\/apimat.ch\/de\/wp-json\/wp\/v2\/product_cat?post=10419"},{"taxonomy":"product_tag","embeddable":true,"href":"https:\/\/apimat.ch\/de\/wp-json\/wp\/v2\/product_tag?post=10419"}],"curies":[{"name":"wp","href":"https:\/\/api.w.org\/{rel}","templated":true}]}}