{"id":10455,"date":"2020-11-28T09:18:38","date_gmt":"2020-12-02T15:54:28","guid":{"rendered":"https:\/\/apimat.ch\/?post_type=product&#038;p=10455"},"modified":"2025-07-13T18:56:18","modified_gmt":"2025-07-13T16:56:18","slug":"honigraum-fuer-6-rahmen-halbhoelzern","status":"publish","type":"product","link":"https:\/\/apimat.ch\/de\/produit\/honigraum-fuer-6-rahmen-halbhoelzern\/","title":{"rendered":"Honigraum f\u00fcr 6 Rahmen &#8211; halbh\u00f6lzern &#8211; ohne Anstrich"},"content":{"rendered":"<p>Honigraum f\u00fcr 6 Rahmen &#8211; halbh\u00f6lzern<\/p>\n<p><strong>DIE PREISE SIND JE NACH MENGE DEGRESSIV.<\/strong><\/p>\n<p><strong>F\u00fcr weitere Informationen kontaktieren Sie mich bitte.<\/strong><\/p>\n<p><a href=\"mailto:info@apimat.ch\"><strong>info@apimat.ch<\/strong><\/a><\/p>\n<p><strong>Telefon: 076 213 80 33<\/strong><\/p>\n","protected":false},"excerpt":{"rendered":"<p>Honigraum f\u00fcr 6 Rahmen &#8211; halbh\u00f6lzern DIE PREISE SIND JE NACH MENGE DEGRESSIV. F\u00fcr weitere Informationen kontaktieren Sie mich bitte. info@apimat.ch Telefon: 076 213 80 33<\/p>\n","protected":false},"featured_media":9657,"template":"","meta":{"_uf_show_specific_survey":0,"_uf_disable_surveys":false},"product_cat":[102],"product_tag":[],"aioseo_notices":[],"_links":{"self":[{"href":"https:\/\/apimat.ch\/de\/wp-json\/wp\/v2\/product\/10455"}],"collection":[{"href":"https:\/\/apimat.ch\/de\/wp-json\/wp\/v2\/product"}],"about":[{"href":"https:\/\/apimat.ch\/de\/wp-json\/wp\/v2\/types\/product"}],"wp:featuredmedia":[{"embeddable":true,"href":"https:\/\/apimat.ch\/de\/wp-json\/wp\/v2\/media\/9657"}],"wp:attachment":[{"href":"https:\/\/apimat.ch\/de\/wp-json\/wp\/v2\/media?parent=10455"}],"wp:term":[{"taxonomy":"product_cat","embeddable":true,"href":"https:\/\/apimat.ch\/de\/wp-json\/wp\/v2\/product_cat?post=10455"},{"taxonomy":"product_tag","embeddable":true,"href":"https:\/\/apimat.ch\/de\/wp-json\/wp\/v2\/product_tag?post=10455"}],"curies":[{"name":"wp","href":"https:\/\/api.w.org\/{rel}","templated":true}]}}