{"id":10482,"date":"2020-11-28T09:54:12","date_gmt":"2020-12-02T16:34:52","guid":{"rendered":"https:\/\/apimat.ch\/?post_type=product&#038;p=10482"},"modified":"2021-10-22T17:46:20","modified_gmt":"2021-10-22T15:46:20","slug":"rahmengestell-aus-edelstahl","status":"publish","type":"product","link":"https:\/\/apimat.ch\/de\/produit\/rahmengestell-aus-edelstahl\/","title":{"rendered":"Rahmenablage\/Halterung , Edelstahl"},"content":{"rendered":"<h3>Rahmenablage\/Halterung , Edelstahl + Edelstahldeckel f\u00fcr den Entdecklungsbeh\u00e4lter, damit er auf einen Tisch gestellt werden kann. 41 x 61cm.<\/h3>\n<p><strong>DIE PREISE SIND JE NACH MENGE DEGRESSIV.<\/strong><\/p>\n<p><strong>F\u00fcr weitere Informationen kontaktieren Sie mich bitte.<\/strong><\/p>\n<p><a href=\"mailto:info@apimat.ch\"><strong>info@apimat.ch<\/strong><\/a><\/p>\n<p><strong>Telefon: 076 213 80 33<\/strong><\/p>\n","protected":false},"excerpt":{"rendered":"<p>Rahmenablage\/Halterung , Edelstahl + Edelstahldeckel f\u00fcr den Entdecklungsbeh\u00e4lter, damit er auf einen Tisch gestellt werden kann. 41 x 61cm. DIE PREISE SIND JE NACH MENGE DEGRESSIV. F\u00fcr weitere Informationen kontaktieren Sie mich bitte. info@apimat.ch Telefon: 076 213 80 33<\/p>\n","protected":false},"featured_media":9675,"template":"","meta":{"_uf_show_specific_survey":0,"_uf_disable_surveys":false},"product_cat":[108],"product_tag":[],"aioseo_notices":[],"_links":{"self":[{"href":"https:\/\/apimat.ch\/de\/wp-json\/wp\/v2\/product\/10482"}],"collection":[{"href":"https:\/\/apimat.ch\/de\/wp-json\/wp\/v2\/product"}],"about":[{"href":"https:\/\/apimat.ch\/de\/wp-json\/wp\/v2\/types\/product"}],"wp:featuredmedia":[{"embeddable":true,"href":"https:\/\/apimat.ch\/de\/wp-json\/wp\/v2\/media\/9675"}],"wp:attachment":[{"href":"https:\/\/apimat.ch\/de\/wp-json\/wp\/v2\/media?parent=10482"}],"wp:term":[{"taxonomy":"product_cat","embeddable":true,"href":"https:\/\/apimat.ch\/de\/wp-json\/wp\/v2\/product_cat?post=10482"},{"taxonomy":"product_tag","embeddable":true,"href":"https:\/\/apimat.ch\/de\/wp-json\/wp\/v2\/product_tag?post=10482"}],"curies":[{"name":"wp","href":"https:\/\/api.w.org\/{rel}","templated":true}]}}