{"id":10485,"date":"2020-11-28T09:56:02","date_gmt":"2020-12-02T16:36:14","guid":{"rendered":"https:\/\/apimat.ch\/?post_type=product&#038;p=10485"},"modified":"2026-02-15T11:35:04","modified_gmt":"2026-02-15T10:35:04","slug":"elektronische-abfuellmaschine-smart-mit-drehtisch-oe-625-mm","status":"publish","type":"product","link":"https:\/\/apimat.ch\/de\/produit\/elektronische-abfuellmaschine-smart-mit-drehtisch-oe-625-mm\/","title":{"rendered":"Elektronische Abf\u00fcllmaschine SMART mit Drehtisch \u00f8 625 mm."},"content":{"rendered":"<p>Elektronische Abf\u00fcllmaschine SMART mit Drehtisch \u00f8 625 mm.<\/p>\n<p><strong>F\u00fcr weitere Informationen kontaktieren Sie mich bitte.<\/strong><\/p>\n<p><a href=\"mailto:info@apimat.ch\"><strong>info@apimat.ch<\/strong><\/a><\/p>\n<p><strong>Telefon: 076 213 80 33<\/strong><\/p>\n","protected":false},"excerpt":{"rendered":"<p>Elektronische Abf\u00fcllmaschine SMART mit Drehtisch \u00f8 625 mm. F\u00fcr weitere Informationen kontaktieren Sie mich bitte. info@apimat.ch Telefon: 076 213 80 33<\/p>\n","protected":false},"featured_media":10897,"template":"","meta":{"_uf_show_specific_survey":0,"_uf_disable_surveys":false},"product_cat":[1120,128],"product_tag":[],"aioseo_notices":[],"_links":{"self":[{"href":"https:\/\/apimat.ch\/de\/wp-json\/wp\/v2\/product\/10485"}],"collection":[{"href":"https:\/\/apimat.ch\/de\/wp-json\/wp\/v2\/product"}],"about":[{"href":"https:\/\/apimat.ch\/de\/wp-json\/wp\/v2\/types\/product"}],"wp:featuredmedia":[{"embeddable":true,"href":"https:\/\/apimat.ch\/de\/wp-json\/wp\/v2\/media\/10897"}],"wp:attachment":[{"href":"https:\/\/apimat.ch\/de\/wp-json\/wp\/v2\/media?parent=10485"}],"wp:term":[{"taxonomy":"product_cat","embeddable":true,"href":"https:\/\/apimat.ch\/de\/wp-json\/wp\/v2\/product_cat?post=10485"},{"taxonomy":"product_tag","embeddable":true,"href":"https:\/\/apimat.ch\/de\/wp-json\/wp\/v2\/product_tag?post=10485"}],"curies":[{"name":"wp","href":"https:\/\/api.w.org\/{rel}","templated":true}]}}