{"id":10495,"date":"2020-11-28T10:11:47","date_gmt":"2020-12-03T05:00:49","guid":{"rendered":"https:\/\/apimat.ch\/?post_type=product&#038;p=10495"},"modified":"2021-12-10T07:29:10","modified_gmt":"2021-12-10T06:29:10","slug":"entdecklungsmaschine-roll-jd136","status":"publish","type":"product","link":"https:\/\/apimat.ch\/de\/produit\/entdecklungsmaschine-roll-jd136\/","title":{"rendered":"Entdecklungsmaschine Roll JD136"},"content":{"rendered":"<p>Entdecklungsmaschine Roll JD136<\/p>\n<p>Die neue &#8220;ROLL&#8221;-Entdeckelungsmaschine wurde st\u00e4ndig verbessert, um ihre Effizienz und Effektivit\u00e4t zu steigern:<\/p>\n<p>&#8211; Die Tropfschale unter der Maschine besteht jetzt aus lebensmittelechtem Polyethylen, das robuster ist als sein Vorg\u00e4nger, aber etwas kleiner (600x400x170 mm).<br \/>\n&#8211; Die vier Beine sind mit Gummisto\u00dfd\u00e4mpfern ausgestattet, die f\u00fcr gr\u00f6\u00dfere Stabilit\u00e4t und rutschfesten Halt auf der Arbeitsfl\u00e4che sorgen.<br \/>\n&#8211; Die Schneidwalzen haben eine modifizierte Form, um die \u00d6ffnung des Deckels zu verbessern.<\/p>\n<p>&#8211; Am wichtigsten ist, dass wir jetzt eine Vereinfachung der ungeblockten Wabenbahn untersucht haben. Es ist nicht mehr notwendig, den Spezialhebel zu bet\u00e4tigen, der die unbedeckte Wabe auf der Auslaufstrecke nach vorne bewegt, sondern dies geschieht automatisch und m\u00fchelos mit demselben Hebel, der die Wabe nach unten gedr\u00fcckt hat. Auf diese Weise erreichen wir eine gute Reduzierung der Arbeitszeiten und eine Vereinfachung des Betriebsablaufs.<br \/>\n&#8211; Von nun an wird auch das lasergeschnittene &#8220;LEGA&#8221;-Logo auf der Maschine erscheinen. Dies garantiert dem Kunden die Sicherheit des Originalprodukts.<\/p>\n<p>&#8211; Dar\u00fcber hinaus ben\u00f6tigt er keine Stromversorgung.<\/p>\n<p>Auch erh\u00e4ltlich in den Versionen LANGSTROTH, BURKI CH, ZANDER, ZANDER SMALL und DNM.<\/p>\n<p><strong>F\u00fcr weitere Informationen kontaktieren Sie mich bitte.<\/strong><\/p>\n<p><a href=\"mailto:info@apimat.ch\"><strong>info@apimat.ch<\/strong><\/a><\/p>\n<p><strong>Telefon: 076 213 80 33<\/strong><\/p>\n","protected":false},"excerpt":{"rendered":"<p>Entdecklungsmaschine Roll JD136 Die neue &#8220;ROLL&#8221;-Entdeckelungsmaschine wurde st\u00e4ndig verbessert, um ihre Effizienz und Effektivit\u00e4t zu steigern: &#8211; Die Tropfschale unter der Maschine besteht jetzt aus lebensmittelechtem Polyethylen, das robuster ist als sein Vorg\u00e4nger, aber etwas kleiner (600x400x170 mm). &#8211; Die vier Beine sind mit Gummisto\u00dfd\u00e4mpfern ausgestattet, die f\u00fcr gr\u00f6\u00dfere Stabilit\u00e4t und rutschfesten Halt auf der [&hellip;]<\/p>\n","protected":false},"featured_media":9770,"template":"","meta":{"_uf_show_specific_survey":0,"_uf_disable_surveys":false},"product_cat":[1120,128],"product_tag":[],"aioseo_notices":[],"_links":{"self":[{"href":"https:\/\/apimat.ch\/de\/wp-json\/wp\/v2\/product\/10495"}],"collection":[{"href":"https:\/\/apimat.ch\/de\/wp-json\/wp\/v2\/product"}],"about":[{"href":"https:\/\/apimat.ch\/de\/wp-json\/wp\/v2\/types\/product"}],"wp:featuredmedia":[{"embeddable":true,"href":"https:\/\/apimat.ch\/de\/wp-json\/wp\/v2\/media\/9770"}],"wp:attachment":[{"href":"https:\/\/apimat.ch\/de\/wp-json\/wp\/v2\/media?parent=10495"}],"wp:term":[{"taxonomy":"product_cat","embeddable":true,"href":"https:\/\/apimat.ch\/de\/wp-json\/wp\/v2\/product_cat?post=10495"},{"taxonomy":"product_tag","embeddable":true,"href":"https:\/\/apimat.ch\/de\/wp-json\/wp\/v2\/product_tag?post=10495"}],"curies":[{"name":"wp","href":"https:\/\/api.w.org\/{rel}","templated":true}]}}