{"id":10499,"date":"2020-11-28T10:15:58","date_gmt":"2020-12-03T05:06:13","guid":{"rendered":"https:\/\/apimat.ch\/?post_type=product&#038;p=10499"},"modified":"2024-11-17T09:28:44","modified_gmt":"2024-11-17T08:28:44","slug":"professioneller-kaptarlift-kettenstapler-zweiradantrieb","status":"publish","type":"product","link":"https:\/\/apimat.ch\/de\/produit\/professioneller-kaptarlift-kettenstapler-zweiradantrieb\/","title":{"rendered":"Professioneller Kaptarlift Kettenstapler \/ Zweiradantrieb"},"content":{"rendered":"<p>Professioneller Kaptarlift Kettenstapler \/ Zweiradantrieb<\/p>\n<div class='avia-iframe-wrap'><iframe loading=\"lazy\" title=\"Kapt\u00e1rlift \/ Beehive lift Professional AWD - Short version\" width=\"1500\" height=\"844\" src=\"https:\/\/www.youtube.com\/embed\/GthrI4Kgrdo?start=14&#038;feature=oembed\" frameborder=\"0\" allow=\"accelerometer; autoplay; clipboard-write; encrypted-media; gyroscope; picture-in-picture; web-share\" referrerpolicy=\"strict-origin-when-cross-origin\" allowfullscreen><\/iframe><\/div>\n<p>&nbsp;<\/p>\n<div class='avia-iframe-wrap'><iframe loading=\"lazy\" title=\"Kaptarlift AWD Pro 2019\" width=\"1500\" height=\"844\" src=\"https:\/\/www.youtube.com\/embed\/FMy2-0tcb4g?feature=oembed\" frameborder=\"0\" allow=\"accelerometer; autoplay; clipboard-write; encrypted-media; gyroscope; picture-in-picture; web-share\" referrerpolicy=\"strict-origin-when-cross-origin\" allowfullscreen><\/iframe><\/div>\n<p>TECHNISCHE DATEN<\/p>\n<p>Allgemein<br \/>\nMaximale Abmessungen (bxpxh) cm 70 x 50 x 170<br \/>\nMaximales Gewicht, das gehoben werden kann kg 100<br \/>\nMaximal erreichbare H\u00f6he cm 107<br \/>\nH\u00f6chstgeschwindigkeit km\/h 6,5<br \/>\nAutonomie h 4<br \/>\nAufladezeit h 6<br \/>\nMaximale Abmessungen der Spannvorrichtung cm von 38 bis 70<br \/>\nRadgr\u00f6\u00dfe 15 \/ 6.00-6<br \/>\nGewicht kg 54<\/p>\n<p>Vorschubmotor<br \/>\nVersorgungsspannung V 24<br \/>\nAbsorption Maximum w 500<br \/>\nStromgrenze A 28 + &#8211; 1<br \/>\nSchutz V 20 + &#8211; 0,5<br \/>\nDrehzahlregler V 1 &#8211; 4<br \/>\nBemessungsstrom A 20<br \/>\nNenndrehzahl RPM 2500<br \/>\nLeistung W 500<br \/>\nAWD PROFESSIONELLER KAPTARLIFT MOTORISIERTER GABELSTAPLER<br \/>\nHebelarretierung, 100 kg Tragkraft, Antriebsr\u00e4der AWD \u00d8 350mm, f\u00fcr besseren Grip in allen Gel\u00e4ndeformen. Elektrische Version mit integrierten speziellen Lithiumbatterien und Batterieladeger\u00e4t, mit vollmotorisiertem Heben und Bewegen und einfachen Bedienelementen. Es handelt sich um eine au\u00dferordentliche Hilfe f\u00fcr den R\u00fccken des Imkers.<\/p>\n<p>Hubmotor<br \/>\nVersorgungsspannung V 24<br \/>\nAbsorption Maximum w 500<br \/>\nStromgrenze A 20 + &#8211; 1<br \/>\nSchutz V 20 + &#8211; 0,5<br \/>\nDrehzahlregler V 1 &#8211; 4<br \/>\nBemessungsstrom A 8,5<br \/>\nNenndrehzahl RPM 40<br \/>\nLeistung W 120<br \/>\nUntersetzungsverh\u00e4ltnis I 1:50<\/p>\n<p>Der Preis beinhaltet die Mehrwertsteuer und den Transport.<\/p>\n<p><strong>DIE PREISE SIND JE NACH MENGE DEGRESSIV.<\/strong><\/p>\n<p><strong>F\u00fcr weitere Informationen kontaktieren Sie mich bitte.<\/strong><\/p>\n<p><a href=\"mailto:info@apimat.ch\"><strong>info@apimat.ch<\/strong><\/a><\/p>\n<p><strong>Telefon: 076 213 80 33<\/strong><\/p>\n","protected":false},"excerpt":{"rendered":"<p>Professioneller Kaptarlift Kettenstapler \/ Zweiradantrieb &nbsp; TECHNISCHE DATEN Allgemein Maximale Abmessungen (bxpxh) cm 70 x 50 x 170 Maximales Gewicht, das gehoben werden kann kg 100 Maximal erreichbare H\u00f6he cm 107 H\u00f6chstgeschwindigkeit km\/h 6,5 Autonomie h 4 Aufladezeit h 6 Maximale Abmessungen der Spannvorrichtung cm von 38 bis 70 Radgr\u00f6\u00dfe 15 \/ 6.00-6 Gewicht kg [&hellip;]<\/p>\n","protected":false},"featured_media":33382,"template":"","meta":{"_uf_show_specific_survey":0,"_uf_disable_surveys":false},"product_cat":[98],"product_tag":[],"aioseo_notices":[],"_links":{"self":[{"href":"https:\/\/apimat.ch\/de\/wp-json\/wp\/v2\/product\/10499"}],"collection":[{"href":"https:\/\/apimat.ch\/de\/wp-json\/wp\/v2\/product"}],"about":[{"href":"https:\/\/apimat.ch\/de\/wp-json\/wp\/v2\/types\/product"}],"wp:featuredmedia":[{"embeddable":true,"href":"https:\/\/apimat.ch\/de\/wp-json\/wp\/v2\/media\/33382"}],"wp:attachment":[{"href":"https:\/\/apimat.ch\/de\/wp-json\/wp\/v2\/media?parent=10499"}],"wp:term":[{"taxonomy":"product_cat","embeddable":true,"href":"https:\/\/apimat.ch\/de\/wp-json\/wp\/v2\/product_cat?post=10499"},{"taxonomy":"product_tag","embeddable":true,"href":"https:\/\/apimat.ch\/de\/wp-json\/wp\/v2\/product_tag?post=10499"}],"curies":[{"name":"wp","href":"https:\/\/api.w.org\/{rel}","templated":true}]}}