{"id":10510,"date":"2020-11-28T10:22:21","date_gmt":"2020-12-03T05:15:05","guid":{"rendered":"https:\/\/apimat.ch\/?post_type=product&#038;p=10510"},"modified":"2022-03-09T13:48:57","modified_gmt":"2022-03-09T12:48:57","slug":"sonnenwachsschmelzer-aus-edelstahl-mit-doppelverglasung-cm-70-x70-cm","status":"publish","type":"product","link":"https:\/\/apimat.ch\/de\/produit\/sonnenwachsschmelzer-aus-edelstahl-mit-doppelverglasung-cm-70-x70-cm\/","title":{"rendered":"Sonnenwachsschmelzer aus Edelstahl mit Doppelverglasung cm 70 x70 cm. ( Edelstahl )"},"content":{"rendered":"<p>Sonnenwachsschmelzer aus Edelstahl mit Doppelverglasung cm 70 x70 cm.<\/p>\n<p>Kapazit\u00e4t: 2 Aufbaurahmen und 4 D.B. Tragegurte.<br \/>\nDoppelverglasung (Glas hat keine Garantie)<br \/>\nLackierte Drehhalterung (kann f\u00fcr den Transport demontiert werden)<br \/>\nBeh\u00e4lter und Innenteile aus Blech<br \/>\nverzinkt<\/p>\n<p><strong>DIE PREISE SIND JE NACH MENGE DEGRESSIV.<\/strong><\/p>\n<p><strong>F\u00fcr weitere Informationen kontaktieren Sie mich bitte.<\/strong><\/p>\n<p><a href=\"mailto:info@apimat.ch\"><strong>info@apimat.ch<\/strong><\/a><\/p>\n<p><strong>Telefon: 076 213 80 33<\/strong><\/p>\n","protected":false},"excerpt":{"rendered":"<p>Sonnenwachsschmelzer aus Edelstahl mit Doppelverglasung cm 70 x70 cm. Kapazit\u00e4t: 2 Aufbaurahmen und 4 D.B. Tragegurte. Doppelverglasung (Glas hat keine Garantie) Lackierte Drehhalterung (kann f\u00fcr den Transport demontiert werden) Beh\u00e4lter und Innenteile aus Blech verzinkt DIE PREISE SIND JE NACH MENGE DEGRESSIV. F\u00fcr weitere Informationen kontaktieren Sie mich bitte. info@apimat.ch Telefon: 076 213 80 33<\/p>\n","protected":false},"featured_media":10952,"template":"","meta":{"_uf_show_specific_survey":0,"_uf_disable_surveys":false},"product_cat":[103],"product_tag":[],"aioseo_notices":[],"_links":{"self":[{"href":"https:\/\/apimat.ch\/de\/wp-json\/wp\/v2\/product\/10510"}],"collection":[{"href":"https:\/\/apimat.ch\/de\/wp-json\/wp\/v2\/product"}],"about":[{"href":"https:\/\/apimat.ch\/de\/wp-json\/wp\/v2\/types\/product"}],"wp:featuredmedia":[{"embeddable":true,"href":"https:\/\/apimat.ch\/de\/wp-json\/wp\/v2\/media\/10952"}],"wp:attachment":[{"href":"https:\/\/apimat.ch\/de\/wp-json\/wp\/v2\/media?parent=10510"}],"wp:term":[{"taxonomy":"product_cat","embeddable":true,"href":"https:\/\/apimat.ch\/de\/wp-json\/wp\/v2\/product_cat?post=10510"},{"taxonomy":"product_tag","embeddable":true,"href":"https:\/\/apimat.ch\/de\/wp-json\/wp\/v2\/product_tag?post=10510"}],"curies":[{"name":"wp","href":"https:\/\/api.w.org\/{rel}","templated":true}]}}