{"id":10524,"date":"2020-11-28T12:16:12","date_gmt":"2020-12-03T05:27:11","guid":{"rendered":"https:\/\/apimat.ch\/?post_type=product&#038;p=10524"},"modified":"2021-06-10T12:04:09","modified_gmt":"2021-06-10T10:04:09","slug":"manuelle-etikettier-maschine-zum-anbringen-von-etiketten-auf-zylindrischen-behaeltern-von-oe-40-bis-120-mm","status":"publish","type":"product","link":"https:\/\/apimat.ch\/de\/produit\/manuelle-etikettier-maschine-zum-anbringen-von-etiketten-auf-zylindrischen-behaeltern-von-oe-40-bis-120-mm\/","title":{"rendered":"Manuelle Etikettier Maschine zum Anbringen von Etiketten auf zylindrischen Beh\u00e4ltern von \u00d8 40 bis 120 mm."},"content":{"rendered":"<p>Manuelle Etikettier Maschine zum Anbringen von Etiketten auf zylindrischen Beh\u00e4ltern von \u00d8 40 bis 120 mm.<\/p>\n<p><strong>DIE PREISE SIND JE NACH MENGE DEGRESSIV.<\/strong><\/p>\n<p><strong>F\u00fcr weitere Informationen kontaktieren Sie mich bitte.<\/strong><\/p>\n<p><a href=\"mailto:info@apimat.ch\"><strong>info@apimat.ch<\/strong><\/a><\/p>\n<p><strong>Telefon: 076 213 80 33<\/strong><\/p>\n","protected":false},"excerpt":{"rendered":"<p>Manuelle Etikettier Maschine zum Anbringen von Etiketten auf zylindrischen Beh\u00e4ltern von \u00d8 40 bis 120 mm. DIE PREISE SIND JE NACH MENGE DEGRESSIV. F\u00fcr weitere Informationen kontaktieren Sie mich bitte. info@apimat.ch Telefon: 076 213 80 33<\/p>\n","protected":false},"featured_media":10963,"template":"","meta":{"_uf_show_specific_survey":0,"_uf_disable_surveys":false},"product_cat":[106],"product_tag":[],"aioseo_notices":[],"_links":{"self":[{"href":"https:\/\/apimat.ch\/de\/wp-json\/wp\/v2\/product\/10524"}],"collection":[{"href":"https:\/\/apimat.ch\/de\/wp-json\/wp\/v2\/product"}],"about":[{"href":"https:\/\/apimat.ch\/de\/wp-json\/wp\/v2\/types\/product"}],"wp:featuredmedia":[{"embeddable":true,"href":"https:\/\/apimat.ch\/de\/wp-json\/wp\/v2\/media\/10963"}],"wp:attachment":[{"href":"https:\/\/apimat.ch\/de\/wp-json\/wp\/v2\/media?parent=10524"}],"wp:term":[{"taxonomy":"product_cat","embeddable":true,"href":"https:\/\/apimat.ch\/de\/wp-json\/wp\/v2\/product_cat?post=10524"},{"taxonomy":"product_tag","embeddable":true,"href":"https:\/\/apimat.ch\/de\/wp-json\/wp\/v2\/product_tag?post=10524"}],"curies":[{"name":"wp","href":"https:\/\/api.w.org\/{rel}","templated":true}]}}