{"id":10540,"date":"2020-11-28T12:31:14","date_gmt":"2020-12-03T05:38:21","guid":{"rendered":"https:\/\/apimat.ch\/?post_type=product&#038;p=10540"},"modified":"2022-05-09T19:07:37","modified_gmt":"2022-05-09T17:07:37","slug":"abfuellkessel-aus-edelstahl-wasserhahn-ihrer-wahl-400-kg","status":"publish","type":"product","link":"https:\/\/apimat.ch\/de\/produit\/abfuellkessel-aus-edelstahl-wasserhahn-ihrer-wahl-400-kg\/","title":{"rendered":"Abf\u00fcllkessel aus Edelstahl Wasserhahn Ihrer Wahl &#8211; 400 kg"},"content":{"rendered":"<p>Abf\u00fcllkessel aus Edelstahl Wasserhahn Ihrer Wahl &#8211; 400 kg, \u00a0\u00f8 625 mm, H\u00f6he 970 mm, mit Hahn \u00f8 40 mm aus lebensmittelechtem Kunststoff und Deckel.<\/p>\n<p>Kapazit\u00e4t Kg. 400<br \/>\nmit WIG-Schwei\u00dfn\u00e4hten<br \/>\nhergestellt aus rostfreiem Stahl Aisi 304<br \/>\nStaubschutzh\u00fclle mit Knopf<br \/>\nEdelstahlh\u00fclse \u00d8 40 mm schwei\u00dfen<br \/>\nLebensmittelhahn aus Nylon Schraube aus rostfreiem Stahl 40 mm Silikondichtungen<br \/>\nDurchmesser 620 mm<\/p>\n<p><strong>DIE PREISE SIND JE NACH MENGE DEGRESSIV.<\/strong><\/p>\n<p><strong>F\u00fcr weitere Informationen kontaktieren Sie mich bitte.<\/strong><\/p>\n<p><a href=\"mailto:info@apimat.ch\"><strong>info@apimat.ch<\/strong><\/a><\/p>\n<p><strong>Telefon: 076 213 80 33<\/strong><\/p>\n","protected":false},"excerpt":{"rendered":"<p>Abf\u00fcllkessel aus Edelstahl Wasserhahn Ihrer Wahl &#8211; 400 kg, \u00a0\u00f8 625 mm, H\u00f6he 970 mm, mit Hahn \u00f8 40 mm aus lebensmittelechtem Kunststoff und Deckel. Kapazit\u00e4t Kg. 400 mit WIG-Schwei\u00dfn\u00e4hten hergestellt aus rostfreiem Stahl Aisi 304 Staubschutzh\u00fclle mit Knopf Edelstahlh\u00fclse \u00d8 40 mm schwei\u00dfen Lebensmittelhahn aus Nylon Schraube aus rostfreiem Stahl 40 mm Silikondichtungen Durchmesser [&hellip;]<\/p>\n","protected":false},"featured_media":14195,"template":"","meta":{"_uf_show_specific_survey":0,"_uf_disable_surveys":false},"product_cat":[108],"product_tag":[],"aioseo_notices":[],"_links":{"self":[{"href":"https:\/\/apimat.ch\/de\/wp-json\/wp\/v2\/product\/10540"}],"collection":[{"href":"https:\/\/apimat.ch\/de\/wp-json\/wp\/v2\/product"}],"about":[{"href":"https:\/\/apimat.ch\/de\/wp-json\/wp\/v2\/types\/product"}],"wp:featuredmedia":[{"embeddable":true,"href":"https:\/\/apimat.ch\/de\/wp-json\/wp\/v2\/media\/14195"}],"wp:attachment":[{"href":"https:\/\/apimat.ch\/de\/wp-json\/wp\/v2\/media?parent=10540"}],"wp:term":[{"taxonomy":"product_cat","embeddable":true,"href":"https:\/\/apimat.ch\/de\/wp-json\/wp\/v2\/product_cat?post=10540"},{"taxonomy":"product_tag","embeddable":true,"href":"https:\/\/apimat.ch\/de\/wp-json\/wp\/v2\/product_tag?post=10540"}],"curies":[{"name":"wp","href":"https:\/\/api.w.org\/{rel}","templated":true}]}}