{"id":10558,"date":"2020-11-28T12:46:18","date_gmt":"2020-12-03T05:56:15","guid":{"rendered":"https:\/\/apimat.ch\/?post_type=product&#038;p=10558"},"modified":"2021-06-10T11:55:15","modified_gmt":"2021-06-10T09:55:15","slug":"klappenventil-aus-nylon-oe-40-mm-mit-mutter","status":"publish","type":"product","link":"https:\/\/apimat.ch\/de\/produit\/klappenventil-aus-nylon-oe-40-mm-mit-mutter\/","title":{"rendered":"Klappenventil aus Kunststofflebensmittelsqualit\u00e4t \u00d8 40 mm mit Mutter"},"content":{"rendered":"<p>Klappenventil aus Kunststofflebensmittelsqualit\u00e4t \u00d8 40 mm mit Mutter<\/p>\n<p><strong>DIE PREISE SIND JE NACH MENGE DEGRESSIV.<\/strong><\/p>\n<p><strong>F\u00fcr weitere Informationen kontaktieren Sie mich bitte.<\/strong><\/p>\n<p><a href=\"mailto:info@apimat.ch\"><strong>info@apimat.ch<\/strong><\/a><\/p>\n<p><strong>Telefon: 076 213 80 33<\/strong><\/p>\n<p>&nbsp;<\/p>\n","protected":false},"excerpt":{"rendered":"<p>Klappenventil aus Kunststofflebensmittelsqualit\u00e4t \u00d8 40 mm mit Mutter DIE PREISE SIND JE NACH MENGE DEGRESSIV. F\u00fcr weitere Informationen kontaktieren Sie mich bitte. info@apimat.ch Telefon: 076 213 80 33 &nbsp;<\/p>\n","protected":false},"featured_media":9785,"template":"","meta":{"_uf_show_specific_survey":0,"_uf_disable_surveys":false},"product_cat":[108],"product_tag":[],"aioseo_notices":[],"_links":{"self":[{"href":"https:\/\/apimat.ch\/de\/wp-json\/wp\/v2\/product\/10558"}],"collection":[{"href":"https:\/\/apimat.ch\/de\/wp-json\/wp\/v2\/product"}],"about":[{"href":"https:\/\/apimat.ch\/de\/wp-json\/wp\/v2\/types\/product"}],"wp:featuredmedia":[{"embeddable":true,"href":"https:\/\/apimat.ch\/de\/wp-json\/wp\/v2\/media\/9785"}],"wp:attachment":[{"href":"https:\/\/apimat.ch\/de\/wp-json\/wp\/v2\/media?parent=10558"}],"wp:term":[{"taxonomy":"product_cat","embeddable":true,"href":"https:\/\/apimat.ch\/de\/wp-json\/wp\/v2\/product_cat?post=10558"},{"taxonomy":"product_tag","embeddable":true,"href":"https:\/\/apimat.ch\/de\/wp-json\/wp\/v2\/product_tag?post=10558"}],"curies":[{"name":"wp","href":"https:\/\/api.w.org\/{rel}","templated":true}]}}