{"id":10578,"date":"2020-11-28T13:06:06","date_gmt":"2020-12-03T06:15:17","guid":{"rendered":"https:\/\/apimat.ch\/?post_type=product&#038;p=10578"},"modified":"2025-04-18T07:14:32","modified_gmt":"2025-04-18T05:14:32","slug":"beutel-mit-100-feuerzuendstaeben","status":"publish","type":"product","link":"https:\/\/apimat.ch\/de\/produit\/beutel-mit-100-feuerzuendstaeben\/","title":{"rendered":"Fum Bee start Karton 45 Anz\u00fcndst\u00e4bchen"},"content":{"rendered":"<p>45 St\u00e4bchen, damit das Anz\u00fcnden Ihres R\u00e4ucherofens ohne Schwierigkeiten gelingt! Diese neue Formel ist g\u00fcnstiger und sehr effektiv. Sehr n\u00fctzlich zum Anz\u00fcnden von Pelletbrennstoffen. Nicht giftig. Je nach verwendetem Brennstoff werden 1 bis 4 St\u00e4bchen pro Anz\u00fcndvorgang ben\u00f6tigt.<\/p>\n<p><strong>DIE PREISE SIND JE NACH MENGE DEGRESSIV.<\/strong><\/p>\n<p><strong>F\u00fcr weitere Informationen kontaktieren Sie mich bitte.<\/strong><\/p>\n<p><a href=\"mailto:info@apimat.ch\"><strong>info@apimat.ch<\/strong><\/a><\/p>\n<p><strong>Telefon: 076 213 80 33<\/strong><\/p>\n<p>&nbsp;<\/p>\n","protected":false},"excerpt":{"rendered":"<p>45 St\u00e4bchen, damit das Anz\u00fcnden Ihres R\u00e4ucherofens ohne Schwierigkeiten gelingt! Diese neue Formel ist g\u00fcnstiger und sehr effektiv. Sehr n\u00fctzlich zum Anz\u00fcnden von Pelletbrennstoffen. Nicht giftig. Je nach verwendetem Brennstoff werden 1 bis 4 St\u00e4bchen pro Anz\u00fcndvorgang ben\u00f6tigt. DIE PREISE SIND JE NACH MENGE DEGRESSIV. F\u00fcr weitere Informationen kontaktieren Sie mich bitte. info@apimat.ch Telefon: 076 [&hellip;]<\/p>\n","protected":false},"featured_media":27915,"template":"","meta":{"_uf_show_specific_survey":0,"_uf_disable_surveys":false},"product_cat":[1013,98],"product_tag":[],"aioseo_notices":[],"_links":{"self":[{"href":"https:\/\/apimat.ch\/de\/wp-json\/wp\/v2\/product\/10578"}],"collection":[{"href":"https:\/\/apimat.ch\/de\/wp-json\/wp\/v2\/product"}],"about":[{"href":"https:\/\/apimat.ch\/de\/wp-json\/wp\/v2\/types\/product"}],"wp:featuredmedia":[{"embeddable":true,"href":"https:\/\/apimat.ch\/de\/wp-json\/wp\/v2\/media\/27915"}],"wp:attachment":[{"href":"https:\/\/apimat.ch\/de\/wp-json\/wp\/v2\/media?parent=10578"}],"wp:term":[{"taxonomy":"product_cat","embeddable":true,"href":"https:\/\/apimat.ch\/de\/wp-json\/wp\/v2\/product_cat?post=10578"},{"taxonomy":"product_tag","embeddable":true,"href":"https:\/\/apimat.ch\/de\/wp-json\/wp\/v2\/product_tag?post=10578"}],"curies":[{"name":"wp","href":"https:\/\/api.w.org\/{rel}","templated":true}]}}