{"id":10584,"date":"2020-11-28T14:09:25","date_gmt":"2020-12-03T06:17:58","guid":{"rendered":"https:\/\/apimat.ch\/?post_type=product&#038;p=10584"},"modified":"2021-07-19T14:58:31","modified_gmt":"2021-07-19T12:58:31","slug":"leinoel-1-l","status":"publish","type":"product","link":"https:\/\/apimat.ch\/de\/produit\/leinoel-1-l\/","title":{"rendered":"Lein\u00f6l, 1 l"},"content":{"rendered":"<p>Lein\u00f6l, 1 l<\/p>\n<p>Lein\u00f6l wird traditionell zum nat\u00fcrlichen Schutz der h\u00f6lzernen Bienenstockteile verwendet. Dieses hochwertige Lein\u00f6l wird durch erste Kaltpressung gewonnen. Es ist vollkommen unsch\u00e4dlich f\u00fcr die Umwelt und f\u00fcr Bienen!<\/p>\n<p>Sobald das Holz Ihrer Bienenst\u00f6cke mit Lein\u00f6l impr\u00e4gniert ist, tr\u00e4gt letzteres zu einer guten Bienenstockhygiene bei, indem es Feuchtigkeit, Pilz- und Staubansammlungen vermeidet.<\/p>\n<p><strong>DIE PREISE SIND JE NACH MENGE DEGRESSIV.<\/strong><\/p>\n<p><strong>F\u00fcr weitere Informationen kontaktieren Sie mich bitte.<\/strong><\/p>\n<p><a href=\"mailto:info@apimat.ch\"><strong>info@apimat.ch<\/strong><\/a><\/p>\n<p><strong>Telefon: 076 213 80 33<\/strong><\/p>\n<p>&nbsp;<\/p>\n","protected":false},"excerpt":{"rendered":"<p>Lein\u00f6l, 1 l Lein\u00f6l wird traditionell zum nat\u00fcrlichen Schutz der h\u00f6lzernen Bienenstockteile verwendet. Dieses hochwertige Lein\u00f6l wird durch erste Kaltpressung gewonnen. Es ist vollkommen unsch\u00e4dlich f\u00fcr die Umwelt und f\u00fcr Bienen! Sobald das Holz Ihrer Bienenst\u00f6cke mit Lein\u00f6l impr\u00e4gniert ist, tr\u00e4gt letzteres zu einer guten Bienenstockhygiene bei, indem es Feuchtigkeit, Pilz- und Staubansammlungen vermeidet. DIE [&hellip;]<\/p>\n","protected":false},"featured_media":9716,"template":"","meta":{"_uf_show_specific_survey":0,"_uf_disable_surveys":false},"product_cat":[98],"product_tag":[],"aioseo_notices":[],"_links":{"self":[{"href":"https:\/\/apimat.ch\/de\/wp-json\/wp\/v2\/product\/10584"}],"collection":[{"href":"https:\/\/apimat.ch\/de\/wp-json\/wp\/v2\/product"}],"about":[{"href":"https:\/\/apimat.ch\/de\/wp-json\/wp\/v2\/types\/product"}],"wp:featuredmedia":[{"embeddable":true,"href":"https:\/\/apimat.ch\/de\/wp-json\/wp\/v2\/media\/9716"}],"wp:attachment":[{"href":"https:\/\/apimat.ch\/de\/wp-json\/wp\/v2\/media?parent=10584"}],"wp:term":[{"taxonomy":"product_cat","embeddable":true,"href":"https:\/\/apimat.ch\/de\/wp-json\/wp\/v2\/product_cat?post=10584"},{"taxonomy":"product_tag","embeddable":true,"href":"https:\/\/apimat.ch\/de\/wp-json\/wp\/v2\/product_tag?post=10584"}],"curies":[{"name":"wp","href":"https:\/\/api.w.org\/{rel}","templated":true}]}}