{"id":10589,"date":"2020-11-28T14:11:52","date_gmt":"2020-12-03T06:20:32","guid":{"rendered":"https:\/\/apimat.ch\/?post_type=product&#038;p=10589"},"modified":"2021-06-10T11:50:30","modified_gmt":"2021-06-10T09:50:30","slug":"schwarmfangsack-schwarmfast","status":"publish","type":"product","link":"https:\/\/apimat.ch\/de\/produit\/schwarmfangsack-schwarmfast\/","title":{"rendered":"Beutel Schwarmfangsack &#8220;Schwarmfast&#8221;"},"content":{"rendered":"<p>Beutel Schwarmfangsack &#8220;Schwarmfast&#8221;<\/p>\n<p>Der Swarmfast-Schwarmpfl\u00fccker aus 100 % Baumwollstoff ist ein praktisches Hilfsmittel zum Pfl\u00fccken Ihrer Schw\u00e4rme.<br \/>\nSie besteht aus einem Metallrahmen zur Befestigung der Stange (nicht im Lieferumfang enthalten) und einer Schnur zur Aktivierung des Verschlusses. Dadurch kann sich die Tasche auf dem Schwarm schlie\u00dfen.<br \/>\nUm den Schwarm zu befreien, l\u00f6sen Sie einfach die Schnur vom Schwarm-Picker.<\/p>\n<p>\u00d6ffnungsdurchmesser des Einlasses: 250 mm. Die Bienen verheddern sich nicht darin. (Lieferung ohne die Stange).<\/p>\n<p><strong>DIE PREISE SIND JE NACH MENGE DEGRESSIV.<\/strong><\/p>\n<p><strong>F\u00fcr weitere Informationen kontaktieren Sie mich bitte.<\/strong><\/p>\n<p><a href=\"mailto:info@apimat.ch\"><strong>info@apimat.ch<\/strong><\/a><\/p>\n<p><strong>Telefon: 076 213 80 33<\/strong><\/p>\n<p>&nbsp;<\/p>\n","protected":false},"excerpt":{"rendered":"<p>Beutel Schwarmfangsack &#8220;Schwarmfast&#8221; Der Swarmfast-Schwarmpfl\u00fccker aus 100 % Baumwollstoff ist ein praktisches Hilfsmittel zum Pfl\u00fccken Ihrer Schw\u00e4rme. Sie besteht aus einem Metallrahmen zur Befestigung der Stange (nicht im Lieferumfang enthalten) und einer Schnur zur Aktivierung des Verschlusses. Dadurch kann sich die Tasche auf dem Schwarm schlie\u00dfen. Um den Schwarm zu befreien, l\u00f6sen Sie einfach die [&hellip;]<\/p>\n","protected":false},"featured_media":9719,"template":"","meta":{"_uf_show_specific_survey":0,"_uf_disable_surveys":false},"product_cat":[98],"product_tag":[],"aioseo_notices":[],"_links":{"self":[{"href":"https:\/\/apimat.ch\/de\/wp-json\/wp\/v2\/product\/10589"}],"collection":[{"href":"https:\/\/apimat.ch\/de\/wp-json\/wp\/v2\/product"}],"about":[{"href":"https:\/\/apimat.ch\/de\/wp-json\/wp\/v2\/types\/product"}],"wp:featuredmedia":[{"embeddable":true,"href":"https:\/\/apimat.ch\/de\/wp-json\/wp\/v2\/media\/9719"}],"wp:attachment":[{"href":"https:\/\/apimat.ch\/de\/wp-json\/wp\/v2\/media?parent=10589"}],"wp:term":[{"taxonomy":"product_cat","embeddable":true,"href":"https:\/\/apimat.ch\/de\/wp-json\/wp\/v2\/product_cat?post=10589"},{"taxonomy":"product_tag","embeddable":true,"href":"https:\/\/apimat.ch\/de\/wp-json\/wp\/v2\/product_tag?post=10589"}],"curies":[{"name":"wp","href":"https:\/\/api.w.org\/{rel}","templated":true}]}}