{"id":10601,"date":"2020-11-28T14:28:47","date_gmt":"2020-12-03T06:29:59","guid":{"rendered":"https:\/\/apimat.ch\/?post_type=product&#038;p=10601"},"modified":"2023-08-26T19:20:12","modified_gmt":"2023-08-26T17:20:12","slug":"nicot-plastikbienenstock-dadanat-10-rahmen-mit-raehmen-105chf-ohne-rahmen","status":"publish","type":"product","link":"https:\/\/apimat.ch\/de\/produit\/nicot-plastikbienenstock-dadanat-10-rahmen-mit-raehmen-105chf-ohne-rahmen\/","title":{"rendered":"Nicot Plastikbienenstock Dadanat 10 Rahmen ( OHNE R\u00c4HMEN )"},"content":{"rendered":"<p>Nicot Plastikbienenstock Dadanat 10 Rahmen ( OHNE R\u00c4HMEN )<\/p>\n<p>Der Bienenstock Nicot Dadant 10 (Gr\u00f6\u00dfe 500 x 430 mm) ist aus glattem, porenfreiem, sto\u00dffestem, wiederverwertbarem lebensmittelechtem Kunststoff hergestellt.<\/p>\n<p>Es ist leicht (Tablett + Korpus + Erh\u00f6hung + Dach = 10 kg) und dank der Doppelw\u00e4nde isolierend.<br \/>\nEs ist leicht zu pflegen, kann durch Schaben und Hochdruckwasserstrahl (60\u00b0C) gereinigt und mit Bleichmittel desinfiziert werden.<\/p>\n<p>Zusammensetzung des gesamten Nicot-Bienenstocks<\/p>\n<p>1 Schublade f\u00fcr Auffangwanne aus lebensmittelechtem Kunststoff<br \/>\n&#8211; 1 Anti-Varroa-Schale<br \/>\n&#8211; 1 Standard-Wei\u00dfeingang<br \/>\n&#8211; 1 Bienenstockk\u00f6rper<\/p>\n<p>&#8211; 1 Nicot Dadant Kunststoffbeute mit 10 Rahmen<br \/>\n&#8211; 1 Isoruch-Isoliermatratze<br \/>\n&#8211; 1 Kunststoffdach, H\u00f6he 100 mm<br \/>\n-1 Futterautomat f\u00fcr Nicot-Kunststoffbeuten<br \/>\n&#8211; 4 Clips f\u00fcr obere Leiste<br \/>\n&#8211; 4 Zentrierstifte f\u00fcr Oberleiste<\/p>\n<p><strong>DIE PREISE SIND JE NACH MENGE DEGRESSIV.<\/strong><\/p>\n<p><strong>F\u00fcr weitere Informationen kontaktieren Sie mich bitte.<\/strong><\/p>\n<p><a href=\"mailto:info@apimat.ch\"><strong>info@apimat.ch<\/strong><\/a><\/p>\n<p><strong>Telefon: 076 213 80 33<\/strong><\/p>\n<p>&nbsp;<\/p>\n","protected":false},"excerpt":{"rendered":"<p>Nicot Plastikbienenstock Dadanat 10 Rahmen ( OHNE R\u00c4HMEN ) Der Bienenstock Nicot Dadant 10 (Gr\u00f6\u00dfe 500 x 430 mm) ist aus glattem, porenfreiem, sto\u00dffestem, wiederverwertbarem lebensmittelechtem Kunststoff hergestellt. Es ist leicht (Tablett + Korpus + Erh\u00f6hung + Dach = 10 kg) und dank der Doppelw\u00e4nde isolierend. Es ist leicht zu pflegen, kann durch Schaben und [&hellip;]<\/p>\n","protected":false},"featured_media":9811,"template":"","meta":{"_uf_show_specific_survey":0,"_uf_disable_surveys":false},"product_cat":[101],"product_tag":[],"aioseo_notices":[],"_links":{"self":[{"href":"https:\/\/apimat.ch\/de\/wp-json\/wp\/v2\/product\/10601"}],"collection":[{"href":"https:\/\/apimat.ch\/de\/wp-json\/wp\/v2\/product"}],"about":[{"href":"https:\/\/apimat.ch\/de\/wp-json\/wp\/v2\/types\/product"}],"wp:featuredmedia":[{"embeddable":true,"href":"https:\/\/apimat.ch\/de\/wp-json\/wp\/v2\/media\/9811"}],"wp:attachment":[{"href":"https:\/\/apimat.ch\/de\/wp-json\/wp\/v2\/media?parent=10601"}],"wp:term":[{"taxonomy":"product_cat","embeddable":true,"href":"https:\/\/apimat.ch\/de\/wp-json\/wp\/v2\/product_cat?post=10601"},{"taxonomy":"product_tag","embeddable":true,"href":"https:\/\/apimat.ch\/de\/wp-json\/wp\/v2\/product_tag?post=10601"}],"curies":[{"name":"wp","href":"https:\/\/api.w.org\/{rel}","templated":true}]}}