{"id":10608,"date":"2020-11-28T14:32:24","date_gmt":"2020-12-03T06:33:04","guid":{"rendered":"https:\/\/apimat.ch\/?post_type=product&#038;p=10608"},"modified":"2025-02-22T07:12:07","modified_gmt":"2025-02-22T06:12:07","slug":"kenianischer-bienenstock-rucheco-mit-glasfenster-und-jalousien","status":"publish","type":"product","link":"https:\/\/apimat.ch\/de\/produit\/kenianischer-bienenstock-rucheco-mit-glasfenster-und-jalousien\/","title":{"rendered":"Kenianischer Bienenstock mit Glasfenster und Jalousien"},"content":{"rendered":"<h3>Kenianischer Bienenstock mit Glasfenster und Jalousien<\/h3>\n<p>Dieses Bienenstockmodell wird wegen seiner einfachen Installation immer h\u00e4ufiger verwendet. Es eignet sich ideal f\u00fcr Hobby-Imker.<\/p>\n<p>Der kenianische Bienenstock hat einen verglasten Abschnitt \u00fcber seine gesamte L\u00e4nge besteht aus :<br \/>\n&#8211; einer Jalousie des Besuchs,<br \/>\n&#8211; einer Flugplanke,<br \/>\n&#8211; eines verzinkten Satteldaches,<br \/>\n&#8211; von Stangen, die als Rahmen verwendet werden,<br \/>\n&#8211; von verst\u00e4rkten und behandelten F\u00fc\u00dfen (H\u00f6he 820 mm).<\/p>\n<p><strong>DIE PREISE SIND JE NACH MENGE DEGRESSIV.<\/strong><\/p>\n<p><strong>F\u00fcr weitere Informationen kontaktieren Sie mich bitte.<\/strong><\/p>\n<p><a href=\"mailto:info@apimat.ch\"><strong>info@apimat.ch<\/strong><\/a><\/p>\n<p><strong>Telefon: 076 213 80 33<\/strong><\/p>\n<p>&nbsp;<\/p>\n","protected":false},"excerpt":{"rendered":"<p>Kenianischer Bienenstock mit Glasfenster und Jalousien Dieses Bienenstockmodell wird wegen seiner einfachen Installation immer h\u00e4ufiger verwendet. Es eignet sich ideal f\u00fcr Hobby-Imker. Der kenianische Bienenstock hat einen verglasten Abschnitt \u00fcber seine gesamte L\u00e4nge besteht aus : &#8211; einer Jalousie des Besuchs, &#8211; einer Flugplanke, &#8211; eines verzinkten Satteldaches, &#8211; von Stangen, die als Rahmen verwendet [&hellip;]<\/p>\n","protected":false},"featured_media":34393,"template":"","meta":{"_uf_show_specific_survey":0,"_uf_disable_surveys":false},"product_cat":[101],"product_tag":[],"aioseo_notices":[],"_links":{"self":[{"href":"https:\/\/apimat.ch\/de\/wp-json\/wp\/v2\/product\/10608"}],"collection":[{"href":"https:\/\/apimat.ch\/de\/wp-json\/wp\/v2\/product"}],"about":[{"href":"https:\/\/apimat.ch\/de\/wp-json\/wp\/v2\/types\/product"}],"wp:featuredmedia":[{"embeddable":true,"href":"https:\/\/apimat.ch\/de\/wp-json\/wp\/v2\/media\/34393"}],"wp:attachment":[{"href":"https:\/\/apimat.ch\/de\/wp-json\/wp\/v2\/media?parent=10608"}],"wp:term":[{"taxonomy":"product_cat","embeddable":true,"href":"https:\/\/apimat.ch\/de\/wp-json\/wp\/v2\/product_cat?post=10608"},{"taxonomy":"product_tag","embeddable":true,"href":"https:\/\/apimat.ch\/de\/wp-json\/wp\/v2\/product_tag?post=10608"}],"curies":[{"name":"wp","href":"https:\/\/api.w.org\/{rel}","templated":true}]}}