{"id":10641,"date":"2020-11-27T18:38:15","date_gmt":"2020-12-03T07:04:08","guid":{"rendered":"https:\/\/apimat.ch\/?post_type=product&#038;p=10641"},"modified":"2025-12-25T13:45:27","modified_gmt":"2025-12-25T12:45:27","slug":"umlarvinstrument-aus-edelstahl-fuer-einfachen-larventransfer","status":"publish","type":"product","link":"https:\/\/apimat.ch\/de\/produit\/umlarvinstrument-aus-edelstahl-fuer-einfachen-larventransfer\/","title":{"rendered":"Umlarvinstrument aus Edelstahl \u2013 einfacher und pr\u00e4ziser Larventransfer"},"content":{"rendered":"<h3>Umlarvinstrument aus Edelstahl \u2013 einfacher und pr\u00e4ziser Larventransfer<\/h3>\n<p data-start=\"26\" data-end=\"161\">Entdecken Sie unser Umlarvinstrument aus Edelstahl, das f\u00fcr einen einfachen, pr\u00e4zisen und sicheren Larventransfer entwickelt wurde.<\/p>\n<p data-start=\"163\" data-end=\"250\">Erh\u00e4ltlich in der Ausf\u00fchrung f\u00fcr Rechts- oder Linksh\u00e4nder, je nach Ihren Vorlieben.<\/p>\n<p><strong>DIE PREISE SIND JE NACH MENGE DEGRESSIV.<\/strong><\/p>\n<p><strong>F\u00fcr weitere Informationen kontaktieren Sie mich bitte.<\/strong><\/p>\n<p><a href=\"mailto:info@apimat.ch\"><strong>info@apimat.ch<\/strong><\/a><\/p>\n<p><strong>Telefon: 076 213 80 33<\/strong><\/p>\n","protected":false},"excerpt":{"rendered":"<p>Umlarvinstrument aus Edelstahl \u2013 einfacher und pr\u00e4ziser Larventransfer Entdecken Sie unser Umlarvinstrument aus Edelstahl, das f\u00fcr einen einfachen, pr\u00e4zisen und sicheren Larventransfer entwickelt wurde. Erh\u00e4ltlich in der Ausf\u00fchrung f\u00fcr Rechts- oder Linksh\u00e4nder, je nach Ihren Vorlieben. DIE PREISE SIND JE NACH MENGE DEGRESSIV. F\u00fcr weitere Informationen kontaktieren Sie mich bitte. info@apimat.ch Telefon: 076 213 80 [&hellip;]<\/p>\n","protected":false},"featured_media":41100,"template":"","meta":{"_uf_show_specific_survey":0,"_uf_disable_surveys":false},"product_cat":[95],"product_tag":[],"aioseo_notices":[],"_links":{"self":[{"href":"https:\/\/apimat.ch\/de\/wp-json\/wp\/v2\/product\/10641"}],"collection":[{"href":"https:\/\/apimat.ch\/de\/wp-json\/wp\/v2\/product"}],"about":[{"href":"https:\/\/apimat.ch\/de\/wp-json\/wp\/v2\/types\/product"}],"wp:featuredmedia":[{"embeddable":true,"href":"https:\/\/apimat.ch\/de\/wp-json\/wp\/v2\/media\/41100"}],"wp:attachment":[{"href":"https:\/\/apimat.ch\/de\/wp-json\/wp\/v2\/media?parent=10641"}],"wp:term":[{"taxonomy":"product_cat","embeddable":true,"href":"https:\/\/apimat.ch\/de\/wp-json\/wp\/v2\/product_cat?post=10641"},{"taxonomy":"product_tag","embeddable":true,"href":"https:\/\/apimat.ch\/de\/wp-json\/wp\/v2\/product_tag?post=10641"}],"curies":[{"name":"wp","href":"https:\/\/api.w.org\/{rel}","templated":true}]}}