{"id":10663,"date":"2020-11-28T15:23:53","date_gmt":"2020-12-03T07:14:42","guid":{"rendered":"https:\/\/apimat.ch\/?post_type=product&#038;p=10663"},"modified":"2021-06-09T17:30:59","modified_gmt":"2021-06-09T15:30:59","slug":"runder-doppelwandiger-fondicire-tank-aus-edelstahl-35-liter","status":"publish","type":"product","link":"https:\/\/apimat.ch\/de\/produit\/runder-doppelwandiger-fondicire-tank-aus-edelstahl-35-liter\/","title":{"rendered":"Runder doppelwandiger Fondicire-Tank aus Edelstahl 35 Liter ( Sterilisation bis zu 130\u00b0C )"},"content":{"rendered":"<p>Runder doppelwandiger Fondicire-Tank aus Edelstahl 35 Liter<\/p>\n<p>Edelstahlbeh\u00e4lter Fondicire rund doppelwandig 35 Liter<\/p>\n<p>Doppelwandiger Wachsfilterbeh\u00e4lter aus Edelstahl. Perfekt, um Ihr Wachs zu reinigen und alle Ameisensporen abzut\u00f6ten.<\/p>\n<p>Das obere Ventil ist f\u00fcr das gereinigte Wachs, der gesamte Schmutz verl\u00e4sst den Tank am Bodenventil des Tanks.<\/p>\n<p>F\u00fcr den Betrieb des Tanks m\u00fcssen Sie das Thermo\u00f6l in die Doppelwand einf\u00fcllen.<\/p>\n<p>Der Tank kann bis zu 35l schmelzen.<\/p>\n<p>Das Heizelement kann von 0 bis 150 Grad C eingestellt werden. 230V\/3kW<\/p>\n<p>Made in Germany<\/p>\n<p>Zur Verwendung mit Thermo\u00f6l (Art.-Nr. 11708) nicht enthalten &#8211; bitte separat bestellen.<\/p>\n<p>H\u00f6he: 69cm, Durchmesser 35cm.<\/p>\n<p><strong>ANLEITUNGEN :<\/strong><br \/>\nZuerst m\u00fcssen Sie den Elektroheizstab richtig in die Muffel einschrauben. Dann schrauben Sie den Deckel oben am Tank ab und f\u00fcllen das Thermo\u00f6l mit einem Trichter durch den 90\u00b0-Bogen ein. Der Thermo\u00f6lstand sollte das Schauglas erreichen. \u00dcberf\u00fcllen Sie das Ger\u00e4t nicht. F\u00fcllen Sie nicht h\u00f6her als bis zum Schauglas. Legen Sie dann Ihre Wachsbl\u00f6cke oder -st\u00fccke in den Innentank und stellen Sie den Thermostat des Heizelements auf 130\u00b0C. Stecken Sie den Stecker in die Steckdose, die mit mindestens 16A abgesichert sein muss. Die Wachsbl\u00f6cke werden sehr schnell schmelzen und das Wachs wird die programmierte Temperatur erreichen. Kontrollieren Sie die Temperatur des Wachses von Zeit zu Zeit mit einem gew\u00f6hnlichen Fleischthermometer. Wenn er 130\u00b0C erreicht hat, warten Sie weitere 35 bis 45 Minuten, bevor Sie den Thermostat ausschalten. Wenn die Temperatur des Wachses auf ca. 90\u00b0C gesunken ist, \u00f6ffnen Sie das obere Ablassventil und lassen Sie das gereinigte Wachs in ein geeignetes Gef\u00e4\u00df ablaufen (z.B. unseren Wachstopf Nr. 5000336). Ihr Wachs ist jetzt frei von Faulbrutsporen und Nosema. Sie k\u00f6nnen nun Ihren Tank mit Wachsbl\u00f6cken auff\u00fcllen und den Vorgang erneut starten. Um den Tank vollst\u00e4ndig zu entleeren, \u00f6ffnen Sie das Bodenablassventil und entleeren Sie das verschmutzte Wachs.<br \/>\n<strong>SICHERHEITSHINWEIS:<\/strong><br \/>\nBitte tragen Sie Schutzhandschuhe, da der Tank sehr hei\u00df werden und Verbrennungen verursachen kann!<br \/>\nStarten Sie den Elektroerhitzer nicht, ohne ihn mit Thermo\u00f6l zu bef\u00fcllen. Wenn er trocken l\u00e4uft, kann er \u00fcberhitzen und brechen!<br \/>\nLassen Sie das Thermo\u00f6l immer im Tank!<br \/>\n<strong>INSOLATION:<\/strong><br \/>\nUm eine \u00fcberm\u00e4\u00dfige W\u00e4rmeabgabe zu vermeiden, empfehlen wir, den Tank in eine Isolierdecke einzuwickeln, die Sie in einem Baumarkt erhalten k\u00f6nnen (z. B. Glaswolle).<br \/>\n<strong>REINIGUNG:<\/strong><br \/>\nDas beste Ergebnis erhalten Sie bei Verwendung von 2%iger Natronlauge (200ml Natronlauge in 10 Liter Wasser gel\u00f6st).<br \/>\nBef\u00fcllung mit Thermo\u00f6l:<br \/>\nZum Bef\u00fcllen des 35-Liter-Wachskl\u00e4rungsbeh\u00e4lters ben\u00f6tigen Sie einen 20-Liter-Kanister. Zum Bef\u00fcllen des 75-Liter-Wachskl\u00e4rbeh\u00e4lters ben\u00f6tigen Sie 2 x 20-Liter-Kanister.<\/p>\n<p><strong>DIE PREISE SIND JE NACH MENGE DEGRESSIV.<\/strong><\/p>\n<p><strong>F\u00fcr weitere Informationen kontaktieren Sie mich bitte.<\/strong><\/p>\n<p><a href=\"mailto:info@apimat.ch\"><strong>info@apimat.ch<\/strong><\/a><\/p>\n<p><strong>Telefon: 076 213 80 33<\/strong><\/p>\n<p>&nbsp;<\/p>\n","protected":false},"excerpt":{"rendered":"<p>Runder doppelwandiger Fondicire-Tank aus Edelstahl 35 Liter Edelstahlbeh\u00e4lter Fondicire rund doppelwandig 35 Liter Doppelwandiger Wachsfilterbeh\u00e4lter aus Edelstahl. Perfekt, um Ihr Wachs zu reinigen und alle Ameisensporen abzut\u00f6ten. Das obere Ventil ist f\u00fcr das gereinigte Wachs, der gesamte Schmutz verl\u00e4sst den Tank am Bodenventil des Tanks. F\u00fcr den Betrieb des Tanks m\u00fcssen Sie das Thermo\u00f6l in [&hellip;]<\/p>\n","protected":false},"featured_media":11036,"template":"","meta":{"_uf_show_specific_survey":0,"_uf_disable_surveys":false},"product_cat":[103],"product_tag":[],"aioseo_notices":[],"_links":{"self":[{"href":"https:\/\/apimat.ch\/de\/wp-json\/wp\/v2\/product\/10663"}],"collection":[{"href":"https:\/\/apimat.ch\/de\/wp-json\/wp\/v2\/product"}],"about":[{"href":"https:\/\/apimat.ch\/de\/wp-json\/wp\/v2\/types\/product"}],"wp:featuredmedia":[{"embeddable":true,"href":"https:\/\/apimat.ch\/de\/wp-json\/wp\/v2\/media\/11036"}],"wp:attachment":[{"href":"https:\/\/apimat.ch\/de\/wp-json\/wp\/v2\/media?parent=10663"}],"wp:term":[{"taxonomy":"product_cat","embeddable":true,"href":"https:\/\/apimat.ch\/de\/wp-json\/wp\/v2\/product_cat?post=10663"},{"taxonomy":"product_tag","embeddable":true,"href":"https:\/\/apimat.ch\/de\/wp-json\/wp\/v2\/product_tag?post=10663"}],"curies":[{"name":"wp","href":"https:\/\/api.w.org\/{rel}","templated":true}]}}