{"id":10711,"date":"2020-11-28T16:17:09","date_gmt":"2020-12-03T11:24:57","guid":{"rendered":"https:\/\/apimat.ch\/?post_type=product&#038;p=10711"},"modified":"2021-06-09T17:26:41","modified_gmt":"2021-06-09T15:26:41","slug":"abfuellkessel-aus-edelstahl-mit-edelstahlhahn-und-hermetischer-abdeckung-100-kg","status":"publish","type":"product","link":"https:\/\/apimat.ch\/de\/produit\/abfuellkessel-aus-edelstahl-mit-edelstahlhahn-und-hermetischer-abdeckung-100-kg\/","title":{"rendered":"Abf\u00fcllkessel aus Edelstahl mit Edelstahlhahn und hermetischer Abdeckung &#8211; 100 kg"},"content":{"rendered":"<p>Abf\u00fcllkessel aus Edelstahl mit Edelstahlhahn und hermetischer Abdeckung &#8211; 100 kg<\/p>\n<p>Durchmesser: 40 cm<br \/>\nH\u00f6he: 62 cm<br \/>\nFassungsverm\u00f6gen: 100 kg<br \/>\nT\u00fcr aus Edelstahl<\/p>\n<p>Der Tank besteht vollst\u00e4ndig aus Materialien, die zur F\u00fctterung geeignet sind. Der Boden des Tanks ist stumpfgeschwei\u00dft, ohne Innenkanten, wodurch der Tank leicht zu reinigen ist. Er eignet sich f\u00fcr die direkte Abf\u00fcllung von Honig in Gl\u00e4ser und hat eine Staubschutzh\u00fclle.<br \/>\nDie Wanne ist mit zwei ergonomischen Griffen f\u00fcr einen einfachen Transfer ausgestattet.<\/p>\n<p>Da Honig sehr hygroskopisch ist, empfiehlt es sich, ihn f\u00fcr eine l\u00e4ngere Lagerung hermetisch zu verschlie\u00dfen.<br \/>\nDie Silikondichtung im Deckel und der Klemmring aus rostfreiem Stahl sorgen f\u00fcr einen luftdichten Abschluss.<\/p>\n<p>Die 6\/4&#8243;-Honigt\u00fcr aus Edelstahl ist mit dem Tank verschwei\u00dft und schneidet den Honig bei der Abf\u00fcllung sehr gut ab.<\/p>\n<p><strong>DIE PREISE SIND JE NACH MENGE DEGRESSIV.<\/strong><\/p>\n<p><strong>F\u00fcr weitere Informationen kontaktieren Sie mich bitte.<\/strong><\/p>\n<p><a href=\"mailto:info@apimat.ch\"><strong>info@apimat.ch<\/strong><\/a><\/p>\n<p><strong>Telefon: 076 213 80 33<\/strong><\/p>\n<p>&nbsp;<\/p>\n","protected":false},"excerpt":{"rendered":"<p>Abf\u00fcllkessel aus Edelstahl mit Edelstahlhahn und hermetischer Abdeckung &#8211; 100 kg Durchmesser: 40 cm H\u00f6he: 62 cm Fassungsverm\u00f6gen: 100 kg T\u00fcr aus Edelstahl Der Tank besteht vollst\u00e4ndig aus Materialien, die zur F\u00fctterung geeignet sind. Der Boden des Tanks ist stumpfgeschwei\u00dft, ohne Innenkanten, wodurch der Tank leicht zu reinigen ist. Er eignet sich f\u00fcr die direkte [&hellip;]<\/p>\n","protected":false},"featured_media":11049,"template":"","meta":{"_uf_show_specific_survey":0,"_uf_disable_surveys":false},"product_cat":[108],"product_tag":[],"aioseo_notices":[],"_links":{"self":[{"href":"https:\/\/apimat.ch\/de\/wp-json\/wp\/v2\/product\/10711"}],"collection":[{"href":"https:\/\/apimat.ch\/de\/wp-json\/wp\/v2\/product"}],"about":[{"href":"https:\/\/apimat.ch\/de\/wp-json\/wp\/v2\/types\/product"}],"wp:featuredmedia":[{"embeddable":true,"href":"https:\/\/apimat.ch\/de\/wp-json\/wp\/v2\/media\/11049"}],"wp:attachment":[{"href":"https:\/\/apimat.ch\/de\/wp-json\/wp\/v2\/media?parent=10711"}],"wp:term":[{"taxonomy":"product_cat","embeddable":true,"href":"https:\/\/apimat.ch\/de\/wp-json\/wp\/v2\/product_cat?post=10711"},{"taxonomy":"product_tag","embeddable":true,"href":"https:\/\/apimat.ch\/de\/wp-json\/wp\/v2\/product_tag?post=10711"}],"curies":[{"name":"wp","href":"https:\/\/api.w.org\/{rel}","templated":true}]}}