{"id":10721,"date":"2020-11-28T16:28:50","date_gmt":"2020-12-03T11:36:28","guid":{"rendered":"https:\/\/apimat.ch\/?post_type=product&#038;p=10721"},"modified":"2024-11-03T12:37:18","modified_gmt":"2024-11-03T11:37:18","slug":"filtrationstank-30-kg-mit-filter-und-deckel","status":"publish","type":"product","link":"https:\/\/apimat.ch\/de\/produit\/filtrationstank-30-kg-mit-filter-und-deckel\/","title":{"rendered":"Filtrationstank 30 kg mit Filter und Deckel + Ringklemme"},"content":{"rendered":"<p>Filtrationstank 30 kg mit Filter und Deckel + Ringklemme<\/p>\n<p>Der Filtertank besteht aus:<\/p>\n<p>&#8211; Filtrationstank 30 kg mit Filter<br \/>\n&#8211; Dichtung f\u00fcr Deckel<br \/>\n&#8211; Ringklemme f\u00fcr Honigbeh\u00e4lter 35\/50 kg, Edelstahl<\/p>\n<p><strong>DIE PREISE SIND JE NACH MENGE DEGRESSIV.<\/strong><\/p>\n<p><strong>F\u00fcr weitere Informationen kontaktieren Sie mich bitte.<\/strong><\/p>\n<p><a href=\"mailto:info@apimat.ch\"><strong>info@apimat.ch<\/strong><\/a><\/p>\n<p><strong>Telefon: 076 213 80 33<\/strong><\/p>\n<p>&nbsp;<\/p>\n","protected":false},"excerpt":{"rendered":"<p>Filtrationstank 30 kg mit Filter und Deckel + Ringklemme Der Filtertank besteht aus: &#8211; Filtrationstank 30 kg mit Filter &#8211; Dichtung f\u00fcr Deckel &#8211; Ringklemme f\u00fcr Honigbeh\u00e4lter 35\/50 kg, Edelstahl DIE PREISE SIND JE NACH MENGE DEGRESSIV. F\u00fcr weitere Informationen kontaktieren Sie mich bitte. info@apimat.ch Telefon: 076 213 80 33 &nbsp;<\/p>\n","protected":false},"featured_media":11059,"template":"","meta":{"_uf_show_specific_survey":0,"_uf_disable_surveys":false},"product_cat":[108],"product_tag":[],"aioseo_notices":[],"_links":{"self":[{"href":"https:\/\/apimat.ch\/de\/wp-json\/wp\/v2\/product\/10721"}],"collection":[{"href":"https:\/\/apimat.ch\/de\/wp-json\/wp\/v2\/product"}],"about":[{"href":"https:\/\/apimat.ch\/de\/wp-json\/wp\/v2\/types\/product"}],"wp:featuredmedia":[{"embeddable":true,"href":"https:\/\/apimat.ch\/de\/wp-json\/wp\/v2\/media\/11059"}],"wp:attachment":[{"href":"https:\/\/apimat.ch\/de\/wp-json\/wp\/v2\/media?parent=10721"}],"wp:term":[{"taxonomy":"product_cat","embeddable":true,"href":"https:\/\/apimat.ch\/de\/wp-json\/wp\/v2\/product_cat?post=10721"},{"taxonomy":"product_tag","embeddable":true,"href":"https:\/\/apimat.ch\/de\/wp-json\/wp\/v2\/product_tag?post=10721"}],"curies":[{"name":"wp","href":"https:\/\/api.w.org\/{rel}","templated":true}]}}