{"id":10763,"date":"2020-11-28T21:38:03","date_gmt":"2020-12-03T13:34:38","guid":{"rendered":"https:\/\/apimat.ch\/?post_type=product&#038;p=10763"},"modified":"2021-06-09T17:24:07","modified_gmt":"2021-06-09T15:24:07","slug":"hohe-deckbrett-fuer-6-rahmen-bienenstoecke","status":"publish","type":"product","link":"https:\/\/apimat.ch\/de\/produit\/hohe-deckbrett-fuer-6-rahmen-bienenstoecke\/","title":{"rendered":"Hohe Deckbrett f\u00fcr 6 Rahmen Bienenst\u00f6cke"},"content":{"rendered":"<p>Hohe Deckbrett f\u00fcr 6 Rahmen Bienenst\u00f6cke<\/p>\n<p><strong>DIE PREISE SIND JE NACH MENGE DEGRESSIV.<\/strong><\/p>\n<p><strong>F\u00fcr weitere Informationen kontaktieren Sie mich bitte.<\/strong><\/p>\n<p><a href=\"mailto:info@apimat.ch\"><strong>info@apimat.ch<\/strong><\/a><\/p>\n<p><strong>Telefon: 076 213 80 33<\/strong><\/p>\n<p>&nbsp;<\/p>\n","protected":false},"excerpt":{"rendered":"<p>Hohe Deckbrett f\u00fcr 6 Rahmen Bienenst\u00f6cke DIE PREISE SIND JE NACH MENGE DEGRESSIV. F\u00fcr weitere Informationen kontaktieren Sie mich bitte. info@apimat.ch Telefon: 076 213 80 33 &nbsp;<\/p>\n","protected":false},"featured_media":41963,"template":"","meta":{"_uf_show_specific_survey":0,"_uf_disable_surveys":false},"product_cat":[102],"product_tag":[],"aioseo_notices":[],"_links":{"self":[{"href":"https:\/\/apimat.ch\/de\/wp-json\/wp\/v2\/product\/10763"}],"collection":[{"href":"https:\/\/apimat.ch\/de\/wp-json\/wp\/v2\/product"}],"about":[{"href":"https:\/\/apimat.ch\/de\/wp-json\/wp\/v2\/types\/product"}],"wp:featuredmedia":[{"embeddable":true,"href":"https:\/\/apimat.ch\/de\/wp-json\/wp\/v2\/media\/41963"}],"wp:attachment":[{"href":"https:\/\/apimat.ch\/de\/wp-json\/wp\/v2\/media?parent=10763"}],"wp:term":[{"taxonomy":"product_cat","embeddable":true,"href":"https:\/\/apimat.ch\/de\/wp-json\/wp\/v2\/product_cat?post=10763"},{"taxonomy":"product_tag","embeddable":true,"href":"https:\/\/apimat.ch\/de\/wp-json\/wp\/v2\/product_tag?post=10763"}],"curies":[{"name":"wp","href":"https:\/\/api.w.org\/{rel}","templated":true}]}}