{"id":10785,"date":"2020-11-28T22:04:31","date_gmt":"2020-12-03T14:35:53","guid":{"rendered":"https:\/\/apimat.ch\/?post_type=product&#038;p=10785"},"modified":"2021-12-02T14:46:40","modified_gmt":"2021-12-02T13:46:40","slug":"honigrefraktometer-atago-master","status":"publish","type":"product","link":"https:\/\/apimat.ch\/de\/produit\/honigrefraktometer-atago-master\/","title":{"rendered":"Honigrefraktometer &#8211; ATAGO Master"},"content":{"rendered":"<p>Honigrefraktometer &#8211; ATAGO Master<\/p>\n<p>Mit diesem optischen Instrument kann der Wassergehalt des Honigs zuverl\u00e4ssig und schnell gemessen werden. Neues und verbessertes Honig-Refraktometer f\u00fcr die gewissenhafte Messung des Wassergehaltes nach dem &#8220;AOAC-Standard&#8221;. Sowohl innen als auch au\u00dfen ist das Instrument zur Messung des Feuchtigkeitsgehalts neu konstruiert. Der Honig befindet sich nun in einer tieferen Messgrube und tropft nicht mit der empfohlenen Menge aus dem Ger\u00e4t. ATAGO Master ist wasserdicht konstruiert. Die Messgrube kann unter flie\u00dfendem Wasser gereinigt werden.<\/p>\n<p>Die Messskala von 12-30% ist nat\u00fcrlich &#8220;AOAC-Standard&#8221;. Die Messung kann problemlos bei Tageslicht durchgef\u00fchrt werden. Der Imker muss sich nicht um die Temperaturkorrektur k\u00fcmmern; das Ger\u00e4t verf\u00fcgt \u00fcber eine interne Temperaturkorrekturvorrichtung zwischen 10 und 40 \u00b0C. Wie alle Ger\u00e4te von ATAGO arbeitet er sehr pr\u00e4zise und zuverl\u00e4ssig.<\/p>\n<p>Daten :<\/p>\n<p>Messbereich 12-30 W1 % (Skala nach &#8220;AOAC-Norm&#8221; W1)<\/p>\n<p>Minimal. Tonh\u00f6he 0,2<\/p>\n<p>A.T.C.-Temperaturkorrektur zwischen 10\u00b0 und 40\u00b0C<\/p>\n<p>wasserdicht IP65<\/p>\n<p>mechanisch. solide Konstruktion, gepolsterte Tasche<\/p>\n<p>ATAGO &#8211; Gew\u00e4hrleistung<\/p>\n<p>Der &#8220;AOAC-Standard&#8221; ist heute ein internationaler Standard f\u00fcr den Feuchtigkeitsgehalt von Honig.<\/p>\n<p><strong>DIE PREISE SIND JE NACH MENGE DEGRESSIV.<\/strong><\/p>\n<p><strong>F\u00fcr weitere Informationen kontaktieren Sie mich bitte.<\/strong><\/p>\n<p><a href=\"mailto:info@apimat.ch\"><strong>info@apimat.ch<\/strong><\/a><\/p>\n<p><strong>Telefon: 076 213 80 33<\/strong><\/p>\n<p>&nbsp;<\/p>\n","protected":false},"excerpt":{"rendered":"<p>Honigrefraktometer &#8211; ATAGO Master Mit diesem optischen Instrument kann der Wassergehalt des Honigs zuverl\u00e4ssig und schnell gemessen werden. Neues und verbessertes Honig-Refraktometer f\u00fcr die gewissenhafte Messung des Wassergehaltes nach dem &#8220;AOAC-Standard&#8221;. Sowohl innen als auch au\u00dfen ist das Instrument zur Messung des Feuchtigkeitsgehalts neu konstruiert. Der Honig befindet sich nun in einer tieferen Messgrube und [&hellip;]<\/p>\n","protected":false},"featured_media":15569,"template":"","meta":{"_uf_show_specific_survey":0,"_uf_disable_surveys":false},"product_cat":[108],"product_tag":[],"aioseo_notices":[],"_links":{"self":[{"href":"https:\/\/apimat.ch\/de\/wp-json\/wp\/v2\/product\/10785"}],"collection":[{"href":"https:\/\/apimat.ch\/de\/wp-json\/wp\/v2\/product"}],"about":[{"href":"https:\/\/apimat.ch\/de\/wp-json\/wp\/v2\/types\/product"}],"wp:featuredmedia":[{"embeddable":true,"href":"https:\/\/apimat.ch\/de\/wp-json\/wp\/v2\/media\/15569"}],"wp:attachment":[{"href":"https:\/\/apimat.ch\/de\/wp-json\/wp\/v2\/media?parent=10785"}],"wp:term":[{"taxonomy":"product_cat","embeddable":true,"href":"https:\/\/apimat.ch\/de\/wp-json\/wp\/v2\/product_cat?post=10785"},{"taxonomy":"product_tag","embeddable":true,"href":"https:\/\/apimat.ch\/de\/wp-json\/wp\/v2\/product_tag?post=10785"}],"curies":[{"name":"wp","href":"https:\/\/api.w.org\/{rel}","templated":true}]}}