{"id":10808,"date":"2020-12-03T20:24:20","date_gmt":"2020-12-03T19:26:02","guid":{"rendered":"https:\/\/apimat.ch\/?post_type=product&#038;p=10808"},"modified":"2021-10-08T12:35:19","modified_gmt":"2021-10-08T10:35:19","slug":"weisse-pvc-folie-zum-zaehlen-von-varroa-milben","status":"publish","type":"product","link":"https:\/\/apimat.ch\/de\/produit\/weisse-pvc-folie-zum-zaehlen-von-varroa-milben\/","title":{"rendered":"Wei\u00dfe PVC-Folie zum Z\u00e4hlen von Varroa-Milben 470x470mm."},"content":{"rendered":"<p>Wei\u00dfe PVC-Folie zum Z\u00e4hlen von Varroa-Milben<\/p>\n<p>Format 470x470mm. Dicke 500my<\/p>\n<p><strong>DIE PREISE SIND JE NACH MENGE DEGRESSIV.<\/strong><\/p>\n<p><strong>F\u00fcr weitere Informationen kontaktieren Sie mich bitte.<\/strong><\/p>\n<p><a href=\"mailto:info@apimat.ch\"><strong>info@apimat.ch<\/strong><\/a><\/p>\n<p><strong>Telefon: 076 213 80 33<\/strong><\/p>\n<p>&nbsp;<\/p>\n","protected":false},"excerpt":{"rendered":"<p>Wei\u00dfe PVC-Folie zum Z\u00e4hlen von Varroa-Milben Format 470x470mm. Dicke 500my DIE PREISE SIND JE NACH MENGE DEGRESSIV. F\u00fcr weitere Informationen kontaktieren Sie mich bitte. info@apimat.ch Telefon: 076 213 80 33 &nbsp;<\/p>\n","protected":false},"featured_media":11004,"template":"","meta":{"_uf_show_specific_survey":0,"_uf_disable_surveys":false},"product_cat":[390],"product_tag":[],"aioseo_notices":[],"_links":{"self":[{"href":"https:\/\/apimat.ch\/de\/wp-json\/wp\/v2\/product\/10808"}],"collection":[{"href":"https:\/\/apimat.ch\/de\/wp-json\/wp\/v2\/product"}],"about":[{"href":"https:\/\/apimat.ch\/de\/wp-json\/wp\/v2\/types\/product"}],"wp:featuredmedia":[{"embeddable":true,"href":"https:\/\/apimat.ch\/de\/wp-json\/wp\/v2\/media\/11004"}],"wp:attachment":[{"href":"https:\/\/apimat.ch\/de\/wp-json\/wp\/v2\/media?parent=10808"}],"wp:term":[{"taxonomy":"product_cat","embeddable":true,"href":"https:\/\/apimat.ch\/de\/wp-json\/wp\/v2\/product_cat?post=10808"},{"taxonomy":"product_tag","embeddable":true,"href":"https:\/\/apimat.ch\/de\/wp-json\/wp\/v2\/product_tag?post=10808"}],"curies":[{"name":"wp","href":"https:\/\/api.w.org\/{rel}","templated":true}]}}