{"id":11348,"date":"2021-01-04T10:13:38","date_gmt":"2021-01-04T09:13:38","guid":{"rendered":"https:\/\/apimat.ch\/?post_type=product&#038;p=11348"},"modified":"2021-06-09T17:12:02","modified_gmt":"2021-06-09T15:12:02","slug":"stockmeissel-lang-270mm-aus-edelstahl-copie","status":"publish","type":"product","link":"https:\/\/apimat.ch\/de\/produit\/stockmeissel-lang-270mm-aus-edelstahl-copie\/","title":{"rendered":"Stockmeissel EDELSTAHL Multiger\u00e4t 25 cm lang ( Das Original )"},"content":{"rendered":"<p>Stockmeissel EDELSTAHL Multi Wakant 25 cm lang ( Das Original )<\/p>\n<p>Ein universelles Werkzeug f\u00fcr den Imker entwickelt in langj\u00e4hriger Erfahrung in der Imkerei- L\u00e4nge 25 cm<br \/>\noder den Stockmeisel Multi Wakant Dadant- L\u00e4nge 33 cm und der schmale Stockmeisel (Spatelheber) f\u00fcr feinere<\/p>\n<h4>Hier ist eine Video-Demonstration<\/h4>\n<div style=\"width: 480px;\" class=\"wp-video\"><!--[if lt IE 9]><script>document.createElement('video');<\/script><![endif]-->\n<video class=\"wp-video-shortcode\" id=\"video-11348-1\" width=\"480\" height=\"360\" preload=\"metadata\" controls=\"controls\"><source type=\"video\/mp4\" src=\"https:\/\/apimat.ch\/wp-content\/uploads\/2021\/01\/videoplayback.mp4?_=1\" \/><a href=\"https:\/\/apimat.ch\/wp-content\/uploads\/2021\/01\/videoplayback.mp4\">https:\/\/apimat.ch\/wp-content\/uploads\/2021\/01\/videoplayback.mp4<\/a><\/video><\/div>\n<p>Arbeiten am Bienenstock.<\/p>\n<p>Vielseitige Anwendungen durch<\/p>\n<p>Schneidfl\u00e4chen<\/p>\n<p>Gezahnte- gebogene\u00a0 Form<\/p>\n<p>Flaschen\u00f6ffner<\/p>\n<p>Winkelkante<\/p>\n<p>Nagelzieher<\/p>\n<p>Drahtreiniger<\/p>\n<p>&nbsp;<\/p>\n<p>Das Anheben der Waben und die Reinigung von Propolis wird\u00a0 sehr einfach.<br \/>\nZargenkanten k\u00f6nnen leicht gereinigt werden.<\/p>\n<p>&nbsp;<\/p>\n<p><strong>DIE PREISE SIND JE NACH MENGE DEGRESSIV.<\/strong><\/p>\n<p><strong>F\u00fcr weitere Informationen kontaktieren Sie mich bitte.<\/strong><\/p>\n<p><a href=\"mailto:info@apimat.ch\"><strong>info@apimat.ch<\/strong><\/a><\/p>\n<p><strong>Telefon: 076 213 80 33<\/strong><\/p>\n<p>&nbsp;<\/p>\n","protected":false},"excerpt":{"rendered":"<p>Stockmeissel EDELSTAHL Multi Wakant 25 cm lang ( Das Original ) Ein universelles Werkzeug f\u00fcr den Imker entwickelt in langj\u00e4hriger Erfahrung in der Imkerei- L\u00e4nge 25 cm oder den Stockmeisel Multi Wakant Dadant- L\u00e4nge 33 cm und der schmale Stockmeisel (Spatelheber) f\u00fcr feinere Hier ist eine Video-Demonstration Arbeiten am Bienenstock. Vielseitige Anwendungen durch Schneidfl\u00e4chen Gezahnte- [&hellip;]<\/p>\n","protected":false},"featured_media":11350,"template":"","meta":{"_uf_show_specific_survey":0,"_uf_disable_surveys":false},"product_cat":[98],"product_tag":[],"aioseo_notices":[],"_links":{"self":[{"href":"https:\/\/apimat.ch\/de\/wp-json\/wp\/v2\/product\/11348"}],"collection":[{"href":"https:\/\/apimat.ch\/de\/wp-json\/wp\/v2\/product"}],"about":[{"href":"https:\/\/apimat.ch\/de\/wp-json\/wp\/v2\/types\/product"}],"wp:featuredmedia":[{"embeddable":true,"href":"https:\/\/apimat.ch\/de\/wp-json\/wp\/v2\/media\/11350"}],"wp:attachment":[{"href":"https:\/\/apimat.ch\/de\/wp-json\/wp\/v2\/media?parent=11348"}],"wp:term":[{"taxonomy":"product_cat","embeddable":true,"href":"https:\/\/apimat.ch\/de\/wp-json\/wp\/v2\/product_cat?post=11348"},{"taxonomy":"product_tag","embeddable":true,"href":"https:\/\/apimat.ch\/de\/wp-json\/wp\/v2\/product_tag?post=11348"}],"curies":[{"name":"wp","href":"https:\/\/api.w.org\/{rel}","templated":true}]}}