{"id":11432,"date":"2021-01-14T17:13:45","date_gmt":"2021-01-14T16:13:45","guid":{"rendered":"https:\/\/apimat.ch\/?post_type=product&#038;p=11432"},"modified":"2023-05-03T09:48:54","modified_gmt":"2023-05-03T07:48:54","slug":"p-hive-edelstahl-schublade-zur-varroakontrolle-grose-475x155-mm-copie","status":"publish","type":"product","link":"https:\/\/apimat.ch\/de\/produit\/p-hive-edelstahl-schublade-zur-varroakontrolle-grose-475x155-mm-copie\/","title":{"rendered":"P-HIVE aufsteckbarere Tr\u00e4ger zum Transport von Schw\u00e4rmen oder zum F\u00fctterteig &#8211; Kompatibel mit allen Formaten Dadant Blatt &#8211; Dadant US &#8211; Langstroth &#8211; Zander"},"content":{"rendered":"<p>P-HIVE aufsteckbarere Tr\u00e4ger zum Transport von Schw\u00e4rmen oder zum F\u00fctterteig<\/p>\n<h2>Kompatibel mit allen Formaten Dadant Blatt &#8211; Dadant US &#8211; Langstroth &#8211; Zander<\/h2>\n<p><strong>DIE PREISE SIND JE NACH MENGE DEGRESSIV.<\/strong><\/p>\n<p><strong>F\u00fcr weitere Informationen kontaktieren Sie mich bitte.<\/strong><\/p>\n<p><a href=\"mailto:info@apimat.ch\"><strong>info@apimat.ch<\/strong><\/a><\/p>\n<p><strong>Telefon: 076 213 80 33<\/strong><\/p>\n<p>&nbsp;<\/p>\n","protected":false},"excerpt":{"rendered":"<p>P-HIVE aufsteckbarere Tr\u00e4ger zum Transport von Schw\u00e4rmen oder zum F\u00fctterteig Kompatibel mit allen Formaten Dadant Blatt &#8211; Dadant US &#8211; Langstroth &#8211; Zander DIE PREISE SIND JE NACH MENGE DEGRESSIV. F\u00fcr weitere Informationen kontaktieren Sie mich bitte. info@apimat.ch Telefon: 076 213 80 33 &nbsp;<\/p>\n","protected":false},"featured_media":11498,"template":"","meta":{"_uf_show_specific_survey":0,"_uf_disable_surveys":false},"product_cat":[378],"product_tag":[],"aioseo_notices":[],"_links":{"self":[{"href":"https:\/\/apimat.ch\/de\/wp-json\/wp\/v2\/product\/11432"}],"collection":[{"href":"https:\/\/apimat.ch\/de\/wp-json\/wp\/v2\/product"}],"about":[{"href":"https:\/\/apimat.ch\/de\/wp-json\/wp\/v2\/types\/product"}],"wp:featuredmedia":[{"embeddable":true,"href":"https:\/\/apimat.ch\/de\/wp-json\/wp\/v2\/media\/11498"}],"wp:attachment":[{"href":"https:\/\/apimat.ch\/de\/wp-json\/wp\/v2\/media?parent=11432"}],"wp:term":[{"taxonomy":"product_cat","embeddable":true,"href":"https:\/\/apimat.ch\/de\/wp-json\/wp\/v2\/product_cat?post=11432"},{"taxonomy":"product_tag","embeddable":true,"href":"https:\/\/apimat.ch\/de\/wp-json\/wp\/v2\/product_tag?post=11432"}],"curies":[{"name":"wp","href":"https:\/\/api.w.org\/{rel}","templated":true}]}}