{"id":11995,"date":"2021-02-22T11:01:13","date_gmt":"2021-02-22T13:02:56","guid":{"rendered":"https:\/\/apimat.ch\/?post_type=product&#038;p=11995"},"modified":"2021-02-22T14:03:35","modified_gmt":"2021-02-22T13:03:35","slug":"monolobi-60-pumpe","status":"publish","type":"product","link":"https:\/\/apimat.ch\/de\/produit\/monolobi-60-pumpe\/","title":{"rendered":"MONOLOBI 60 Pumpe"},"content":{"rendered":"<h3>MONOLOBI 60 Pumpe<\/h3>\n<p>ALLGEMEINE TECHNISCHE DATEN<br \/>\n&#8211; Pumpengeh\u00e4use aus Edelstahl 316<br \/>\n&#8211; Rotor und Abstreifer aus essbarem Kunststoffmaterial<br \/>\n&#8211; Gleitringdichtung in Widia-Widia<br \/>\n&#8211; Anschluss\u00f6ffnungen Durchm. 40<br \/>\n&#8211; Maximaler Betriebsdruck 10 bar<br \/>\n&#8211; Mindestdrehzahl von 60 U\/min<br \/>\n&#8211; Maximale Drehzahl 330 U\/min<br \/>\n&#8211; Theoretisches Fassungsverm\u00f6gen pro Umdrehung 0,038 Liter<br \/>\n&#8211; Transportvolumen bei maximaler Geschwindigkeit 700 Liter \/ Stunde<br \/>\n&#8211; Betriebstemperaturen von -10\u00b0 Ca + 90\u00b0 Ca<br \/>\n&#8211; Motornennleistung: 0,75 kw<br \/>\n&#8211; Umkehrbare Drehrichtung mit einem einphasigen Wechselrichter<br \/>\n&#8211; Variation der Durchflussmenge durch Verstellen der Drehgeschwindigkeit<br \/>\n&#8211; Typ der Anschl\u00fcsse auf Anfrage<br \/>\n&#8211; Hervorragende Zug\u00e4nglichkeit dank der Einfachheit des Aufbausystems<br \/>\n&#8211; Gesamtgewicht kg: 21<\/p>\n<p>DEN BESTIMMUNGSORT DER VERWENDUNG<br \/>\nGeeignet f\u00fcr den Transport von<br \/>\nHonig, Glukose, Sirupe, Konfit\u00fcren, Schokolade, Cremes, Kondensmilch und Derivate, Mayonnaise, Margarine, Joghurt, Butter, K\u00e4se, Schmelzk\u00e4se, Sahne, P\u00fcree, Fruchts\u00e4fte, Fruchtkonzentrate und Fruchtmark, Obst- und Gem\u00fcsesalate, Tomatenw\u00fcrfel, Gem\u00fcsekonserven, So\u00dfen, St\u00e4rken, Gem\u00fcsep\u00fcrees, Molke, Konserven, Fette, Eier, Wein, Gelatine, Malz, homogenisierte Lebensmittel, Oliven\u00f6l, Pflanzen\u00f6le.<\/p>\n<p><strong>DEGRESSIVE PREISE JE NACH MENGE.<\/strong><\/p>\n<p><strong>F\u00fcr weitere Informationen kontaktieren Sie mich bitte.<\/strong><\/p>\n<p><a href=\"mailto:info@apimat.ch\"><strong>info@<\/strong><strong>apimat<\/strong><strong>.ch<\/strong><\/a><\/p>\n<p><strong>Telefon: 076 213 80 33<\/strong><\/p>\n","protected":false},"excerpt":{"rendered":"<p>MONOLOBI 60 Pumpe ALLGEMEINE TECHNISCHE DATEN &#8211; Pumpengeh\u00e4use aus Edelstahl 316 &#8211; Rotor und Abstreifer aus essbarem Kunststoffmaterial &#8211; Gleitringdichtung in Widia-Widia &#8211; Anschluss\u00f6ffnungen Durchm. 40 &#8211; Maximaler Betriebsdruck 10 bar &#8211; Mindestdrehzahl von 60 U\/min &#8211; Maximale Drehzahl 330 U\/min &#8211; Theoretisches Fassungsverm\u00f6gen pro Umdrehung 0,038 Liter &#8211; Transportvolumen bei maximaler Geschwindigkeit 700 Liter [&hellip;]<\/p>\n","protected":false},"featured_media":11953,"template":"","meta":{"_uf_show_specific_survey":0,"_uf_disable_surveys":false},"product_cat":[384],"product_tag":[],"aioseo_notices":[],"_links":{"self":[{"href":"https:\/\/apimat.ch\/de\/wp-json\/wp\/v2\/product\/11995"}],"collection":[{"href":"https:\/\/apimat.ch\/de\/wp-json\/wp\/v2\/product"}],"about":[{"href":"https:\/\/apimat.ch\/de\/wp-json\/wp\/v2\/types\/product"}],"wp:featuredmedia":[{"embeddable":true,"href":"https:\/\/apimat.ch\/de\/wp-json\/wp\/v2\/media\/11953"}],"wp:attachment":[{"href":"https:\/\/apimat.ch\/de\/wp-json\/wp\/v2\/media?parent=11995"}],"wp:term":[{"taxonomy":"product_cat","embeddable":true,"href":"https:\/\/apimat.ch\/de\/wp-json\/wp\/v2\/product_cat?post=11995"},{"taxonomy":"product_tag","embeddable":true,"href":"https:\/\/apimat.ch\/de\/wp-json\/wp\/v2\/product_tag?post=11995"}],"curies":[{"name":"wp","href":"https:\/\/api.w.org\/{rel}","templated":true}]}}