{"id":11999,"date":"2021-02-22T11:08:10","date_gmt":"2021-02-22T13:06:26","guid":{"rendered":"https:\/\/apimat.ch\/?post_type=product&#038;p=11999"},"modified":"2021-02-22T14:06:26","modified_gmt":"2021-02-22T13:06:26","slug":"monolobi-100-pumpe","status":"publish","type":"product","link":"https:\/\/apimat.ch\/de\/produit\/monolobi-100-pumpe\/","title":{"rendered":"MONOLOBI 100 Pumpe"},"content":{"rendered":"<h3>MONOLOBI 100 Pumpe<\/h3>\n<p>ALLGEMEINE TECHNISCHE DATEN<br \/>\n&#8211; Pumpengeh\u00e4use aus 316L-Edelstahl<br \/>\n&#8211; Rotor und Abstreifer aus essbarem Kunststoffmaterial<br \/>\n&#8211; Gleitringdichtung in Widia-Widia<br \/>\n&#8211; Anschlussdimensionen : 50<br \/>\n&#8211; Maximaler Betriebsdruck: 15 bar<br \/>\n&#8211; Minimale Drehgeschwindigkeit: 60 U\/min<br \/>\n&#8211; Maximale Drehgeschwindigkeit: 330 U\/min<br \/>\n&#8211; Theoretische Kapazit\u00e4t pro Umdrehung: 0,1 Liter<br \/>\n&#8211; F\u00f6rdermenge bei maximaler Geschwindigkeit: 1800 Liter \/ Stunde<br \/>\n&#8211; Betriebstemperaturen: -10\u00b0 Ca + 90\u00b0 Ca<br \/>\n&#8211; Motornennleistung: 1,5 kw<br \/>\n&#8211; Umkehrbare Drehrichtung bei einphasigem Wechselrichter auf dreiphasiger Anforderung<br \/>\n&#8211; Variation der Durchflussmenge durch Verstellen der Drehgeschwindigkeit<br \/>\n&#8211; Typ der Anschl\u00fcsse auf Anfrage<br \/>\n&#8211; Hervorragende Zug\u00e4nglichkeit dank der Einfachheit des Aufbausystems<br \/>\n&#8211; Gesamtgewicht kg : 45<\/p>\n<p>DEN BESTIMMUNGSORT DER VERWENDUNG<br \/>\nGeeignet f\u00fcr den Transport von<br \/>\nHonig, Glukose, Sirupe, Konfit\u00fcren, Schokolade, Cremes, Kondensmilch und Derivate, Mayonnaise, Margarine, Joghurt, Butter, K\u00e4se, Schmelzk\u00e4se, Sahne, P\u00fcree, Fruchts\u00e4fte, Fruchtkonzentrate und Fruchtmark, Obst- und Gem\u00fcsesalate, Tomatenw\u00fcrfel, Gem\u00fcsekonserven, So\u00dfen, St\u00e4rken, Gem\u00fcsep\u00fcrees, Molke, Konserven, Fette, Eier, Wein, Gelatine, Malz, homogenisierte Lebensmittel, Oliven\u00f6l, Pflanzen\u00f6le.<\/p>\n<p>&nbsp;<\/p>\n<p><strong>DEGRESSIVE PREISE JE NACH MENGE.<\/strong><\/p>\n<p><strong>F\u00fcr weitere Informationen kontaktieren Sie mich bitte.<\/strong><\/p>\n<p><a href=\"mailto:info@apimat.ch\"><strong>info@<\/strong><strong>apimat<\/strong><strong>.ch<\/strong><\/a><\/p>\n<p><strong>Telefon: 076 213 80 33<\/strong><\/p>\n","protected":false},"excerpt":{"rendered":"<p>MONOLOBI 100 Pumpe ALLGEMEINE TECHNISCHE DATEN &#8211; Pumpengeh\u00e4use aus 316L-Edelstahl &#8211; Rotor und Abstreifer aus essbarem Kunststoffmaterial &#8211; Gleitringdichtung in Widia-Widia &#8211; Anschlussdimensionen : 50 &#8211; Maximaler Betriebsdruck: 15 bar &#8211; Minimale Drehgeschwindigkeit: 60 U\/min &#8211; Maximale Drehgeschwindigkeit: 330 U\/min &#8211; Theoretische Kapazit\u00e4t pro Umdrehung: 0,1 Liter &#8211; F\u00f6rdermenge bei maximaler Geschwindigkeit: 1800 Liter \/ [&hellip;]<\/p>\n","protected":false},"featured_media":11955,"template":"","meta":{"_uf_show_specific_survey":0,"_uf_disable_surveys":false},"product_cat":[384],"product_tag":[],"aioseo_notices":[],"_links":{"self":[{"href":"https:\/\/apimat.ch\/de\/wp-json\/wp\/v2\/product\/11999"}],"collection":[{"href":"https:\/\/apimat.ch\/de\/wp-json\/wp\/v2\/product"}],"about":[{"href":"https:\/\/apimat.ch\/de\/wp-json\/wp\/v2\/types\/product"}],"wp:featuredmedia":[{"embeddable":true,"href":"https:\/\/apimat.ch\/de\/wp-json\/wp\/v2\/media\/11955"}],"wp:attachment":[{"href":"https:\/\/apimat.ch\/de\/wp-json\/wp\/v2\/media?parent=11999"}],"wp:term":[{"taxonomy":"product_cat","embeddable":true,"href":"https:\/\/apimat.ch\/de\/wp-json\/wp\/v2\/product_cat?post=11999"},{"taxonomy":"product_tag","embeddable":true,"href":"https:\/\/apimat.ch\/de\/wp-json\/wp\/v2\/product_tag?post=11999"}],"curies":[{"name":"wp","href":"https:\/\/api.w.org\/{rel}","templated":true}]}}