{"id":12005,"date":"2021-02-22T11:27:24","date_gmt":"2021-02-22T13:12:03","guid":{"rendered":"https:\/\/apimat.ch\/?post_type=product&#038;p=12005"},"modified":"2021-02-22T14:15:49","modified_gmt":"2021-02-22T13:15:49","slug":"motor-pumpe-60","status":"publish","type":"product","link":"https:\/\/apimat.ch\/de\/produit\/motor-pumpe-60\/","title":{"rendered":"MOTOR PUMPE 60"},"content":{"rendered":"<h3>MOTOR PUMPE 60<\/h3>\n<p>ALLGEMEINE TECHNISCHE DATEN<br \/>\n&#8211; Pumpengeh\u00e4use aus 316L-Edelstahl<br \/>\n&#8211; Rotor und Abstreifer aus essbarem Kunststoffmaterial<br \/>\n&#8211; Gleitringdichtung in Widia-Widia<br \/>\n&#8211; Anschlussdimensionen : 40<br \/>\n&#8211; Maximaler Betriebsdruck: 10 bar<br \/>\n&#8211; Minimale Drehgeschwindigkeit: 300 U\/min<br \/>\n&#8211; Maximale Drehgeschwindigkeit: 460 U\/min<br \/>\n&#8211; Theoretische Durchflussmenge pro Umdrehung: 0,038 Liter<br \/>\n&#8211; Transportvolumen von 12,5 Liter \/ min. bis 17,5 Liter \/ min.<br \/>\n&#8211; Betriebstemperaturen von -10\u00b0 Ca + 90\u00b0 Ca<br \/>\n&#8211; Minimale Nennleistung des Benzinmotors: 6 PS<br \/>\n&#8211; Magnetische Kopplung mit einer 12V bis 7A Batterie<br \/>\n&#8211; Unidirektionale Drehrichtung<br \/>\n&#8211; Typ der Anschl\u00fcsse auf Anfrage<br \/>\n&#8211; Hervorragende Zug\u00e4nglichkeit dank der Einfachheit des Aufbausystems<br \/>\n&#8211; Gesamtgewicht kg : 45<\/p>\n<p>DEN BESTIMMUNGSORT DER VERWENDUNG<br \/>\nGeeignet f\u00fcr den Transport von<br \/>\nHonig, Glukose, Sirupe, Konfit\u00fcren, Schokolade, Cremes, Kondensmilch und Derivate, Mayonnaise, Margarine, Joghurt, Butter, K\u00e4se, Schmelzk\u00e4se, Sahne, P\u00fcree, Fruchts\u00e4fte, Fruchtkonzentrate und Fruchtmark, Obst- und Gem\u00fcsesalate, Tomatenw\u00fcrfel, Gem\u00fcsekonserven, So\u00dfen, St\u00e4rken, Gem\u00fcsep\u00fcrees, Molke, Konserven, Fette, Eier, Wein, Gelatine, Malz, homogenisierte Lebensmittel, Oliven\u00f6l, Pflanzen\u00f6le.<\/p>\n<p><strong>DEGRESSIVE PREISE JE NACH MENGE.<\/strong><\/p>\n<p><strong>F\u00fcr weitere Informationen kontaktieren Sie mich bitte.<\/strong><\/p>\n<p><a href=\"mailto:info@apimat.ch\"><strong>info@<\/strong><strong>apimat<\/strong><strong>.ch<\/strong><\/a><\/p>\n<p><strong>Telefon: 076 213 80 33<\/strong><\/p>\n","protected":false},"excerpt":{"rendered":"<p>MOTOR PUMPE 60 ALLGEMEINE TECHNISCHE DATEN &#8211; Pumpengeh\u00e4use aus 316L-Edelstahl &#8211; Rotor und Abstreifer aus essbarem Kunststoffmaterial &#8211; Gleitringdichtung in Widia-Widia &#8211; Anschlussdimensionen : 40 &#8211; Maximaler Betriebsdruck: 10 bar &#8211; Minimale Drehgeschwindigkeit: 300 U\/min &#8211; Maximale Drehgeschwindigkeit: 460 U\/min &#8211; Theoretische Durchflussmenge pro Umdrehung: 0,038 Liter &#8211; Transportvolumen von 12,5 Liter \/ min. bis [&hellip;]<\/p>\n","protected":false},"featured_media":11961,"template":"","meta":{"_uf_show_specific_survey":0,"_uf_disable_surveys":false},"product_cat":[384],"product_tag":[],"aioseo_notices":[],"_links":{"self":[{"href":"https:\/\/apimat.ch\/de\/wp-json\/wp\/v2\/product\/12005"}],"collection":[{"href":"https:\/\/apimat.ch\/de\/wp-json\/wp\/v2\/product"}],"about":[{"href":"https:\/\/apimat.ch\/de\/wp-json\/wp\/v2\/types\/product"}],"wp:featuredmedia":[{"embeddable":true,"href":"https:\/\/apimat.ch\/de\/wp-json\/wp\/v2\/media\/11961"}],"wp:attachment":[{"href":"https:\/\/apimat.ch\/de\/wp-json\/wp\/v2\/media?parent=12005"}],"wp:term":[{"taxonomy":"product_cat","embeddable":true,"href":"https:\/\/apimat.ch\/de\/wp-json\/wp\/v2\/product_cat?post=12005"},{"taxonomy":"product_tag","embeddable":true,"href":"https:\/\/apimat.ch\/de\/wp-json\/wp\/v2\/product_tag?post=12005"}],"curies":[{"name":"wp","href":"https:\/\/api.w.org\/{rel}","templated":true}]}}