{"id":12050,"date":"2021-02-26T21:04:03","date_gmt":"2021-02-26T20:04:04","guid":{"rendered":"https:\/\/apimat.ch\/?post_type=product&#038;p=12050"},"modified":"2021-06-09T16:41:57","modified_gmt":"2021-06-09T14:41:57","slug":"karton-mit-300-glaschen-500-g-aus-lebensmittelkunststoff-mit-originalitatssicherung-copie","status":"publish","type":"product","link":"https:\/\/apimat.ch\/de\/produit\/karton-mit-300-glaschen-500-g-aus-lebensmittelkunststoff-mit-originalitatssicherung-copie\/","title":{"rendered":"Karton mit 300 Gl\u00e4schen 250 g aus Lebensmittelkunststoff mit Originalit\u00e4tssicherung"},"content":{"rendered":"<p>Karton mit 300 Gl\u00e4schen 250 g aus Lebensmittelkunststoff mit Originalit\u00e4tssicherung<\/p>\n<p>Unverletzliche, transparente oder opake PAL-Dose mit Siebdruck &#8220;Miel Suisse&#8221;.<\/p>\n<p><strong>DEGRESSIVE PREISE JE NACH MENGE<\/strong><\/p>\n<p><strong>F\u00fcr weitere Informationen kontaktieren Sie mich bitte.<\/strong><\/p>\n<p><a href=\"mailto:info@apimat.ch\"><strong>info@apimat.ch<\/strong><\/a><\/p>\n<p><strong>Telefon: 076 213 80 33<\/strong><\/p>\n<p>&nbsp;<\/p>\n","protected":false},"excerpt":{"rendered":"<p>Karton mit 300 Gl\u00e4schen 250 g aus Lebensmittelkunststoff mit Originalit\u00e4tssicherung Unverletzliche, transparente oder opake PAL-Dose mit Siebdruck &#8220;Miel Suisse&#8221;. DEGRESSIVE PREISE JE NACH MENGE F\u00fcr weitere Informationen kontaktieren Sie mich bitte. info@apimat.ch Telefon: 076 213 80 33 &nbsp;<\/p>\n","protected":false},"featured_media":41955,"template":"","meta":{"_uf_show_specific_survey":0,"_uf_disable_surveys":false},"product_cat":[106],"product_tag":[],"aioseo_notices":[],"_links":{"self":[{"href":"https:\/\/apimat.ch\/de\/wp-json\/wp\/v2\/product\/12050"}],"collection":[{"href":"https:\/\/apimat.ch\/de\/wp-json\/wp\/v2\/product"}],"about":[{"href":"https:\/\/apimat.ch\/de\/wp-json\/wp\/v2\/types\/product"}],"wp:featuredmedia":[{"embeddable":true,"href":"https:\/\/apimat.ch\/de\/wp-json\/wp\/v2\/media\/41955"}],"wp:attachment":[{"href":"https:\/\/apimat.ch\/de\/wp-json\/wp\/v2\/media?parent=12050"}],"wp:term":[{"taxonomy":"product_cat","embeddable":true,"href":"https:\/\/apimat.ch\/de\/wp-json\/wp\/v2\/product_cat?post=12050"},{"taxonomy":"product_tag","embeddable":true,"href":"https:\/\/apimat.ch\/de\/wp-json\/wp\/v2\/product_tag?post=12050"}],"curies":[{"name":"wp","href":"https:\/\/api.w.org\/{rel}","templated":true}]}}