{"id":12139,"date":"2021-03-04T14:03:41","date_gmt":"2021-03-04T13:03:41","guid":{"rendered":"https:\/\/apimat.ch\/?post_type=product&#038;p=12139"},"modified":"2021-10-02T12:16:09","modified_gmt":"2021-10-02T10:16:09","slug":"manueller-radialschleuder-mit-edelstahlbehalter-o-520-mm-fur-dadant-12-honigrahmen-und-3-brutrahmen-copie","status":"publish","type":"product","link":"https:\/\/apimat.ch\/de\/produit\/manueller-radialschleuder-mit-edelstahlbehalter-o-520-mm-fur-dadant-12-honigrahmen-und-3-brutrahmen-copie\/","title":{"rendered":"Manueller Honigschleuder radial aus Edelstahl f\u00fcr 12 Dadant-Honigrahmen und 3 Dadant-brutrahmen (andere Formate mit Gitter)"},"content":{"rendered":"<h3>MANUELLER Honigschleuder radial aus Edelstahl f\u00fcr:<\/h3>\n<ul>\n<li>\n<h3>12 Dadant-Honigrahmen<\/h3>\n<\/li>\n<\/ul>\n<h3>Mit dem Gitter k\u00f6nnen Sie auch extrahieren: <a href=\"https:\/\/apimat.ch\/de\/produit\/gitter-zum-schleudern-von-brutrahmen-lega-schleudern\/\">https:\/\/apimat.ch\/de\/produit\/gitter-zum-schleudern-von-brutrahmen-lega-schleudern\/<\/a><\/h3>\n<ul>\n<li>\n<h3>3 Dadant-Brutrahmen<\/h3>\n<\/li>\n<li>\n<h3>3 Schweier Kasten Honigrahmen CH und Schneider<\/h3>\n<\/li>\n<li>\n<h3>3 Deutsch Normal<\/h3>\n<\/li>\n<li>\n<h3>3 Zander<\/h3>\n<\/li>\n<li>\n<h3>3 Langstroth<\/h3>\n<\/li>\n<\/ul>\n<p>Manueller Radialauszieher mit Beh\u00e4lter \u00d8 520 mm mit K\u00e4fig aus Edelstahl AISI 304 f\u00fcr 12 Dadant-Hubrahmen, Schr\u00e4ggetriebe mit automatischer Auskupplung und Bremse, mit Kunststoffhahn \u00d8 40 mm, durchsichtiger, durch Scharniere befestigter Deckel und 3 abnehmbare F\u00fc\u00dfe.<\/p>\n<p><strong>SO SCHNELL WIE M\u00d6GLICH ZU RESERVIEREN, ERFOLGEN LIEFERUNGEN PER POSTR\u00dcCKLAUF.<\/strong><\/p>\n<p><strong>F\u00fcr weitere Informationen kontaktieren Sie mich bitte.<\/strong><\/p>\n<p><a href=\"mailto:info@apimat.ch\"><strong>info@apimat.ch<\/strong><\/a><\/p>\n<p><strong>Telefon: 076 213 80 33<\/strong><\/p>\n<p>&nbsp;<\/p>\n","protected":false},"excerpt":{"rendered":"<p>MANUELLER Honigschleuder radial aus Edelstahl f\u00fcr: 12 Dadant-Honigrahmen Mit dem Gitter k\u00f6nnen Sie auch extrahieren: https:\/\/apimat.ch\/de\/produit\/gitter-zum-schleudern-von-brutrahmen-lega-schleudern\/ 3 Dadant-Brutrahmen 3 Schweier Kasten Honigrahmen CH und Schneider 3 Deutsch Normal 3 Zander 3 Langstroth Manueller Radialauszieher mit Beh\u00e4lter \u00d8 520 mm mit K\u00e4fig aus Edelstahl AISI 304 f\u00fcr 12 Dadant-Hubrahmen, Schr\u00e4ggetriebe mit automatischer Auskupplung und Bremse, mit [&hellip;]<\/p>\n","protected":false},"featured_media":14340,"template":"","meta":{"_uf_show_specific_survey":0,"_uf_disable_surveys":false},"product_cat":[1120,107],"product_tag":[],"aioseo_notices":[],"_links":{"self":[{"href":"https:\/\/apimat.ch\/de\/wp-json\/wp\/v2\/product\/12139"}],"collection":[{"href":"https:\/\/apimat.ch\/de\/wp-json\/wp\/v2\/product"}],"about":[{"href":"https:\/\/apimat.ch\/de\/wp-json\/wp\/v2\/types\/product"}],"wp:featuredmedia":[{"embeddable":true,"href":"https:\/\/apimat.ch\/de\/wp-json\/wp\/v2\/media\/14340"}],"wp:attachment":[{"href":"https:\/\/apimat.ch\/de\/wp-json\/wp\/v2\/media?parent=12139"}],"wp:term":[{"taxonomy":"product_cat","embeddable":true,"href":"https:\/\/apimat.ch\/de\/wp-json\/wp\/v2\/product_cat?post=12139"},{"taxonomy":"product_tag","embeddable":true,"href":"https:\/\/apimat.ch\/de\/wp-json\/wp\/v2\/product_tag?post=12139"}],"curies":[{"name":"wp","href":"https:\/\/api.w.org\/{rel}","templated":true}]}}