{"id":12151,"date":"2021-03-04T16:38:54","date_gmt":"2021-03-04T15:38:54","guid":{"rendered":"https:\/\/apimat.ch\/?post_type=product&#038;p=12151"},"modified":"2021-10-02T12:14:35","modified_gmt":"2021-10-02T10:14:35","slug":"motorisierter-honigschleuder-radial-aus-edelstahl-fur-12-dadant-honigrahmen-top-elektronikmotor-copie","status":"publish","type":"product","link":"https:\/\/apimat.ch\/de\/produit\/motorisierter-honigschleuder-radial-aus-edelstahl-fur-12-dadant-honigrahmen-top-elektronikmotor-copie\/","title":{"rendered":"Motorisierter Honigschleuder radial aus Edelstahl f\u00fcr 12 Dadant-Honigrahmen-TOP-Elektronikmotor LEGA"},"content":{"rendered":"<h3>Motorisierter Honigschleuder radial TOP aus Edelstahl f\u00fcr:<\/h3>\n<ul>\n<li>\n<h3>12 Dadant-Honigrahmen<\/h3>\n<\/li>\n<\/ul>\n<h3>Mit dem Gitter k\u00f6nnen Sie auch extrahieren: <a href=\"https:\/\/apimat.ch\/de\/produit\/gitter-zum-schleudern-von-brutrahmen-lega-schleudern\/\">https:\/\/apimat.ch\/de\/produit\/gitter-zum-schleudern-von-brutrahmen-lega-schleudern\/<\/a><\/h3>\n<ul>\n<li>\n<h3>3 Dadant-Brutrahmen<\/h3>\n<\/li>\n<li>\n<h3>3 Schweier Kasten Honigrahmen CH und Schneider<\/h3>\n<\/li>\n<li>\n<h3>3 Deutsch Normal<\/h3>\n<\/li>\n<li>\n<h3>3 Zander<\/h3>\n<\/li>\n<li>\n<h3>3 Langstroth<\/h3>\n<\/li>\n<\/ul>\n<p>Motorisierter Radialabzug, Beh\u00e4lter \u00d8 520 mm, mit K\u00e4fig aus Edelstahl AISI 304 f\u00fcr einfaches Bef\u00fcllen, f\u00fcr 12 Dadant Hubrahmen, mit Niederspannungs-Elektromotor ELOBA und variabler Geschwindigkeitsregelung zwischen 0 und 460 U\/min, Hahn und Deckel aus Kunststoff \u00d8 40 mm.<\/p>\n<p><strong>SO SCHNELL WIE M\u00d6GLICH ZU RESERVIEREN, DIE LIEFERUNGEN ERFOLGEN PER POSTR\u00dcCKLAUF.<\/strong><\/p>\n<p><strong>F\u00fcr weitere Informationen kontaktieren Sie mich bitte.<\/strong><\/p>\n<p><strong><a href=\"mailto:info@apimat.ch\">info@apimat.ch<\/a><\/strong><\/p>\n<p><strong>Telefon: 076 213 80 33<\/strong><\/p>\n<p>&nbsp;<\/p>\n","protected":false},"excerpt":{"rendered":"<p>Motorisierter Honigschleuder radial TOP aus Edelstahl f\u00fcr: 12 Dadant-Honigrahmen Mit dem Gitter k\u00f6nnen Sie auch extrahieren: https:\/\/apimat.ch\/de\/produit\/gitter-zum-schleudern-von-brutrahmen-lega-schleudern\/ 3 Dadant-Brutrahmen 3 Schweier Kasten Honigrahmen CH und Schneider 3 Deutsch Normal 3 Zander 3 Langstroth Motorisierter Radialabzug, Beh\u00e4lter \u00d8 520 mm, mit K\u00e4fig aus Edelstahl AISI 304 f\u00fcr einfaches Bef\u00fcllen, f\u00fcr 12 Dadant Hubrahmen, mit Niederspannungs-Elektromotor ELOBA [&hellip;]<\/p>\n","protected":false},"featured_media":14338,"template":"","meta":{"_uf_show_specific_survey":0,"_uf_disable_surveys":false},"product_cat":[1120,107],"product_tag":[],"aioseo_notices":[],"_links":{"self":[{"href":"https:\/\/apimat.ch\/de\/wp-json\/wp\/v2\/product\/12151"}],"collection":[{"href":"https:\/\/apimat.ch\/de\/wp-json\/wp\/v2\/product"}],"about":[{"href":"https:\/\/apimat.ch\/de\/wp-json\/wp\/v2\/types\/product"}],"wp:featuredmedia":[{"embeddable":true,"href":"https:\/\/apimat.ch\/de\/wp-json\/wp\/v2\/media\/14338"}],"wp:attachment":[{"href":"https:\/\/apimat.ch\/de\/wp-json\/wp\/v2\/media?parent=12151"}],"wp:term":[{"taxonomy":"product_cat","embeddable":true,"href":"https:\/\/apimat.ch\/de\/wp-json\/wp\/v2\/product_cat?post=12151"},{"taxonomy":"product_tag","embeddable":true,"href":"https:\/\/apimat.ch\/de\/wp-json\/wp\/v2\/product_tag?post=12151"}],"curies":[{"name":"wp","href":"https:\/\/api.w.org\/{rel}","templated":true}]}}