{"id":12181,"date":"2021-03-06T07:34:01","date_gmt":"2021-03-06T06:34:02","guid":{"rendered":"https:\/\/apimat.ch\/?post_type=product&#038;p=12181"},"modified":"2021-10-22T18:07:19","modified_gmt":"2021-10-22T16:07:19","slug":"baticadre-nicot-dadant-honigrahmen-einzeln-schachtel-mit-30-stueck","status":"publish","type":"product","link":"https:\/\/apimat.ch\/de\/produit\/baticadre-nicot-dadant-honigrahmen-einzeln-schachtel-mit-30-stueck\/","title":{"rendered":"BATICADRE Nicot Dadant Honigraum pro Einheit (Box mit 30 Einheiten)"},"content":{"rendered":"<h3>BATICADRE Nicot Dadant Honigraum pro Einheit (Box mit 30 Einheiten)<\/h3>\n<p>Gebrauchsfertiger Beutenrahmen aus Kunststoff. UNGEWACHST. Kann ohne Wachs verwendet werden.<\/p>\n<p>Vollst\u00e4ndig aus recycelbarem* lebensmittelechtem Kunststoff hergestellt. F\u00fcr Dadant-Bienenstockspitzen.<\/p>\n<p>Abmessungen: 435 x 160 x 25 mm.<\/p>\n<p>Maximale L\u00e4nge mit Abs\u00e4tzen: 470 mm.<br \/>\nGewicht : 350 g.<\/p>\n<p>Kunststoffzarge auf jeder Seite 6 mm vorgefertigt, d.h. eine Gesamtwaffel von 12 mm Dicke der 4 identischen und geschlossenen Seiten: 25 mm, wodurch externe Rahmenkonstruktionen vermieden werden.<\/p>\n<p><strong>DEGRESSIVE PREISE JE NACH MENGE.<\/strong><\/p>\n<p><strong>F\u00fcr weitere Informationen kontaktieren Sie mich bitte.<\/strong><\/p>\n<p><a href=\"mailto:info@apimat.ch\"><strong>info@apimat.ch<\/strong><\/a><\/p>\n<p><strong>Telefon: 076 213 80 33<\/strong><\/p>\n<p>&nbsp;<\/p>\n","protected":false},"excerpt":{"rendered":"<p>BATICADRE Nicot Dadant Honigraum pro Einheit (Box mit 30 Einheiten) Gebrauchsfertiger Beutenrahmen aus Kunststoff. UNGEWACHST. Kann ohne Wachs verwendet werden. Vollst\u00e4ndig aus recycelbarem* lebensmittelechtem Kunststoff hergestellt. F\u00fcr Dadant-Bienenstockspitzen. Abmessungen: 435 x 160 x 25 mm. Maximale L\u00e4nge mit Abs\u00e4tzen: 470 mm. Gewicht : 350 g. Kunststoffzarge auf jeder Seite 6 mm vorgefertigt, d.h. eine Gesamtwaffel [&hellip;]<\/p>\n","protected":false},"featured_media":12187,"template":"","meta":{"_uf_show_specific_survey":0,"_uf_disable_surveys":false},"product_cat":[103],"product_tag":[],"aioseo_notices":[],"_links":{"self":[{"href":"https:\/\/apimat.ch\/de\/wp-json\/wp\/v2\/product\/12181"}],"collection":[{"href":"https:\/\/apimat.ch\/de\/wp-json\/wp\/v2\/product"}],"about":[{"href":"https:\/\/apimat.ch\/de\/wp-json\/wp\/v2\/types\/product"}],"wp:featuredmedia":[{"embeddable":true,"href":"https:\/\/apimat.ch\/de\/wp-json\/wp\/v2\/media\/12187"}],"wp:attachment":[{"href":"https:\/\/apimat.ch\/de\/wp-json\/wp\/v2\/media?parent=12181"}],"wp:term":[{"taxonomy":"product_cat","embeddable":true,"href":"https:\/\/apimat.ch\/de\/wp-json\/wp\/v2\/product_cat?post=12181"},{"taxonomy":"product_tag","embeddable":true,"href":"https:\/\/apimat.ch\/de\/wp-json\/wp\/v2\/product_tag?post=12181"}],"curies":[{"name":"wp","href":"https:\/\/api.w.org\/{rel}","templated":true}]}}