{"id":12191,"date":"2021-03-06T15:53:02","date_gmt":"2021-03-06T14:53:03","guid":{"rendered":"https:\/\/apimat.ch\/?post_type=product&#038;p=12191"},"modified":"2024-01-23T16:55:14","modified_gmt":"2024-01-23T15:55:14","slug":"einweg-holzrahmchen-fur-apidea-begattungskastli-copie","status":"publish","type":"product","link":"https:\/\/apimat.ch\/de\/produit\/einweg-holzrahmchen-fur-apidea-begattungskastli-copie\/","title":{"rendered":"APIDEA Eingang,  Anti-Pl\u00fcnderung und Schutz vor asiatischen Hornissen &#8211; Exklusiv bei Apimat"},"content":{"rendered":"<h3>APIDEA Eingang, Anti-Pl\u00fcnderung und Schutz vor asiatischen Hornissen &#8211; Exklusiv bei Apimat<\/h3>\n<p>Die Kolonie in APIDEA ist klein und wird oft von anderen Kolonien gepl\u00fcndert. Mit diesem System werden Sie keine K\u00f6niginnen mehr durch Pl\u00fcnderung verlieren.<\/p>\n<p><strong>F\u00fcr weitere Informationen kontaktieren Sie mich bitte.<\/strong><\/p>\n<p><strong><a href=\"mailto:info@apimat.ch\">info@apimat.ch<\/a><\/strong><\/p>\n<p><strong>Telefon: 076 213 80 33<\/strong><\/p>\n<p>&nbsp;<\/p>\n","protected":false},"excerpt":{"rendered":"<p>APIDEA Eingang, Anti-Pl\u00fcnderung und Schutz vor asiatischen Hornissen &#8211; Exklusiv bei Apimat Die Kolonie in APIDEA ist klein und wird oft von anderen Kolonien gepl\u00fcndert. Mit diesem System werden Sie keine K\u00f6niginnen mehr durch Pl\u00fcnderung verlieren. F\u00fcr weitere Informationen kontaktieren Sie mich bitte. info@apimat.ch Telefon: 076 213 80 33 &nbsp;<\/p>\n","protected":false},"featured_media":12193,"template":"","meta":{"_uf_show_specific_survey":0,"_uf_disable_surveys":false},"product_cat":[912,95,1060],"product_tag":[],"aioseo_notices":[],"_links":{"self":[{"href":"https:\/\/apimat.ch\/de\/wp-json\/wp\/v2\/product\/12191"}],"collection":[{"href":"https:\/\/apimat.ch\/de\/wp-json\/wp\/v2\/product"}],"about":[{"href":"https:\/\/apimat.ch\/de\/wp-json\/wp\/v2\/types\/product"}],"wp:featuredmedia":[{"embeddable":true,"href":"https:\/\/apimat.ch\/de\/wp-json\/wp\/v2\/media\/12193"}],"wp:attachment":[{"href":"https:\/\/apimat.ch\/de\/wp-json\/wp\/v2\/media?parent=12191"}],"wp:term":[{"taxonomy":"product_cat","embeddable":true,"href":"https:\/\/apimat.ch\/de\/wp-json\/wp\/v2\/product_cat?post=12191"},{"taxonomy":"product_tag","embeddable":true,"href":"https:\/\/apimat.ch\/de\/wp-json\/wp\/v2\/product_tag?post=12191"}],"curies":[{"name":"wp","href":"https:\/\/api.w.org\/{rel}","templated":true}]}}