{"id":12322,"date":"2021-03-20T06:35:48","date_gmt":"2021-03-20T05:35:48","guid":{"rendered":"https:\/\/apimat.ch\/?post_type=product&#038;p=12322"},"modified":"2022-03-21T11:10:58","modified_gmt":"2022-03-21T10:10:58","slug":"portionspackungen-fuer-wabenhonig-groesse-68-x-88mm","status":"publish","type":"product","link":"https:\/\/apimat.ch\/de\/produit\/portionspackungen-fuer-wabenhonig-groesse-68-x-88mm\/","title":{"rendered":"Portionspackungen f\u00fcr Wabenhonig. Gr\u00f6sse 68 x 88mm."},"content":{"rendered":"<h3>Portionspackungen f\u00fcr Wabenhonig. Gr\u00f6sse 68 x 88mm.<\/h3>\n<h3 class=\"p1\">Geeignet f\u00fcr Wabenhonig 64 x 84mm =&gt;<\/h3>\n<p>Die Nistk\u00e4sten sind aus wiederverwertbarem, flexiblem, transparentem Kunststoff gefertigt.<\/p>\n<p>Die ineinander greifenden Deckel sind aus recycelbarem Kunststoffmaterial, Crystal-Qualit\u00e4t.<\/p>\n<p><strong>DEGRESSIVE PREISE JE NACH MENGE.<\/strong><\/p>\n<p><strong>F\u00fcr weitere Informationen kontaktieren Sie mich bitte.<\/strong><\/p>\n<p><a href=\"mailto:info@apimat.ch\"><strong>info@apimat.ch<\/strong><\/a><\/p>\n<p><strong>Telefon: 076 213 80 33<\/strong><\/p>\n<p>&nbsp;<\/p>\n","protected":false},"excerpt":{"rendered":"<p>Portionspackungen f\u00fcr Wabenhonig. Gr\u00f6sse 68 x 88mm. Geeignet f\u00fcr Wabenhonig 64 x 84mm =&gt; Die Nistk\u00e4sten sind aus wiederverwertbarem, flexiblem, transparentem Kunststoff gefertigt. Die ineinander greifenden Deckel sind aus recycelbarem Kunststoffmaterial, Crystal-Qualit\u00e4t. DEGRESSIVE PREISE JE NACH MENGE. F\u00fcr weitere Informationen kontaktieren Sie mich bitte. info@apimat.ch Telefon: 076 213 80 33 &nbsp;<\/p>\n","protected":false},"featured_media":42069,"template":"","meta":{"_uf_show_specific_survey":0,"_uf_disable_surveys":false},"product_cat":[106],"product_tag":[],"aioseo_notices":[],"_links":{"self":[{"href":"https:\/\/apimat.ch\/de\/wp-json\/wp\/v2\/product\/12322"}],"collection":[{"href":"https:\/\/apimat.ch\/de\/wp-json\/wp\/v2\/product"}],"about":[{"href":"https:\/\/apimat.ch\/de\/wp-json\/wp\/v2\/types\/product"}],"wp:featuredmedia":[{"embeddable":true,"href":"https:\/\/apimat.ch\/de\/wp-json\/wp\/v2\/media\/42069"}],"wp:attachment":[{"href":"https:\/\/apimat.ch\/de\/wp-json\/wp\/v2\/media?parent=12322"}],"wp:term":[{"taxonomy":"product_cat","embeddable":true,"href":"https:\/\/apimat.ch\/de\/wp-json\/wp\/v2\/product_cat?post=12322"},{"taxonomy":"product_tag","embeddable":true,"href":"https:\/\/apimat.ch\/de\/wp-json\/wp\/v2\/product_tag?post=12322"}],"curies":[{"name":"wp","href":"https:\/\/api.w.org\/{rel}","templated":true}]}}