{"id":12329,"date":"2021-03-20T06:51:42","date_gmt":"2021-03-20T05:51:43","guid":{"rendered":"https:\/\/apimat.ch\/?post_type=product&#038;p=12329"},"modified":"2022-03-21T11:13:17","modified_gmt":"2022-03-21T10:13:17","slug":"portionspackungen-fuer-wabenhonig-groesse-120-x-145-mm","status":"publish","type":"product","link":"https:\/\/apimat.ch\/de\/produit\/portionspackungen-fuer-wabenhonig-groesse-120-x-145-mm\/","title":{"rendered":"Portionspackungen f\u00fcr Wabenhonig. Gr\u00f6sse 120 x 145 mm."},"content":{"rendered":"<h3>Portionspackungen f\u00fcr Wabenhonig. Gr\u00f6sse 120 x 145 mm.<\/h3>\n<h3>Geeignet f\u00fcr Wabenhonig 103 x 132 mm =&gt;\u00a0<a href=\"https:\/\/apimat.ch\/de\/produit\/dadant-blatt-holzraemchen-fuer-wabenhonig-103-132mm\/\">https:\/\/apimat.ch\/de\/produit\/dadant-blatt-holzraemchen-fuer-wabenhonig-103-132mm\/<\/a><\/h3>\n<p>Die Nistk\u00e4sten sind aus wiederverwertbarem, flexiblem, transparentem Kunststoff gefertigt.<\/p>\n<p>Die ineinander greifenden Deckel sind aus recycelbarem Kunststoffmaterial, Crystal-Qualit\u00e4t.<\/p>\n<p><strong>DEGRESSIVE PREISE JE NACH MENGE.<\/strong><\/p>\n<p><strong>F\u00fcr weitere Informationen kontaktieren Sie mich bitte.<\/strong><\/p>\n<p><a href=\"mailto:info@apimat.ch\"><strong>info@apimat.ch<\/strong><\/a><\/p>\n<p><strong>Telefon: 076 213 80 33<\/strong><\/p>\n<p>&nbsp;<\/p>\n","protected":false},"excerpt":{"rendered":"<p>Portionspackungen f\u00fcr Wabenhonig. Gr\u00f6sse 120 x 145 mm. Geeignet f\u00fcr Wabenhonig 103 x 132 mm =&gt;\u00a0https:\/\/apimat.ch\/de\/produit\/dadant-blatt-holzraemchen-fuer-wabenhonig-103-132mm\/ Die Nistk\u00e4sten sind aus wiederverwertbarem, flexiblem, transparentem Kunststoff gefertigt. Die ineinander greifenden Deckel sind aus recycelbarem Kunststoffmaterial, Crystal-Qualit\u00e4t. DEGRESSIVE PREISE JE NACH MENGE. F\u00fcr weitere Informationen kontaktieren Sie mich bitte. info@apimat.ch Telefon: 076 213 80 33 &nbsp;<\/p>\n","protected":false},"featured_media":42072,"template":"","meta":{"_uf_show_specific_survey":0,"_uf_disable_surveys":false},"product_cat":[106],"product_tag":[],"aioseo_notices":[],"_links":{"self":[{"href":"https:\/\/apimat.ch\/de\/wp-json\/wp\/v2\/product\/12329"}],"collection":[{"href":"https:\/\/apimat.ch\/de\/wp-json\/wp\/v2\/product"}],"about":[{"href":"https:\/\/apimat.ch\/de\/wp-json\/wp\/v2\/types\/product"}],"wp:featuredmedia":[{"embeddable":true,"href":"https:\/\/apimat.ch\/de\/wp-json\/wp\/v2\/media\/42072"}],"wp:attachment":[{"href":"https:\/\/apimat.ch\/de\/wp-json\/wp\/v2\/media?parent=12329"}],"wp:term":[{"taxonomy":"product_cat","embeddable":true,"href":"https:\/\/apimat.ch\/de\/wp-json\/wp\/v2\/product_cat?post=12329"},{"taxonomy":"product_tag","embeddable":true,"href":"https:\/\/apimat.ch\/de\/wp-json\/wp\/v2\/product_tag?post=12329"}],"curies":[{"name":"wp","href":"https:\/\/api.w.org\/{rel}","templated":true}]}}