{"id":12614,"date":"2021-04-29T12:07:49","date_gmt":"2021-04-29T10:37:00","guid":{"rendered":"https:\/\/apimat.ch\/?post_type=product&#038;p=12614"},"modified":"2021-06-09T16:15:17","modified_gmt":"2021-06-09T14:15:17","slug":"hotel-fuer-solitaerbienen-100-swiss-made","status":"publish","type":"product","link":"https:\/\/apimat.ch\/de\/produit\/hotel-fuer-solitaerbienen-100-swiss-made\/","title":{"rendered":"Hotel f\u00fcr Solit\u00e4rbienen 100% Swiss made"},"content":{"rendered":"<p>Hotel f\u00fcr Solit\u00e4rbienen 100% Swiss made<\/p>\n<p>Handgefertigt aus Schweizer Holz.<\/p>\n<p>Sie zielen nur auf Solit\u00e4rbienen, insbesondere Mauerbienen<\/p>\n<p><strong>DIE PREISE SIND JE NACH MENGE DEGRESSIV.<\/strong><\/p>\n<p><strong>F\u00fcr weitere Informationen kontaktieren Sie mich bitte.<\/strong><\/p>\n<p><a href=\"mailto:info@apimat.ch\"><strong>info@apimat.ch<\/strong><\/a><\/p>\n<p><strong>Telefon: 076 213 80 33<\/strong><\/p>\n<p>&nbsp;<\/p>\n","protected":false},"excerpt":{"rendered":"<p>Hotel f\u00fcr Solit\u00e4rbienen 100% Swiss made Handgefertigt aus Schweizer Holz. Sie zielen nur auf Solit\u00e4rbienen, insbesondere Mauerbienen DIE PREISE SIND JE NACH MENGE DEGRESSIV. F\u00fcr weitere Informationen kontaktieren Sie mich bitte. info@apimat.ch Telefon: 076 213 80 33 &nbsp;<\/p>\n","protected":false},"featured_media":12611,"template":"","meta":{"_uf_show_specific_survey":0,"_uf_disable_surveys":false},"product_cat":[101],"product_tag":[],"aioseo_notices":[],"_links":{"self":[{"href":"https:\/\/apimat.ch\/de\/wp-json\/wp\/v2\/product\/12614"}],"collection":[{"href":"https:\/\/apimat.ch\/de\/wp-json\/wp\/v2\/product"}],"about":[{"href":"https:\/\/apimat.ch\/de\/wp-json\/wp\/v2\/types\/product"}],"wp:featuredmedia":[{"embeddable":true,"href":"https:\/\/apimat.ch\/de\/wp-json\/wp\/v2\/media\/12611"}],"wp:attachment":[{"href":"https:\/\/apimat.ch\/de\/wp-json\/wp\/v2\/media?parent=12614"}],"wp:term":[{"taxonomy":"product_cat","embeddable":true,"href":"https:\/\/apimat.ch\/de\/wp-json\/wp\/v2\/product_cat?post=12614"},{"taxonomy":"product_tag","embeddable":true,"href":"https:\/\/apimat.ch\/de\/wp-json\/wp\/v2\/product_tag?post=12614"}],"curies":[{"name":"wp","href":"https:\/\/api.w.org\/{rel}","templated":true}]}}