{"id":12836,"date":"2021-05-12T08:17:26","date_gmt":"2021-05-12T06:25:11","guid":{"rendered":"https:\/\/apimat.ch\/?post_type=product&#038;p=12836"},"modified":"2024-09-05T19:26:55","modified_gmt":"2024-09-05T17:26:55","slug":"honig-raumhebegeraet-mit-dadant-10-und-12-kompatibel","status":"publish","type":"product","link":"https:\/\/apimat.ch\/de\/produit\/honig-raumhebegeraet-mit-dadant-10-und-12-kompatibel\/","title":{"rendered":"Honig Raumhebeger\u00e4t mit Dadant 10 und 12 kompatibel"},"content":{"rendered":"<h3>Honig Raumhebeger\u00e4t mit Dadant 10 und 12 kompatibel<\/h3>\n<p>Es ist notwendig, um den Bienenstock herum zu positionieren, indem die St\u00fctzen in die Vertiefungen der Supers eingeh\u00e4ngt werden.<\/p>\n<p>&#8211; verzinkte Struktur<\/p>\n<p>&#8211; Tragkraft bis zu 150 kg<\/p>\n<p>&#8211; einfache Montage<\/p>\n<p><strong>DIE PREISE SIND JE NACH MENGE DEGRESSIV.<\/strong><\/p>\n<p><strong>F\u00fcr weitere Informationen kontaktieren Sie mich bitte.<\/strong><\/p>\n<p><a href=\"mailto:info@apimat.ch\"><strong>info@apimat.ch<\/strong><\/a><\/p>\n<p><strong>Telefon: 076 213 80 33<\/strong><\/p>\n<p>&nbsp;<\/p>\n","protected":false},"excerpt":{"rendered":"<p>Honig Raumhebeger\u00e4t mit Dadant 10 und 12 kompatibel Es ist notwendig, um den Bienenstock herum zu positionieren, indem die St\u00fctzen in die Vertiefungen der Supers eingeh\u00e4ngt werden. &#8211; verzinkte Struktur &#8211; Tragkraft bis zu 150 kg &#8211; einfache Montage DIE PREISE SIND JE NACH MENGE DEGRESSIV. F\u00fcr weitere Informationen kontaktieren Sie mich bitte. info@apimat.ch Telefon: [&hellip;]<\/p>\n","protected":false},"featured_media":42111,"template":"","meta":{"_uf_show_specific_survey":0,"_uf_disable_surveys":false},"product_cat":[98],"product_tag":[],"aioseo_notices":[],"_links":{"self":[{"href":"https:\/\/apimat.ch\/de\/wp-json\/wp\/v2\/product\/12836"}],"collection":[{"href":"https:\/\/apimat.ch\/de\/wp-json\/wp\/v2\/product"}],"about":[{"href":"https:\/\/apimat.ch\/de\/wp-json\/wp\/v2\/types\/product"}],"wp:featuredmedia":[{"embeddable":true,"href":"https:\/\/apimat.ch\/de\/wp-json\/wp\/v2\/media\/42111"}],"wp:attachment":[{"href":"https:\/\/apimat.ch\/de\/wp-json\/wp\/v2\/media?parent=12836"}],"wp:term":[{"taxonomy":"product_cat","embeddable":true,"href":"https:\/\/apimat.ch\/de\/wp-json\/wp\/v2\/product_cat?post=12836"},{"taxonomy":"product_tag","embeddable":true,"href":"https:\/\/apimat.ch\/de\/wp-json\/wp\/v2\/product_tag?post=12836"}],"curies":[{"name":"wp","href":"https:\/\/api.w.org\/{rel}","templated":true}]}}