{"id":13375,"date":"2021-06-12T06:20:53","date_gmt":"2021-06-12T04:30:04","guid":{"rendered":"https:\/\/apimat.ch\/?post_type=product&#038;p=13375"},"modified":"2021-06-20T20:19:20","modified_gmt":"2021-06-20T18:19:20","slug":"rihtner-dadant-blatt-bienenstock-komplett-montiert-und-lackiert","status":"publish","type":"product","link":"https:\/\/apimat.ch\/de\/produit\/rihtner-dadant-blatt-bienenstock-komplett-montiert-und-lackiert\/","title":{"rendered":"RIHTNER Dadant Blatt 12 Bienenstock, komplett, montiert und lackiert ( OHNE R\u00c4HMEN )"},"content":{"rendered":"<h2>RIHTNER Dadant Blatt 12 Bienenstock, komplett, montiert und lackiert ( OHNE R\u00c4HMEN )<\/h2>\n<p>Dieser Bienenstock besteht aus :<\/p>\n<p><strong>1 Beutenk\u00f6rper mit 12 Rahmen<\/strong><\/p>\n<p><strong>2 Bretter der Trennwand aus Marine-Sperrholz<\/strong><\/p>\n<p><strong>1 Platte mit Aluminium-Lochblech und r\u00fcckseitiger Schublade<\/strong><\/p>\n<p><strong>1 gro\u00dfe Eingangs\u00f6ffnung \u00fcber die gesamte Breite<\/strong><\/p>\n<p><strong>1 dickwandiges &#8220;Pastoral&#8221;-Brett mit Winkelklammern und Trennstreifen f\u00fcr: 11 Rahmen von 25 mm<\/strong><\/p>\n<p><strong>1 Rahmenabdeckplatte aus d\u00fcnnen Brettern, die zu einer einteiligen, kondensationsdampfdurchl\u00e4ssigen Wanne zusammengesetzt sind, mit einer \u00d6ffnung f\u00fcr den 6-Liter-Beh\u00e4lter<\/strong><\/p>\n<p><strong>2 Isothermenwannen aus weichem Pavatex, je 16 mm stark, sehr effektiv gegen Feuchtigkeit und K\u00e4lte (W\u00e4rmed\u00e4mmung)<\/strong><\/p>\n<p><strong>1 Kunststofftr\u00e4nke von 6 Litern sehr praktisch, besonders f\u00fcr entfernte Bienenst\u00e4nde, leicht abwaschbar, nestbar, verbleibt nur w\u00e4hrend der F\u00fctterungszeit am Bienenstock<\/strong><\/p>\n<p><strong>1 &#8220;Chalet&#8221;-Dach mit 2 Seiten, bedeckt mit einem Aluminiumblech und lackiert in einer emaillierten Farbe mit zwei Schutzgrundierungen.<\/strong><\/p>\n<p>Der Bienenstock im Bausatz enth\u00e4lt :<\/p>\n<p>Bienenstock in Teilen, einschlie\u00dflich aller montagefertigen Holz- und Metallteile, montierte Platine<\/p>\n<p>montagefertig, montierte Platte, mit Pavatex, ohne Anlegevorrichtung, ohne Rahmen,<br \/>\nohne Deckel (plus \u00d6ko-Deckel 50,- oder Rithner-Deckel 80,-)<\/p>\n<p>Verf\u00fcgbare Dachfarben: Wei\u00df, Rot, Orange, Gelb, Gr\u00fcn, Blau, Kastanie, T\u00fcrkis, Wassergr\u00fcn, Rosa, Fuchsia, Mitternachtsblau, Schwarz.<\/p>\n<p>Bitte geben Sie uns ein paar Tage im Voraus Bescheid, damit wir Ihre Bestellung vorbereiten k\u00f6nnen.<\/p>\n<div class=\"content--title\">\n<p><strong>DIE PREISE SIND JE NACH MENGE DEGRESSIV.<\/strong><\/p>\n<\/div>\n<p><strong>F\u00fcr weitere Informationen kontaktieren Sie mich bitte.<\/strong><\/p>\n<p><a href=\"mailto:info@apimat.ch\"><strong>info@apimat.ch<\/strong><\/a><\/p>\n<p><strong>Telefon: 076 213 80 33<\/strong><\/p>\n<p><strong>BESUCHE NACH ERNENNUNG 7\/7 Tage<\/strong><\/p>\n","protected":false},"excerpt":{"rendered":"<p>RIHTNER Dadant Blatt 12 Bienenstock, komplett, montiert und lackiert ( OHNE R\u00c4HMEN ) Dieser Bienenstock besteht aus : 1 Beutenk\u00f6rper mit 12 Rahmen 2 Bretter der Trennwand aus Marine-Sperrholz 1 Platte mit Aluminium-Lochblech und r\u00fcckseitiger Schublade 1 gro\u00dfe Eingangs\u00f6ffnung \u00fcber die gesamte Breite 1 dickwandiges &#8220;Pastoral&#8221;-Brett mit Winkelklammern und Trennstreifen f\u00fcr: 11 Rahmen von 25 [&hellip;]<\/p>\n","protected":false},"featured_media":13407,"template":"","meta":{"_uf_show_specific_survey":0,"_uf_disable_surveys":false},"product_cat":[101],"product_tag":[],"aioseo_notices":[],"_links":{"self":[{"href":"https:\/\/apimat.ch\/de\/wp-json\/wp\/v2\/product\/13375"}],"collection":[{"href":"https:\/\/apimat.ch\/de\/wp-json\/wp\/v2\/product"}],"about":[{"href":"https:\/\/apimat.ch\/de\/wp-json\/wp\/v2\/types\/product"}],"wp:featuredmedia":[{"embeddable":true,"href":"https:\/\/apimat.ch\/de\/wp-json\/wp\/v2\/media\/13407"}],"wp:attachment":[{"href":"https:\/\/apimat.ch\/de\/wp-json\/wp\/v2\/media?parent=13375"}],"wp:term":[{"taxonomy":"product_cat","embeddable":true,"href":"https:\/\/apimat.ch\/de\/wp-json\/wp\/v2\/product_cat?post=13375"},{"taxonomy":"product_tag","embeddable":true,"href":"https:\/\/apimat.ch\/de\/wp-json\/wp\/v2\/product_tag?post=13375"}],"curies":[{"name":"wp","href":"https:\/\/api.w.org\/{rel}","templated":true}]}}