{"id":13378,"date":"2021-06-12T06:25:47","date_gmt":"2021-06-12T04:31:49","guid":{"rendered":"https:\/\/apimat.ch\/?post_type=product&#038;p=13378"},"modified":"2021-12-27T12:36:03","modified_gmt":"2021-12-27T11:36:03","slug":"rithner-chalet-dach-in-14-farben-erhaeltlich","status":"publish","type":"product","link":"https:\/\/apimat.ch\/de\/produit\/rithner-chalet-dach-in-14-farben-erhaeltlich\/","title":{"rendered":"RITHNER Chalet-Dach (in 14 Farben erh\u00e4ltlich)"},"content":{"rendered":"<div class=\"content--title\">\n<h3>RITHNER Chalet-Dach (in 14 Farben erh\u00e4ltlich)<\/h3>\n<p>Marquee (Dach) &#8220;pastoral&#8221; in 10 oder 12 Rahmen.<\/p>\n<p>&nbsp;<\/p>\n<p>10.480 Zelt (Dach) &#8220;pastoral&#8221;, Chaletform, mit Aluminiumblech, 3-Schicht-Lackierung.<\/p>\n<p>&nbsp;<\/p>\n<p>10.490 Markise (Dach) &#8220;pastoral&#8221;, Chaletform, mit gefaltetem Aluminiumblech, in Einzelteilen.<\/p>\n<p>&nbsp;<\/p>\n<p>Verf\u00fcgbare Farben: wei\u00df, rot, orange, gelb, gr\u00fcn, blau, kastanienbraun, t\u00fcrkis, wassergr\u00fcn, blassgelb, rosa, fuchsia, schwarz, nachtblau.<\/p>\n<p>&nbsp;<\/p>\n<p>Bitte melden Sie sich ein paar Tage vor Ihrem Besuch an, damit wir Ihre Bestellung vorbereiten k\u00f6nnen.<\/p>\n<p>&nbsp;<\/p>\n<p><strong>DIE PREISE SIND JE NACH MENGE DEGRESSIV.<\/strong><\/p>\n<\/div>\n<p><strong>F\u00fcr weitere Informationen kontaktieren Sie mich bitte.<\/strong><\/p>\n<p><a href=\"mailto:info@apimat.ch\"><strong>info@apimat.ch<\/strong><\/a><\/p>\n<p><strong>Telefon: 076 213 80 33<\/strong><\/p>\n<p><strong>BESUCHE NACH ERNENNUNG 7\/7 Tage<\/strong><\/p>\n","protected":false},"excerpt":{"rendered":"<p>RITHNER Chalet-Dach (in 14 Farben erh\u00e4ltlich) Marquee (Dach) &#8220;pastoral&#8221; in 10 oder 12 Rahmen. &nbsp; 10.480 Zelt (Dach) &#8220;pastoral&#8221;, Chaletform, mit Aluminiumblech, 3-Schicht-Lackierung. &nbsp; 10.490 Markise (Dach) &#8220;pastoral&#8221;, Chaletform, mit gefaltetem Aluminiumblech, in Einzelteilen. &nbsp; Verf\u00fcgbare Farben: wei\u00df, rot, orange, gelb, gr\u00fcn, blau, kastanienbraun, t\u00fcrkis, wassergr\u00fcn, blassgelb, rosa, fuchsia, schwarz, nachtblau. &nbsp; Bitte melden Sie [&hellip;]<\/p>\n","protected":false},"featured_media":13368,"template":"","meta":{"_uf_show_specific_survey":0,"_uf_disable_surveys":false},"product_cat":[102],"product_tag":[],"aioseo_notices":[],"_links":{"self":[{"href":"https:\/\/apimat.ch\/de\/wp-json\/wp\/v2\/product\/13378"}],"collection":[{"href":"https:\/\/apimat.ch\/de\/wp-json\/wp\/v2\/product"}],"about":[{"href":"https:\/\/apimat.ch\/de\/wp-json\/wp\/v2\/types\/product"}],"wp:featuredmedia":[{"embeddable":true,"href":"https:\/\/apimat.ch\/de\/wp-json\/wp\/v2\/media\/13368"}],"wp:attachment":[{"href":"https:\/\/apimat.ch\/de\/wp-json\/wp\/v2\/media?parent=13378"}],"wp:term":[{"taxonomy":"product_cat","embeddable":true,"href":"https:\/\/apimat.ch\/de\/wp-json\/wp\/v2\/product_cat?post=13378"},{"taxonomy":"product_tag","embeddable":true,"href":"https:\/\/apimat.ch\/de\/wp-json\/wp\/v2\/product_tag?post=13378"}],"curies":[{"name":"wp","href":"https:\/\/api.w.org\/{rel}","templated":true}]}}