{"id":13468,"date":"2021-06-14T06:15:38","date_gmt":"2021-06-14T04:24:20","guid":{"rendered":"https:\/\/apimat.ch\/?post_type=product&#038;p=13468"},"modified":"2022-02-12T18:39:33","modified_gmt":"2022-02-12T17:39:33","slug":"beweglicher-boden-behandelt-mit-leinoel-mit-anti-varroa-edelstahlgitter-fuer-dadant-6-bienenstock","status":"publish","type":"product","link":"https:\/\/apimat.ch\/de\/produit\/beweglicher-boden-behandelt-mit-leinoel-mit-anti-varroa-edelstahlgitter-fuer-dadant-6-bienenstock\/","title":{"rendered":"Beweglicher Boden, behandelt mit Lein\u00f6l, mit Anti-Varroa-Edelstahlgitter f\u00fcr Dadant 6 Bienenstock"},"content":{"rendered":"<p>Beweglicher Boden, behandelt mit Lein\u00f6l, mit Anti-Varroa-Edelstahlgitter f\u00fcr Dadant 6 Bienenstock<\/p>\n<p><strong>DIE PREISE SIND JE NACH MENGE DEGRESSIV.<\/strong><\/p>\n<p><strong>F\u00fcr weitere Informationen kontaktieren Sie mich bitte.<\/strong><\/p>\n<p><a href=\"mailto:info@apimat.ch\"><strong>info@apimat.ch<\/strong><\/a><\/p>\n<p><strong>Telefon: 076 213 80 33<\/strong><\/p>\n","protected":false},"excerpt":{"rendered":"<p>Beweglicher Boden, behandelt mit Lein\u00f6l, mit Anti-Varroa-Edelstahlgitter f\u00fcr Dadant 6 Bienenstock DIE PREISE SIND JE NACH MENGE DEGRESSIV. F\u00fcr weitere Informationen kontaktieren Sie mich bitte. info@apimat.ch Telefon: 076 213 80 33<\/p>\n","protected":false},"featured_media":17218,"template":"","meta":{"_uf_show_specific_survey":0,"_uf_disable_surveys":false},"product_cat":[102],"product_tag":[],"aioseo_notices":[],"_links":{"self":[{"href":"https:\/\/apimat.ch\/de\/wp-json\/wp\/v2\/product\/13468"}],"collection":[{"href":"https:\/\/apimat.ch\/de\/wp-json\/wp\/v2\/product"}],"about":[{"href":"https:\/\/apimat.ch\/de\/wp-json\/wp\/v2\/types\/product"}],"wp:featuredmedia":[{"embeddable":true,"href":"https:\/\/apimat.ch\/de\/wp-json\/wp\/v2\/media\/17218"}],"wp:attachment":[{"href":"https:\/\/apimat.ch\/de\/wp-json\/wp\/v2\/media?parent=13468"}],"wp:term":[{"taxonomy":"product_cat","embeddable":true,"href":"https:\/\/apimat.ch\/de\/wp-json\/wp\/v2\/product_cat?post=13468"},{"taxonomy":"product_tag","embeddable":true,"href":"https:\/\/apimat.ch\/de\/wp-json\/wp\/v2\/product_tag?post=13468"}],"curies":[{"name":"wp","href":"https:\/\/api.w.org\/{rel}","templated":true}]}}