{"id":13581,"date":"2021-06-20T20:23:12","date_gmt":"2021-06-20T18:23:13","guid":{"rendered":"https:\/\/apimat.ch\/?post_type=product&#038;p=13581"},"modified":"2021-12-27T12:39:57","modified_gmt":"2021-12-27T11:39:57","slug":"rithner-dadant-10-honig-raum-mit-9-raehmen","status":"publish","type":"product","link":"https:\/\/apimat.ch\/de\/produit\/rithner-dadant-10-honig-raum-mit-9-raehmen\/","title":{"rendered":"RITHNER Dadant 10-Honig-Raum ( MIT 9 R\u00c4HMEN )"},"content":{"rendered":"<h3>RITHNER Dadant 10-Honig-Raum ( MIT 9 R\u00c4HMEN )<\/h3>\n<p>&#8211; 10.300 Hirtenfrosch, montiert, unbemalt + G\u00e4rschr\u00e4nke 90,00<\/p>\n<p>&#8211; 10.310 Pastoral&#8221;-Kolben, montiert und bemalt, ohne Clips oder Trennungen 95,00<\/p>\n<p>&#8211; 10.325 Hirtenfrosch, montiert und bemalt, mit Teilern f\u00fcr 25 mm Rahmen 110,00<\/p>\n<p>&#8211; 10.350 Montierter und bemalter &#8220;pastoraler&#8221; Frosch, + 11 Rahmen 25 mm mit Wachs 175,00<\/p>\n<p><strong>DIE PREISE SIND JE NACH MENGE DEGRESSIV.<\/strong><\/p>\n<p><strong>F\u00fcr weitere Informationen kontaktieren Sie mich bitte.<\/strong><\/p>\n<p><a href=\"mailto:info@apimat.ch\"><strong>info@apimat.ch<\/strong><\/a><\/p>\n<p><strong>Telefon: 076 213 80 33<\/strong><\/p>\n","protected":false},"excerpt":{"rendered":"<p>RITHNER Dadant 10-Honig-Raum ( MIT 9 R\u00c4HMEN ) &#8211; 10.300 Hirtenfrosch, montiert, unbemalt + G\u00e4rschr\u00e4nke 90,00 &#8211; 10.310 Pastoral&#8221;-Kolben, montiert und bemalt, ohne Clips oder Trennungen 95,00 &#8211; 10.325 Hirtenfrosch, montiert und bemalt, mit Teilern f\u00fcr 25 mm Rahmen 110,00 &#8211; 10.350 Montierter und bemalter &#8220;pastoraler&#8221; Frosch, + 11 Rahmen 25 mm mit Wachs 175,00 [&hellip;]<\/p>\n","protected":false},"featured_media":13437,"template":"","meta":{"_uf_show_specific_survey":0,"_uf_disable_surveys":false},"product_cat":[102],"product_tag":[],"aioseo_notices":[],"_links":{"self":[{"href":"https:\/\/apimat.ch\/de\/wp-json\/wp\/v2\/product\/13581"}],"collection":[{"href":"https:\/\/apimat.ch\/de\/wp-json\/wp\/v2\/product"}],"about":[{"href":"https:\/\/apimat.ch\/de\/wp-json\/wp\/v2\/types\/product"}],"wp:featuredmedia":[{"embeddable":true,"href":"https:\/\/apimat.ch\/de\/wp-json\/wp\/v2\/media\/13437"}],"wp:attachment":[{"href":"https:\/\/apimat.ch\/de\/wp-json\/wp\/v2\/media?parent=13581"}],"wp:term":[{"taxonomy":"product_cat","embeddable":true,"href":"https:\/\/apimat.ch\/de\/wp-json\/wp\/v2\/product_cat?post=13581"},{"taxonomy":"product_tag","embeddable":true,"href":"https:\/\/apimat.ch\/de\/wp-json\/wp\/v2\/product_tag?post=13581"}],"curies":[{"name":"wp","href":"https:\/\/api.w.org\/{rel}","templated":true}]}}