{"id":13635,"date":"2021-06-24T14:52:22","date_gmt":"2021-06-24T12:56:26","guid":{"rendered":"https:\/\/apimat.ch\/?post_type=product&#038;p=13635"},"modified":"2022-09-02T11:40:47","modified_gmt":"2022-09-02T09:40:47","slug":"einhand-kolbenkaefig-zur-markierung-von-koeniginnen","status":"publish","type":"product","link":"https:\/\/apimat.ch\/de\/produit\/einhand-kolbenkaefig-zur-markierung-von-koeniginnen\/","title":{"rendered":"Einhand K\u00f6niginnen Zeichenf\u00e4nger  &#8211; original Apimondia"},"content":{"rendered":"<p>Einhand K\u00f6niginnen Zeichenf\u00e4nger &#8211; original Apimondia<\/p>\n<div class=\"content--title\">\n<p><strong>DIE PREISE SIND JE NACH MENGE DEGRESSIV.<\/strong><\/p>\n<\/div>\n<p><strong>F\u00fcr weitere Informationen kontaktieren Sie mich bitte.<\/strong><\/p>\n<p><a href=\"mailto:info@apimat.ch\"><strong>info@apimat.ch<\/strong><\/a><\/p>\n<p><strong>Telefon: 076 213 80 33<\/strong><\/p>\n","protected":false},"excerpt":{"rendered":"<p>Einhand K\u00f6niginnen Zeichenf\u00e4nger &#8211; original Apimondia DIE PREISE SIND JE NACH MENGE DEGRESSIV. F\u00fcr weitere Informationen kontaktieren Sie mich bitte. info@apimat.ch Telefon: 076 213 80 33<\/p>\n","protected":false},"featured_media":13630,"template":"","meta":{"_uf_show_specific_survey":0,"_uf_disable_surveys":false},"product_cat":[95],"product_tag":[],"aioseo_notices":[],"_links":{"self":[{"href":"https:\/\/apimat.ch\/de\/wp-json\/wp\/v2\/product\/13635"}],"collection":[{"href":"https:\/\/apimat.ch\/de\/wp-json\/wp\/v2\/product"}],"about":[{"href":"https:\/\/apimat.ch\/de\/wp-json\/wp\/v2\/types\/product"}],"wp:featuredmedia":[{"embeddable":true,"href":"https:\/\/apimat.ch\/de\/wp-json\/wp\/v2\/media\/13630"}],"wp:attachment":[{"href":"https:\/\/apimat.ch\/de\/wp-json\/wp\/v2\/media?parent=13635"}],"wp:term":[{"taxonomy":"product_cat","embeddable":true,"href":"https:\/\/apimat.ch\/de\/wp-json\/wp\/v2\/product_cat?post=13635"},{"taxonomy":"product_tag","embeddable":true,"href":"https:\/\/apimat.ch\/de\/wp-json\/wp\/v2\/product_tag?post=13635"}],"curies":[{"name":"wp","href":"https:\/\/api.w.org\/{rel}","templated":true}]}}