{"id":13876,"date":"2021-07-21T10:14:13","date_gmt":"2021-07-21T10:30:51","guid":{"rendered":"https:\/\/apimat.ch\/?post_type=product&#038;p=13876"},"modified":"2021-12-19T17:48:00","modified_gmt":"2021-12-19T16:48:00","slug":"oxuvar-57-spruehbehandlung-und-traeufelbehandlung-gegen-varroa","status":"publish","type":"product","link":"https:\/\/apimat.ch\/de\/produit\/oxuvar-57-spruehbehandlung-und-traeufelbehandlung-gegen-varroa\/","title":{"rendered":"OXUVAR\u00ae 5,7% Spr\u00fchbehandlung und Tr\u00e4ufelbehandlung gegen Varroa"},"content":{"rendered":"<div class=\"product-name\">\n<h2>OXUVAR\u00ae 5,7% Spr\u00fchbehandlung und Tr\u00e4ufelbehandlung gegen Varroa<\/h2>\n<\/div>\n<div class=\"short-description\">\n<div class=\"std\">\n<p><strong>1 Produkt, 2 Anwendungen, im Sommer und\/oder als Winterbehandlung<br \/>\n<\/strong>OXUVAR<sup>\u00ae<\/sup>\u00a05,7% ist eine konzentrierte L\u00f6sung f\u00fcr die Sommerbehandlung der Varroose. Einfach in der Flasche mit\u00a0<strong>Trinkwasser verd\u00fcnnen<\/strong>. Die neu zubereitete Spr\u00fchl\u00f6sung f\u00fcr die Sommerbehandlung enth\u00e4lt jetzt 3,0% Oxals\u00e4ure-Dihydrat zum Bespr\u00fchen von\u00a0<strong>Schw\u00e4rmen, Ablegern und brutfreien Wirtschaftsv\u00f6lkern.<\/strong><\/p>\n<p>Oxuvar\u00a05,7% ist eine konzentrierte L\u00f6sung f\u00fcr die Winterbehandlung der Varroose. Einfach das Konzentrat in der Flasche\u00a0<strong>1 zu 1 mit Zucker mischen<\/strong>. Die neu zubereitete Tr\u00e4ufell\u00f6sung f\u00fcr die Winterbehandlung enth\u00e4lt jetzt 3,5% Oxals\u00e4ure-Dihydrat zum\u00a0<strong>Tr\u00e4ufeln\u00a0<\/strong>auf\u00a0<strong>brutfreie V\u00f6lker<\/strong>.\u00a0Im Sommer\u00a0wird\u00a0Oxuvar\u00a05,7% f\u00fcr eine Spr\u00fchbehandlung mit Wasser verd\u00fcnnt. Die neu zubereitete Spr\u00fchl\u00f6sung enth\u00e4lt jetzt 3,0% Oxals\u00e4ure-Dihydrat zum Spr\u00fchen von Schw\u00e4rmen, Kunstschw\u00e4rmen, Ablegern und brutfreien V\u00f6lkern.<\/p>\n<h3><strong>download instructions =&gt; <a href=\"https:\/\/apimat.ch\/wp-content\/uploads\/2021\/07\/OXUVAR-DE.pdf\">OXUVAR DE<\/a><\/strong><\/h3>\n<h3><\/h3>\n<h3>Winterbehandlung<\/h3>\n<div class='avia-iframe-wrap'><iframe loading=\"lazy\" title=\"OXUVAR\u00ae - Bienenarzneimittel zur Varroabehandlung\" width=\"1500\" height=\"844\" src=\"https:\/\/www.youtube.com\/embed\/zHmD0aZPd64?feature=oembed\" frameborder=\"0\" allow=\"accelerometer; autoplay; clipboard-write; encrypted-media; gyroscope; picture-in-picture\" allowfullscreen><\/iframe><\/div>\n<h3>Behandlung im Sommer<\/h3>\n<div class='avia-iframe-wrap'><iframe loading=\"lazy\" title=\"OXUVAR\u00ae 5,7% \u2013 Spr\u00fchl\u00f6sung f\u00fcr Schw\u00e4rme und brutfreie V\u00f6lker\" width=\"1500\" height=\"844\" src=\"https:\/\/www.youtube.com\/embed\/rcXjvZCE7EQ?feature=oembed\" frameborder=\"0\" allow=\"accelerometer; autoplay; clipboard-write; encrypted-media; gyroscope; picture-in-picture\" allowfullscreen><\/iframe><\/div>\n<p><strong>DIE PREISE SIND JE NACH MENGE DEGRESSIV.<\/strong><\/p>\n<p><strong>F\u00fcr weitere Informationen kontaktieren Sie mich bitte.<\/strong><\/p>\n<p><a href=\"mailto:info@apimat.ch\"><strong>info@apimat.ch<\/strong><\/a><\/p>\n<p><strong>Telefon: 076 213 80 33<\/strong><\/p>\n<\/div>\n<\/div>\n","protected":false},"excerpt":{"rendered":"<p>OXUVAR\u00ae 5,7% Spr\u00fchbehandlung und Tr\u00e4ufelbehandlung gegen Varroa 1 Produkt, 2 Anwendungen, im Sommer und\/oder als Winterbehandlung OXUVAR\u00ae\u00a05,7% ist eine konzentrierte L\u00f6sung f\u00fcr die Sommerbehandlung der Varroose. Einfach in der Flasche mit\u00a0Trinkwasser verd\u00fcnnen. Die neu zubereitete Spr\u00fchl\u00f6sung f\u00fcr die Sommerbehandlung enth\u00e4lt jetzt 3,0% Oxals\u00e4ure-Dihydrat zum Bespr\u00fchen von\u00a0Schw\u00e4rmen, Ablegern und brutfreien Wirtschaftsv\u00f6lkern. Oxuvar\u00a05,7% ist eine konzentrierte L\u00f6sung [&hellip;]<\/p>\n","protected":false},"featured_media":15014,"template":"","meta":{"_uf_show_specific_survey":0,"_uf_disable_surveys":false},"product_cat":[406],"product_tag":[],"aioseo_notices":[],"_links":{"self":[{"href":"https:\/\/apimat.ch\/de\/wp-json\/wp\/v2\/product\/13876"}],"collection":[{"href":"https:\/\/apimat.ch\/de\/wp-json\/wp\/v2\/product"}],"about":[{"href":"https:\/\/apimat.ch\/de\/wp-json\/wp\/v2\/types\/product"}],"wp:featuredmedia":[{"embeddable":true,"href":"https:\/\/apimat.ch\/de\/wp-json\/wp\/v2\/media\/15014"}],"wp:attachment":[{"href":"https:\/\/apimat.ch\/de\/wp-json\/wp\/v2\/media?parent=13876"}],"wp:term":[{"taxonomy":"product_cat","embeddable":true,"href":"https:\/\/apimat.ch\/de\/wp-json\/wp\/v2\/product_cat?post=13876"},{"taxonomy":"product_tag","embeddable":true,"href":"https:\/\/apimat.ch\/de\/wp-json\/wp\/v2\/product_tag?post=13876"}],"curies":[{"name":"wp","href":"https:\/\/api.w.org\/{rel}","templated":true}]}}