{"id":14116,"date":"2021-09-25T12:53:07","date_gmt":"2021-09-25T10:56:25","guid":{"rendered":"https:\/\/apimat.ch\/?post_type=product&#038;p=14116"},"modified":"2021-12-26T21:43:22","modified_gmt":"2021-12-26T20:43:22","slug":"thermo-luftpolsterfolie-luftblase-mit-aluminiumbeschichtung","status":"publish","type":"product","link":"https:\/\/apimat.ch\/de\/produit\/thermo-luftpolsterfolie-luftblase-mit-aluminiumbeschichtung\/","title":{"rendered":"Thermo-Luftpolsterfolie &#8220;Luftblase&#8221; mit Aluminiumbeschichtung"},"content":{"rendered":"<h3>Thermo-Luftpolsterfolie &#8220;Luftblase&#8221; mit Aluminiumbeschichtung<\/h3>\n<p>Ideal f\u00fcr Komfort und W\u00e4rme f\u00fcr Ihre Bienen.<br \/>\nDiese mit Aluminium beschichtete Luftpolster-Matratze bietet eine Isolierung, die der von 80 mm Glaswolle entspricht.<\/p>\n<p>Verkauft als Meterware. 120 cm hoch.<\/p>\n<p><strong>DIE PREISE SIND JE NACH MENGE DEGRESSIV.<\/strong><\/p>\n<p><strong>F\u00fcr weitere Informationen kontaktieren Sie mich bitte.<\/strong><\/p>\n<p><a href=\"mailto:info@apimat.ch\"><strong>info@apimat.ch<\/strong><\/a><\/p>\n<p><strong>Telefon: 076 213 80 33<\/strong><\/p>\n<p>&nbsp;<\/p>\n","protected":false},"excerpt":{"rendered":"<p>Thermo-Luftpolsterfolie &#8220;Luftblase&#8221; mit Aluminiumbeschichtung Ideal f\u00fcr Komfort und W\u00e4rme f\u00fcr Ihre Bienen. Diese mit Aluminium beschichtete Luftpolster-Matratze bietet eine Isolierung, die der von 80 mm Glaswolle entspricht. Verkauft als Meterware. 120 cm hoch. DIE PREISE SIND JE NACH MENGE DEGRESSIV. F\u00fcr weitere Informationen kontaktieren Sie mich bitte. info@apimat.ch Telefon: 076 213 80 33 &nbsp;<\/p>\n","protected":false},"featured_media":14114,"template":"","meta":{"_uf_show_specific_survey":0,"_uf_disable_surveys":false},"product_cat":[102],"product_tag":[],"aioseo_notices":[],"_links":{"self":[{"href":"https:\/\/apimat.ch\/de\/wp-json\/wp\/v2\/product\/14116"}],"collection":[{"href":"https:\/\/apimat.ch\/de\/wp-json\/wp\/v2\/product"}],"about":[{"href":"https:\/\/apimat.ch\/de\/wp-json\/wp\/v2\/types\/product"}],"wp:featuredmedia":[{"embeddable":true,"href":"https:\/\/apimat.ch\/de\/wp-json\/wp\/v2\/media\/14114"}],"wp:attachment":[{"href":"https:\/\/apimat.ch\/de\/wp-json\/wp\/v2\/media?parent=14116"}],"wp:term":[{"taxonomy":"product_cat","embeddable":true,"href":"https:\/\/apimat.ch\/de\/wp-json\/wp\/v2\/product_cat?post=14116"},{"taxonomy":"product_tag","embeddable":true,"href":"https:\/\/apimat.ch\/de\/wp-json\/wp\/v2\/product_tag?post=14116"}],"curies":[{"name":"wp","href":"https:\/\/api.w.org\/{rel}","templated":true}]}}