{"id":14138,"date":"2021-09-26T08:32:19","date_gmt":"2021-09-26T08:26:34","guid":{"rendered":"https:\/\/apimat.ch\/?post_type=product&#038;p=14138"},"modified":"2025-07-27T11:34:55","modified_gmt":"2025-07-27T09:34:55","slug":"oxalsaeure-verdampfer-oxalika-pro-easy-12-volt-spenderrohr-und-3-stopfen","status":"publish","type":"product","link":"https:\/\/apimat.ch\/de\/produit\/oxalsaeure-verdampfer-oxalika-pro-easy-12-volt-spenderrohr-und-3-stopfen\/","title":{"rendered":"Oxals\u00e4ure Verdampfer OXALIKA PRO EASY, 220V, Spenderrohr und 3 Stopfen"},"content":{"rendered":"<h3>Oxals\u00e4ure Verdampfer OXALIKA PRO EASY, 220V, Spenderrohr und 3 Stopfen<\/h3>\n<p>Der OXALIKA PRO EASY Sublimator f\u00fcr Oxals\u00e4ure f\u00fcr den professionellen Einsatz ist mit 3 Prozessanschl\u00fcssen ausgestattet.<br \/>\nAusgestattet mit einem Temperaturregler, erh\u00e4ltlich in 12 Volt, 110 Volt und 220 Volt und zertifiziert nach CE und RoHS.<\/p>\n<p><strong>Hohe Leistung 300-360 Watt <\/strong>(dadurch wird verhindert, dass das Ger\u00e4t bei wiederholten Behandlungen abk\u00fchlt und der Bediener warten muss, bis das Ger\u00e4t wieder die optimale Temperatur erreicht hat)<\/p>\n<p><strong>Elektrische Spannung 220 Volt.<\/strong><\/p>\n<p><strong>Anticorodal-Aluminiumkessel<\/strong> (garantiert eine gleichm\u00e4\u00dfigere Temperaturverteilung ohne Bildung von &#8220;hot spots&#8221; und &#8220;cold spots&#8221;. Die Sublimationszeit ist daher k\u00fcrzer (10 Sekunden f\u00fcr 1 Gramm Oxals\u00e4ure, 25 Sekunden f\u00fcr 2 Gramm Oxals\u00e4ure).<br \/>\nIsolierter Kessel (macht das Ger\u00e4t unempfindlich gegen niedrige Umgebungstemperaturen und Wind und schont die Batterie)<br \/>\n<strong>Auswechselbarer Diffusorschlauch<\/strong> f\u00fcr die Behandlung aus dem Kabelmantel oder aus der Flug\u00f6ffnung, einschlie\u00dflich Beuten mit der kleinen T\u00fcr, Kunststoff- und Polystyrolbeuten (mit entsprechendem Adapter).<br \/>\nDas Diffusorrohr ist gerade, was eine Verstopfung erschwert und auf jeden Fall leichter zu beheben ist.<br \/>\n<strong>Sehr robuste und zuverl\u00e4ssige Konstruktion.<\/strong><br \/>\nDurch den separaten Kauf des halbautomatischen Spenders kann das Modell OXALIKA PRO EASY in das Modell OXALIKA PRO FAST umgewandelt werden.<\/p>\n<p>Hier ist die in der Schweiz zugelassene Oxals\u00e4ure =&gt; <a href=\"https:\/\/apimat.ch\/produit\/varroxal-ad-us-vet-75-g\/\">https:\/\/apimat.ch\/produit\/varroxal-ad-us-vet-75-g\/<\/a><\/p>\n<p>&nbsp;<\/p>\n<div class='avia-iframe-wrap'><iframe loading=\"lazy\" title=\"Oxalika Pro Easy e Api-bioxal\" width=\"1500\" height=\"844\" src=\"https:\/\/www.youtube.com\/embed\/yh_FyA1NcTk?start=36&#038;feature=oembed\" frameborder=\"0\" allow=\"accelerometer; autoplay; clipboard-write; encrypted-media; gyroscope; picture-in-picture\" allowfullscreen><\/iframe><\/div>\n<p>&nbsp;<\/p>\n<p><strong>DIE PREISE SIND JE NACH MENGE DEGRESSIV.<\/strong><\/p>\n<p><strong>F\u00fcr weitere Informationen kontaktieren Sie mich bitte.<\/strong><\/p>\n<p><a href=\"mailto:info@apimat.ch\"><strong>info@apimat.ch<\/strong><\/a><\/p>\n<p><strong>Telefon: 076 213 80 33<\/strong><\/p>\n","protected":false},"excerpt":{"rendered":"<p>Oxals\u00e4ure Verdampfer OXALIKA PRO EASY, 220V, Spenderrohr und 3 Stopfen Der OXALIKA PRO EASY Sublimator f\u00fcr Oxals\u00e4ure f\u00fcr den professionellen Einsatz ist mit 3 Prozessanschl\u00fcssen ausgestattet. Ausgestattet mit einem Temperaturregler, erh\u00e4ltlich in 12 Volt, 110 Volt und 220 Volt und zertifiziert nach CE und RoHS. Hohe Leistung 300-360 Watt (dadurch wird verhindert, dass das Ger\u00e4t [&hellip;]<\/p>\n","protected":false},"featured_media":14123,"template":"","meta":{"_uf_show_specific_survey":0,"_uf_disable_surveys":false},"product_cat":[390],"product_tag":[],"aioseo_notices":[],"_links":{"self":[{"href":"https:\/\/apimat.ch\/de\/wp-json\/wp\/v2\/product\/14138"}],"collection":[{"href":"https:\/\/apimat.ch\/de\/wp-json\/wp\/v2\/product"}],"about":[{"href":"https:\/\/apimat.ch\/de\/wp-json\/wp\/v2\/types\/product"}],"wp:featuredmedia":[{"embeddable":true,"href":"https:\/\/apimat.ch\/de\/wp-json\/wp\/v2\/media\/14123"}],"wp:attachment":[{"href":"https:\/\/apimat.ch\/de\/wp-json\/wp\/v2\/media?parent=14138"}],"wp:term":[{"taxonomy":"product_cat","embeddable":true,"href":"https:\/\/apimat.ch\/de\/wp-json\/wp\/v2\/product_cat?post=14138"},{"taxonomy":"product_tag","embeddable":true,"href":"https:\/\/apimat.ch\/de\/wp-json\/wp\/v2\/product_tag?post=14138"}],"curies":[{"name":"wp","href":"https:\/\/api.w.org\/{rel}","templated":true}]}}