{"id":14250,"date":"2021-09-26T17:24:38","date_gmt":"2021-09-26T15:33:57","guid":{"rendered":"https:\/\/apimat.ch\/?post_type=product&#038;p=14250"},"modified":"2021-12-26T22:18:11","modified_gmt":"2021-12-26T21:18:11","slug":"bienenstands-schild-achtung-bienen-dreieckig-285-x-250-mm","status":"publish","type":"product","link":"https:\/\/apimat.ch\/de\/produit\/bienenstands-schild-achtung-bienen-dreieckig-285-x-250-mm\/","title":{"rendered":"Bienenstands Schild &#8220;Achtung Bienen&#8221;, dreieckig 285 x 250 mm"},"content":{"rendered":"<h3>Bienenstands Schild &#8220;Achtung Bienen&#8221;, dreieckig 285 x 250 mm<\/h3>\n<p>In \u00dcbereinstimmung mit den Vorschriften f\u00fcr die Bienenzucht warnt dieses Schild (dreieckiges Modell, starr 2 mm) Spazierg\u00e4nger vor dem Vorhandensein eines Bienenstocks in der N\u00e4he. Es wird auch vor der Gefahr von Bienenstichen gewarnt.<br \/>\nSchreiben Sie auf den leeren Teil der Tafel Ihre Bienenstocknummer.<\/p>\n<p>Abmessungen: 285 x 250 mm<\/p>\n<p><strong>DIE PREISE SIND JE NACH MENGE DEGRESSIV.<\/strong><\/p>\n<p><strong>F\u00fcr weitere Informationen kontaktieren Sie mich bitte.<\/strong><\/p>\n<p><a href=\"mailto:info@apimat.ch\"><strong>info@apimat.ch<\/strong><\/a><\/p>\n<p><strong>Telefon: 076 213 80 33<\/strong><\/p>\n","protected":false},"excerpt":{"rendered":"<p>Bienenstands Schild &#8220;Achtung Bienen&#8221;, dreieckig 285 x 250 mm In \u00dcbereinstimmung mit den Vorschriften f\u00fcr die Bienenzucht warnt dieses Schild (dreieckiges Modell, starr 2 mm) Spazierg\u00e4nger vor dem Vorhandensein eines Bienenstocks in der N\u00e4he. Es wird auch vor der Gefahr von Bienenstichen gewarnt. Schreiben Sie auf den leeren Teil der Tafel Ihre Bienenstocknummer. Abmessungen: 285 [&hellip;]<\/p>\n","protected":false},"featured_media":14237,"template":"","meta":{"_uf_show_specific_survey":0,"_uf_disable_surveys":false},"product_cat":[98],"product_tag":[],"aioseo_notices":[],"_links":{"self":[{"href":"https:\/\/apimat.ch\/de\/wp-json\/wp\/v2\/product\/14250"}],"collection":[{"href":"https:\/\/apimat.ch\/de\/wp-json\/wp\/v2\/product"}],"about":[{"href":"https:\/\/apimat.ch\/de\/wp-json\/wp\/v2\/types\/product"}],"wp:featuredmedia":[{"embeddable":true,"href":"https:\/\/apimat.ch\/de\/wp-json\/wp\/v2\/media\/14237"}],"wp:attachment":[{"href":"https:\/\/apimat.ch\/de\/wp-json\/wp\/v2\/media?parent=14250"}],"wp:term":[{"taxonomy":"product_cat","embeddable":true,"href":"https:\/\/apimat.ch\/de\/wp-json\/wp\/v2\/product_cat?post=14250"},{"taxonomy":"product_tag","embeddable":true,"href":"https:\/\/apimat.ch\/de\/wp-json\/wp\/v2\/product_tag?post=14250"}],"curies":[{"name":"wp","href":"https:\/\/api.w.org\/{rel}","templated":true}]}}