{"id":14488,"date":"2021-10-04T10:04:39","date_gmt":"2021-10-04T09:49:47","guid":{"rendered":"https:\/\/apimat.ch\/?post_type=product&#038;p=14488"},"modified":"2021-12-27T12:56:16","modified_gmt":"2021-12-27T11:56:16","slug":"premium-honigruehrmischer-1800-w-m14","status":"publish","type":"product","link":"https:\/\/apimat.ch\/de\/produit\/premium-honigruehrmischer-1800-w-m14\/","title":{"rendered":"Premium Honigr\u00fchrmischer 1800 W-M14"},"content":{"rendered":"<h3>Premium Honigr\u00fchrmischer 1800 W-M14<\/h3>\n<p>Leistungsstarker tragbarer Mixer f\u00fcr Honig und andere past\u00f6se Produkte!<\/p>\n<p>Sobald die Kristallisation begonnen hat, muss wiederholt (in genauen Abst\u00e4nden) gemischt werden, um einen cremigen Honig zu erhalten. Seine Schaufeln vermischen das Honig-Samen-Gemisch perfekt, was zu einer homogenen Mischung f\u00fchrt. Dadurch wird der Honig beim Verzehr attraktiver und l\u00e4sst sich leichter verteilen.<\/p>\n<p>Diese Maschine verf\u00fcgt \u00fcber einen Motor mit variabler Drehzahl (1800 W): 150 bis 300 U\/min und 300 bis 650 U\/min. Es ist mit Trommeln oder Reifern kompatibel.<br \/>\nDie Leichtigkeit des Mixers und seine ergonomischen Griffe verbessern Ihren Arbeitskomfort.<\/p>\n<h3>Geliefert mit 1 verzinkten Mixer f\u00fcr Sirup.<\/h3>\n<h3><a href=\"https:\/\/apimat.ch\/de\/produit\/honigruehrstab-mielice-aus-edelstahl-fuer-zweihand-honig-ruehrwerk-premium-1800-w-m14-anschluss\/\"><br \/>\nZum Mischen des Honigs muss unbedingt ein Propeller aus rostfreiem Stahl verwendet werden =&gt;1 Honigr\u00fchrstab Mielice aus Edelstahl =&gt;https:\/\/apimat.ch\/de\/produit\/honigruehrstab-mielice-aus-edelstahl-fuer-zweihand-honig-ruehrwerk-premium-1800-w-m14-anschluss\/<\/a><\/h3>\n<p><strong>DEGRESSIVE PREISE JE NACH MENGE.<\/strong><\/p>\n<p><strong>F\u00fcr weitere Informationen kontaktieren Sie mich bitte.<\/strong><\/p>\n<p><a href=\"mailto:info@apimat.ch\"><strong>info@apimat.ch<\/strong><\/a><\/p>\n<p><strong>Telefon: 076 213 80 33<\/strong><\/p>\n","protected":false},"excerpt":{"rendered":"<p>Premium Honigr\u00fchrmischer 1800 W-M14 Leistungsstarker tragbarer Mixer f\u00fcr Honig und andere past\u00f6se Produkte! Sobald die Kristallisation begonnen hat, muss wiederholt (in genauen Abst\u00e4nden) gemischt werden, um einen cremigen Honig zu erhalten. Seine Schaufeln vermischen das Honig-Samen-Gemisch perfekt, was zu einer homogenen Mischung f\u00fchrt. Dadurch wird der Honig beim Verzehr attraktiver und l\u00e4sst sich leichter verteilen. [&hellip;]<\/p>\n","protected":false},"featured_media":14466,"template":"","meta":{"_uf_show_specific_survey":0,"_uf_disable_surveys":false},"product_cat":[108],"product_tag":[],"aioseo_notices":[],"_links":{"self":[{"href":"https:\/\/apimat.ch\/de\/wp-json\/wp\/v2\/product\/14488"}],"collection":[{"href":"https:\/\/apimat.ch\/de\/wp-json\/wp\/v2\/product"}],"about":[{"href":"https:\/\/apimat.ch\/de\/wp-json\/wp\/v2\/types\/product"}],"wp:featuredmedia":[{"embeddable":true,"href":"https:\/\/apimat.ch\/de\/wp-json\/wp\/v2\/media\/14466"}],"wp:attachment":[{"href":"https:\/\/apimat.ch\/de\/wp-json\/wp\/v2\/media?parent=14488"}],"wp:term":[{"taxonomy":"product_cat","embeddable":true,"href":"https:\/\/apimat.ch\/de\/wp-json\/wp\/v2\/product_cat?post=14488"},{"taxonomy":"product_tag","embeddable":true,"href":"https:\/\/apimat.ch\/de\/wp-json\/wp\/v2\/product_tag?post=14488"}],"curies":[{"name":"wp","href":"https:\/\/api.w.org\/{rel}","templated":true}]}}