{"id":14493,"date":"2021-10-04T10:34:30","date_gmt":"2021-10-04T09:54:19","guid":{"rendered":"https:\/\/apimat.ch\/?post_type=product&#038;p=14493"},"modified":"2025-06-07T09:31:06","modified_gmt":"2025-06-07T07:31:06","slug":"honigmischer-mielice-inox-fuer-premium-honigmischer-1800-w-m14-anschluss","status":"publish","type":"product","link":"https:\/\/apimat.ch\/de\/produit\/honigmischer-mielice-inox-fuer-premium-honigmischer-1800-w-m14-anschluss\/","title":{"rendered":"Honigmischer Mielice INOX f\u00fcr Premium Honigmischer 1800 W ( Dreiecksverbindung )"},"content":{"rendered":"<h3>Honigmischer Mielice INOX f\u00fcr Premium Honigmischer 1800 W (M14-Anschluss)<\/h3>\n<p>Gute Griffigkeit und einfache Handhabung!<\/p>\n<p>Mit diesem Honigmixer aus Edelstahl k\u00f6nnen Sie einen fl\u00fcssigen oder cremigen Honig herstellen, der sich leicht verteilen l\u00e4sst.<br \/>\nL\u00e4nge des Stiels: 600 mm.<\/p>\n<p>Das Ergebnis ist ein cremiger Honig, der vollkommen homogen ist. Beim Verzehr ist der Honig attraktiver und l\u00e4sst sich leichter verteilen.<\/p>\n<p><strong>DEGRESSIVE PREISE JE NACH MENGE.<\/strong><\/p>\n<p><strong>F\u00fcr weitere Informationen kontaktieren Sie mich bitte.<\/strong><\/p>\n<p><a href=\"mailto:info@apimat.ch\"><strong>info@apimat.ch<\/strong><\/a><\/p>\n<p><strong>Telefon: 076 213 80 33<\/strong><\/p>\n","protected":false},"excerpt":{"rendered":"<p>Honigmischer Mielice INOX f\u00fcr Premium Honigmischer 1800 W (M14-Anschluss) Gute Griffigkeit und einfache Handhabung! Mit diesem Honigmixer aus Edelstahl k\u00f6nnen Sie einen fl\u00fcssigen oder cremigen Honig herstellen, der sich leicht verteilen l\u00e4sst. L\u00e4nge des Stiels: 600 mm. Das Ergebnis ist ein cremiger Honig, der vollkommen homogen ist. Beim Verzehr ist der Honig attraktiver und l\u00e4sst [&hellip;]<\/p>\n","protected":false},"featured_media":14473,"template":"","meta":{"_uf_show_specific_survey":0,"_uf_disable_surveys":false},"product_cat":[108],"product_tag":[],"aioseo_notices":[],"_links":{"self":[{"href":"https:\/\/apimat.ch\/de\/wp-json\/wp\/v2\/product\/14493"}],"collection":[{"href":"https:\/\/apimat.ch\/de\/wp-json\/wp\/v2\/product"}],"about":[{"href":"https:\/\/apimat.ch\/de\/wp-json\/wp\/v2\/types\/product"}],"wp:featuredmedia":[{"embeddable":true,"href":"https:\/\/apimat.ch\/de\/wp-json\/wp\/v2\/media\/14473"}],"wp:attachment":[{"href":"https:\/\/apimat.ch\/de\/wp-json\/wp\/v2\/media?parent=14493"}],"wp:term":[{"taxonomy":"product_cat","embeddable":true,"href":"https:\/\/apimat.ch\/de\/wp-json\/wp\/v2\/product_cat?post=14493"},{"taxonomy":"product_tag","embeddable":true,"href":"https:\/\/apimat.ch\/de\/wp-json\/wp\/v2\/product_tag?post=14493"}],"curies":[{"name":"wp","href":"https:\/\/api.w.org\/{rel}","templated":true}]}}