{"id":14531,"date":"2021-10-08T06:40:13","date_gmt":"2021-10-08T05:11:44","guid":{"rendered":"https:\/\/apimat.ch\/?post_type=product&#038;p=14531"},"modified":"2021-10-08T07:11:44","modified_gmt":"2021-10-08T05:11:44","slug":"messbecher-saeurenbestaendig-mit-skala-150-ml","status":"publish","type":"product","link":"https:\/\/apimat.ch\/de\/produit\/messbecher-saeurenbestaendig-mit-skala-150-ml\/","title":{"rendered":"Messbecher s\u00e4urenbest\u00e4ndig mit Skala 150 ml"},"content":{"rendered":"<h3>Messbecher s\u00e4urenbest\u00e4ndig mit Skala 150 ml<\/h3>\n<p>Einfache und genaue Abmessung der S\u00e4uren f\u00fcr eine sichere Behandlung.<\/p>\n<p class=\"p1\"><b>DEGRESSIVE PREISE JE NACH MENGE.<\/b><\/p>\n<p class=\"p1\"><b>F\u00fcr weitere Informationen kontaktieren Sie mich bitte.<\/b><\/p>\n<p class=\"p2\"><span class=\"s1\"><a href=\"mailto:info@apimat.ch\"><b>info@apimat.ch<\/b><\/a><\/span><\/p>\n<p class=\"p1\"><b>Telefon: 076 213 80 33<\/b><\/p>\n","protected":false},"excerpt":{"rendered":"<p>Messbecher s\u00e4urenbest\u00e4ndig mit Skala 150 ml Einfache und genaue Abmessung der S\u00e4uren f\u00fcr eine sichere Behandlung. DEGRESSIVE PREISE JE NACH MENGE. F\u00fcr weitere Informationen kontaktieren Sie mich bitte. info@apimat.ch Telefon: 076 213 80 33<\/p>\n","protected":false},"featured_media":14984,"template":"","meta":{"_uf_show_specific_survey":0,"_uf_disable_surveys":false},"product_cat":[406],"product_tag":[],"aioseo_notices":[],"_links":{"self":[{"href":"https:\/\/apimat.ch\/de\/wp-json\/wp\/v2\/product\/14531"}],"collection":[{"href":"https:\/\/apimat.ch\/de\/wp-json\/wp\/v2\/product"}],"about":[{"href":"https:\/\/apimat.ch\/de\/wp-json\/wp\/v2\/types\/product"}],"wp:featuredmedia":[{"embeddable":true,"href":"https:\/\/apimat.ch\/de\/wp-json\/wp\/v2\/media\/14984"}],"wp:attachment":[{"href":"https:\/\/apimat.ch\/de\/wp-json\/wp\/v2\/media?parent=14531"}],"wp:term":[{"taxonomy":"product_cat","embeddable":true,"href":"https:\/\/apimat.ch\/de\/wp-json\/wp\/v2\/product_cat?post=14531"},{"taxonomy":"product_tag","embeddable":true,"href":"https:\/\/apimat.ch\/de\/wp-json\/wp\/v2\/product_tag?post=14531"}],"curies":[{"name":"wp","href":"https:\/\/api.w.org\/{rel}","templated":true}]}}