{"id":14534,"date":"2021-10-08T06:54:06","date_gmt":"2021-10-08T05:14:09","guid":{"rendered":"https:\/\/apimat.ch\/?post_type=product&#038;p=14534"},"modified":"2021-10-08T07:32:45","modified_gmt":"2021-10-08T05:32:45","slug":"spritze-60-ml","status":"publish","type":"product","link":"https:\/\/apimat.ch\/de\/produit\/spritze-60-ml\/","title":{"rendered":"Spritze 60 ml"},"content":{"rendered":"<h3>Spritze 60 ml<\/h3>\n<p>Diese besonders leichtg\u00e4ngige Spritze erlaubt dem Imker auch mit Handschuhen ein ruckfreies dosieren der OXUVAR<sup>\u00ae<\/sup>\u00a0L\u00f6sung. Die \u00d6ffnung der Spritze erlaubt gleichm\u00e4ssig grosse Tropfen genau auf die Bienen zwischen den Wabengassen zu spenden. Die gut lesbaren Markierungen an der Spritze erlauben auch bei schlechten Lichtverh\u00e4ltnissen eine genaue Dosierung.<\/p>\n<p><strong>Sonstige Hinweise<br \/>\n<\/strong>Der Umgang mit Oxals\u00e4ure fordert grosse Vorsicht. In jedem Fall Schutzbrille, s\u00e4urefeste Handschuhe und lang\u00e4rmlige Bekleidung tragen.<\/p>\n<p class=\"p1\"><b>DEGRESSIVE PREISE JE NACH MENGE.<\/b><\/p>\n<p class=\"p1\"><b>F\u00fcr weitere Informationen kontaktieren Sie mich bitte.<\/b><\/p>\n<p class=\"p2\"><span class=\"s1\"><a href=\"mailto:info@apimat.ch\"><b>info@apimat.ch<\/b><\/a><\/span><\/p>\n<p class=\"p1\"><b>Telefon: 076 213 80 33<\/b><\/p>\n","protected":false},"excerpt":{"rendered":"<p>Spritze 60 ml Diese besonders leichtg\u00e4ngige Spritze erlaubt dem Imker auch mit Handschuhen ein ruckfreies dosieren der OXUVAR\u00ae\u00a0L\u00f6sung. Die \u00d6ffnung der Spritze erlaubt gleichm\u00e4ssig grosse Tropfen genau auf die Bienen zwischen den Wabengassen zu spenden. Die gut lesbaren Markierungen an der Spritze erlauben auch bei schlechten Lichtverh\u00e4ltnissen eine genaue Dosierung. Sonstige Hinweise Der Umgang mit [&hellip;]<\/p>\n","protected":false},"featured_media":14526,"template":"","meta":{"_uf_show_specific_survey":0,"_uf_disable_surveys":false},"product_cat":[406],"product_tag":[],"aioseo_notices":[],"_links":{"self":[{"href":"https:\/\/apimat.ch\/de\/wp-json\/wp\/v2\/product\/14534"}],"collection":[{"href":"https:\/\/apimat.ch\/de\/wp-json\/wp\/v2\/product"}],"about":[{"href":"https:\/\/apimat.ch\/de\/wp-json\/wp\/v2\/types\/product"}],"wp:featuredmedia":[{"embeddable":true,"href":"https:\/\/apimat.ch\/de\/wp-json\/wp\/v2\/media\/14526"}],"wp:attachment":[{"href":"https:\/\/apimat.ch\/de\/wp-json\/wp\/v2\/media?parent=14534"}],"wp:term":[{"taxonomy":"product_cat","embeddable":true,"href":"https:\/\/apimat.ch\/de\/wp-json\/wp\/v2\/product_cat?post=14534"},{"taxonomy":"product_tag","embeddable":true,"href":"https:\/\/apimat.ch\/de\/wp-json\/wp\/v2\/product_tag?post=14534"}],"curies":[{"name":"wp","href":"https:\/\/api.w.org\/{rel}","templated":true}]}}